{"id":54153,"date":"2025-08-08T09:59:32","date_gmt":"2025-08-08T07:59:32","guid":{"rendered":"https:\/\/hapmh.mindd.dev\/?page_id=54153"},"modified":"2025-12-02T09:12:16","modified_gmt":"2025-12-02T08:12:16","slug":"maliyet-gp-bakim-onur-on-hh","status":"publish","type":"page","link":"https:\/\/huisartsenspoedpostmiddenholland.nl\/tr\/maliyet-gp-bakim-onur-on-hh\/","title":{"rendered":"Huisartsenspoedpost Midden-Holland (HAP MH)&#8217;de aile hekimisi bak\u0131m\u0131 ne kadar tutar?"},"content":{"rendered":"\n<h2 class=\"wp-block-heading\">1 Ocak 2026 tarihinden itibaren ge\u00e7erli<\/h2>\n\n\n\n<figure class=\"wp-block-table\"><table class=\"has-fixed-layout\"><thead><tr><th>Tan\u0131m<\/th><th>Oran\u0131<\/th><\/tr><\/thead><tbody><tr><td>Triage dan\u0131\u015fmanl\u0131\u011f\u0131 TR<\/td><td>\u20ac35.00<\/td><\/tr><tr><td>Fiziksel\/dijital dan\u0131\u015fmanl\u0131k<br>HA\/USA\/PA\/SOH<\/td><td>\u20ac214.03<\/td><\/tr><tr><td>HA\/US\/PA Ziyareti<\/td><td>\u20ac321.05<\/td><\/tr><\/tbody><\/table><\/figure>\n\n\n\n<h2 class=\"wp-block-heading\">1 Ocak 2025 tarihinden itibaren ge\u00e7erli<\/h2>\n\n\n\n<figure class=\"wp-block-table\"><table class=\"has-fixed-layout\"><thead><tr><th>Tan\u0131m<\/th><th>Oran\u0131<\/th><\/tr><\/thead><tbody><tr><td>Triage dan\u0131\u015fmanl\u0131\u011f\u0131 TR<\/td><td>\u20ac35.00<\/td><\/tr><tr><td>Fiziksel\/dijital dan\u0131\u015fmanl\u0131k<br>HA\/USA\/PA\/SOH<\/td><td>\u20ac172.27<\/td><\/tr><tr><td>HA\/US\/PA Ziyareti<\/td><td>\u20ac258.41<\/td><\/tr><\/tbody><\/table><\/figure>\n\n\n\n<p>Yukar\u0131daki tarifeler Pazartesi&#8217;den Cuma&#8217;ya 18:00-08:00 saatleri aras\u0131nda ve hafta sonlar\u0131 ile resmi tatillerde t\u00fcm g\u00fcn ge\u00e7erlidir.&nbsp;<br>\u00dccretler Hollanda Sa\u011fl\u0131k Kurumu (NZa) taraf\u0131ndan belirlenmektedir.<\/p>\n\n\n\n<p><\/p>\n\n\n\n<h2 class=\"wp-block-heading\">Nas\u0131l \u00f6deyebilirsin?<\/h2>\n\n\n\n<h4 class=\"wp-block-heading\">1. Sa\u011fl\u0131k sigortan\u0131z var<\/h4>\n\n\n\n<p>Huisartsenspoedpost Midden-Holland (HAP MH) (Huisartsenspoedpost Midden-Holland (HAP MH)) ile olan t\u00fcm temas\u0131zlar \u00fccretlendirilecektir.&nbsp;Sigorta detaylar\u0131n\u0131zla m\u00fcmk\u00fcnse, do\u011frudan sa\u011fl\u0131k sigortac\u0131n\u0131zdan talep talep edebiliriz.&nbsp;<\/p>\n\n\n\n<p>Bu nedenle, Huisartsenspoedpost Midden-Holland (HAP MH) ile ileti\u015fime ge\u00e7ti\u011finizde do\u011fru adresinizi ve sigorta bilgilerinizi elinizde bulundurdu\u011funuzdan emin olun; b\u00f6ylece faturay\u0131 do\u011frudan sa\u011fl\u0131k sigortac\u0131n\u0131za g\u00f6nderebiliriz.<\/p>\n\n\n\n<h4 class=\"wp-block-heading\">2. Sa\u011fl\u0131k sigortan\u0131z yok ya da sa\u011fl\u0131k sigortan\u0131z bizim taraf\u0131ndan bilinmiyor<\/h4>\n\n\n\n<p>E\u011fer sa\u011fl\u0131k sigortan\u0131z yoksa veya bizim bildi\u011fimiz bir \u015fey yoksa, faturay\u0131 do\u011frudan nakit veya Huisartsenspoedpost Midden-Holland (HAP MH) ATM&#8217;si \u00fczerinden \u00f6demeniz gerekir.&nbsp;<\/p>\n\n\n\n<p>Huisartsenspoedpost Midden-Holland (HAP MH) ile bildiremeyece\u011fimiz&nbsp;&nbsp;bir ileti\u015fim masraf\u0131, bildi\u011fimiz ev adresine g\u00f6nderdi\u011fimiz bir fatura \u00fczerinden hesaplanacakt\u0131r.&nbsp;(Hat\u0131rlat\u0131c\u0131) faturam\u0131za yan\u0131t almazsak, bir tahsilat ajans\u0131 \u00e7a\u011f\u0131rmak zorunda kal\u0131yoruz.<\/p>\n\n\n\n<p><strong>Tahsilat masraflar\u0131ndan ka\u00e7\u0131n\u0131n ve Huisartsenspoedpost Midden-Holland (HAP MH) ile ileti\u015fime ge\u00e7ti\u011finizde do\u011fru adres ve telefon numaran\u0131z\u0131 elinizde bulundurdu\u011funuzdan emin olun.&nbsp;Adres bilgilerinizi de bize <a href=\"mailto:Huisartsenspoedpost Midden-Holland (HAP MH) @hapmh.nl\">Huisartsenspoedpost Midden-Holland (HAP MH) @hapmh.nl<\/a> adresinden e-posta&nbsp;yoluyla g\u00f6nderebilirsiniz.<\/strong><\/p>\n\n\n\n<p class=\"has-vivid-red-color has-text-color has-link-color wp-elements-c594158478ef44a488afce8db7309133\"><strong>Bir hasta kons\u00fclsiyona gelmezse, triage g\u00f6r\u00fc\u015fmesi \u00fccretlendirilecektir.<\/strong><\/p>\n","protected":false},"excerpt":{"rendered":"<p>1 Ocak 2026 tarihinden itibaren ge\u00e7erli Tan\u0131m Oran\u0131 Triage dan\u0131\u015fmanl\u0131\u011f\u0131 TR \u20ac35.00 Fiziksel\/dijital dan\u0131\u015fmanl\u0131kHA\/USA\/PA\/SOH \u20ac214.03 HA\/US\/PA Ziyareti \u20ac321.05 1 Ocak 2025 tarihinden itibaren ge\u00e7erli Tan\u0131m Oran\u0131 Triage dan\u0131\u015fmanl\u0131\u011f\u0131 TR \u20ac35.00 Fiziksel\/dijital dan\u0131\u015fmanl\u0131kHA\/USA\/PA\/SOH \u20ac172.27 HA\/US\/PA Ziyareti \u20ac258.41 Yukar\u0131daki tarifeler Pazartesi&#8217;den Cuma&#8217;ya 18:00-08:00 saatleri aras\u0131nda ve hafta sonlar\u0131 ile resmi tatillerde t\u00fcm g\u00fcn ge\u00e7erlidir.&nbsp;\u00dccretler Hollanda Sa\u011fl\u0131k Kurumu [&hellip;]<\/p>\n","protected":false},"author":3,"featured_media":0,"parent":0,"menu_order":0,"comment_status":"closed","ping_status":"closed","template":"","meta":{"_acf_changed":false,"_trash_the_other_posts":false,"editor_notices":[],"footnotes":""},"class_list":["post-54153","page","type-page","status-publish","hentry"],"acf":[],"yoast_head":"<!-- This site is optimized with the Yoast SEO plugin v26.6 - https:\/\/yoast.com\/wordpress\/plugins\/seo\/ -->\n<title>Huisartsenspoedpost Midden-Holland (HAP MH)&#039;de aile hekimisi bak\u0131m\u0131 ne kadar tutar? - Huisartsen Spoedpost Midden-Holland - T\u00fcrk\u00e7e<\/title>\n<meta name=\"robots\" content=\"index, follow, max-snippet:-1, max-image-preview:large, max-video-preview:-1\" \/>\n<link rel=\"canonical\" href=\"https:\/\/huisartsenspoedpostmiddenholland.nl\/tr\/maliyeti-gp-bakimi-at-hap-mh\/\" \/>\n<meta property=\"og:locale\" content=\"tr_TR\" \/>\n<meta property=\"og:type\" content=\"article\" \/>\n<meta property=\"og:title\" content=\"Huisartsenspoedpost Midden-Holland (HAP MH)&#039;de aile hekimisi bak\u0131m\u0131 ne kadar tutar? - Huisartsen Spoedpost Midden-Holland - T\u00fcrk\u00e7e\" \/>\n<meta property=\"og:description\" content=\"1 Ocak 2026 tarihinden itibaren ge\u00e7erli Tan\u0131m Oran\u0131 Triage dan\u0131\u015fmanl\u0131\u011f\u0131 TR \u20ac35.00 Fiziksel\/dijital dan\u0131\u015fmanl\u0131kHA\/USA\/PA\/SOH \u20ac214.03 HA\/US\/PA Ziyareti \u20ac321.05 1 Ocak 2025 tarihinden itibaren ge\u00e7erli Tan\u0131m Oran\u0131 Triage dan\u0131\u015fmanl\u0131\u011f\u0131 TR \u20ac35.00 Fiziksel\/dijital dan\u0131\u015fmanl\u0131kHA\/USA\/PA\/SOH \u20ac172.27 HA\/US\/PA Ziyareti \u20ac258.41 Yukar\u0131daki tarifeler Pazartesi&#8217;den Cuma&#8217;ya 18:00-08:00 saatleri aras\u0131nda ve hafta sonlar\u0131 ile resmi tatillerde t\u00fcm g\u00fcn ge\u00e7erlidir.&nbsp;\u00dccretler Hollanda Sa\u011fl\u0131k Kurumu [&hellip;]\" \/>\n<meta property=\"og:url\" content=\"https:\/\/huisartsenspoedpostmiddenholland.nl\/tr\/maliyeti-gp-bakimi-at-hap-mh\/\" \/>\n<meta property=\"og:site_name\" content=\"Huisartsen Spoedpost Midden-Holland - T\u00fcrk\u00e7e\" \/>\n<meta property=\"article:modified_time\" content=\"2025-12-02T08:12:16+00:00\" \/>\n<meta name=\"twitter:card\" content=\"summary_large_image\" \/>\n<script type=\"application\/ld+json\" class=\"yoast-schema-graph\">{\"@context\":\"https:\/\/schema.org\",\"@graph\":[{\"@type\":\"WebPage\",\"@id\":\"https:\/\/huisartsenspoedpostmiddenholland.nl\/tr\/maliyeti-gp-bakimi-at-hap-mh\/\",\"url\":\"https:\/\/huisartsenspoedpostmiddenholland.nl\/tr\/maliyeti-gp-bakimi-at-hap-mh\/\",\"name\":\"Huisartsenspoedpost Midden-Holland (HAP MH)'de aile hekimisi bak\u0131m\u0131 ne kadar tutar? - Huisartsen Spoedpost Midden-Holland - T\u00fcrk\u00e7e\",\"isPartOf\":{\"@id\":\"https:\/\/huisartsenspoedpostmiddenholland.nl\/tr\/#website\"},\"datePublished\":\"2025-08-08T07:59:32+00:00\",\"dateModified\":\"2025-12-02T08:12:16+00:00\",\"breadcrumb\":{\"@id\":\"https:\/\/huisartsenspoedpostmiddenholland.nl\/tr\/maliyeti-gp-bakimi-at-hap-mh\/#breadcrumb\"},\"inLanguage\":\"tr\",\"potentialAction\":[{\"@type\":\"ReadAction\",\"target\":[\"https:\/\/huisartsenspoedpostmiddenholland.nl\/tr\/maliyeti-gp-bakimi-at-hap-mh\/\"]}]},{\"@type\":\"BreadcrumbList\",\"@id\":\"https:\/\/huisartsenspoedpostmiddenholland.nl\/tr\/maliyeti-gp-bakimi-at-hap-mh\/#breadcrumb\",\"itemListElement\":[{\"@type\":\"ListItem\",\"position\":1,\"name\":\"Home\",\"item\":\"https:\/\/huisartsenspoedpostmiddenholland.nl\/tr\/\"},{\"@type\":\"ListItem\",\"position\":2,\"name\":\"Huisartsenspoedpost Midden-Holland&#8217;da (HAP MH) pratisyen hekim bak\u0131m\u0131n\u0131n maliyeti nedir?\"}]},{\"@type\":\"WebSite\",\"@id\":\"https:\/\/huisartsenspoedpostmiddenholland.nl\/tr\/#website\",\"url\":\"https:\/\/huisartsenspoedpostmiddenholland.nl\/tr\/\",\"name\":\"Huisartsen Spoedpost Midden-Holland - T\u00fcrk\u00e7e\",\"description\":\"\",\"potentialAction\":[{\"@type\":\"SearchAction\",\"target\":{\"@type\":\"EntryPoint\",\"urlTemplate\":\"https:\/\/huisartsenspoedpostmiddenholland.nl\/tr\/?s={search_term_string}\"},\"query-input\":{\"@type\":\"PropertyValueSpecification\",\"valueRequired\":true,\"valueName\":\"search_term_string\"}}],\"inLanguage\":\"tr\"}]}<\/script>\n<!-- \/ Yoast SEO plugin. -->","yoast_head_json":{"title":"Huisartsenspoedpost Midden-Holland (HAP MH)'de aile hekimisi bak\u0131m\u0131 ne kadar tutar? - Huisartsen Spoedpost Midden-Holland - T\u00fcrk\u00e7e","robots":{"index":"index","follow":"follow","max-snippet":"max-snippet:-1","max-image-preview":"max-image-preview:large","max-video-preview":"max-video-preview:-1"},"canonical":"https:\/\/huisartsenspoedpostmiddenholland.nl\/tr\/maliyeti-gp-bakimi-at-hap-mh\/","og_locale":"tr_TR","og_type":"article","og_title":"Huisartsenspoedpost Midden-Holland (HAP MH)'de aile hekimisi bak\u0131m\u0131 ne kadar tutar? - Huisartsen Spoedpost Midden-Holland - T\u00fcrk\u00e7e","og_description":"1 Ocak 2026 tarihinden itibaren ge\u00e7erli Tan\u0131m Oran\u0131 Triage dan\u0131\u015fmanl\u0131\u011f\u0131 TR \u20ac35.00 Fiziksel\/dijital dan\u0131\u015fmanl\u0131kHA\/USA\/PA\/SOH \u20ac214.03 HA\/US\/PA Ziyareti \u20ac321.05 1 Ocak 2025 tarihinden itibaren ge\u00e7erli Tan\u0131m Oran\u0131 Triage dan\u0131\u015fmanl\u0131\u011f\u0131 TR \u20ac35.00 Fiziksel\/dijital dan\u0131\u015fmanl\u0131kHA\/USA\/PA\/SOH \u20ac172.27 HA\/US\/PA Ziyareti \u20ac258.41 Yukar\u0131daki tarifeler Pazartesi&#8217;den Cuma&#8217;ya 18:00-08:00 saatleri aras\u0131nda ve hafta sonlar\u0131 ile resmi tatillerde t\u00fcm g\u00fcn ge\u00e7erlidir.&nbsp;\u00dccretler Hollanda Sa\u011fl\u0131k Kurumu [&hellip;]","og_url":"https:\/\/huisartsenspoedpostmiddenholland.nl\/tr\/maliyeti-gp-bakimi-at-hap-mh\/","og_site_name":"Huisartsen Spoedpost Midden-Holland - T\u00fcrk\u00e7e","article_modified_time":"2025-12-02T08:12:16+00:00","twitter_card":"summary_large_image","schema":{"@context":"https:\/\/schema.org","@graph":[{"@type":"WebPage","@id":"https:\/\/huisartsenspoedpostmiddenholland.nl\/tr\/maliyeti-gp-bakimi-at-hap-mh\/","url":"https:\/\/huisartsenspoedpostmiddenholland.nl\/tr\/maliyeti-gp-bakimi-at-hap-mh\/","name":"Huisartsenspoedpost Midden-Holland (HAP MH)'de aile hekimisi bak\u0131m\u0131 ne kadar tutar? - Huisartsen Spoedpost Midden-Holland - T\u00fcrk\u00e7e","isPartOf":{"@id":"https:\/\/huisartsenspoedpostmiddenholland.nl\/tr\/#website"},"datePublished":"2025-08-08T07:59:32+00:00","dateModified":"2025-12-02T08:12:16+00:00","breadcrumb":{"@id":"https:\/\/huisartsenspoedpostmiddenholland.nl\/tr\/maliyeti-gp-bakimi-at-hap-mh\/#breadcrumb"},"inLanguage":"tr","potentialAction":[{"@type":"ReadAction","target":["https:\/\/huisartsenspoedpostmiddenholland.nl\/tr\/maliyeti-gp-bakimi-at-hap-mh\/"]}]},{"@type":"BreadcrumbList","@id":"https:\/\/huisartsenspoedpostmiddenholland.nl\/tr\/maliyeti-gp-bakimi-at-hap-mh\/#breadcrumb","itemListElement":[{"@type":"ListItem","position":1,"name":"Home","item":"https:\/\/huisartsenspoedpostmiddenholland.nl\/tr\/"},{"@type":"ListItem","position":2,"name":"Huisartsenspoedpost Midden-Holland&#8217;da (HAP MH) pratisyen hekim bak\u0131m\u0131n\u0131n maliyeti nedir?"}]},{"@type":"WebSite","@id":"https:\/\/huisartsenspoedpostmiddenholland.nl\/tr\/#website","url":"https:\/\/huisartsenspoedpostmiddenholland.nl\/tr\/","name":"Huisartsen Spoedpost Midden-Holland - T\u00fcrk\u00e7e","description":"","potentialAction":[{"@type":"SearchAction","target":{"@type":"EntryPoint","urlTemplate":"https:\/\/huisartsenspoedpostmiddenholland.nl\/tr\/?s={search_term_string}"},"query-input":{"@type":"PropertyValueSpecification","valueRequired":true,"valueName":"search_term_string"}}],"inLanguage":"tr"}]}},"_links":{"self":[{"href":"https:\/\/huisartsenspoedpostmiddenholland.nl\/tr\/wp-json\/wp\/v2\/pages\/54153","targetHints":{"allow":["GET"]}}],"collection":[{"href":"https:\/\/huisartsenspoedpostmiddenholland.nl\/tr\/wp-json\/wp\/v2\/pages"}],"about":[{"href":"https:\/\/huisartsenspoedpostmiddenholland.nl\/tr\/wp-json\/wp\/v2\/types\/page"}],"author":[{"embeddable":true,"href":"https:\/\/huisartsenspoedpostmiddenholland.nl\/tr\/wp-json\/wp\/v2\/users\/3"}],"replies":[{"embeddable":true,"href":"https:\/\/huisartsenspoedpostmiddenholland.nl\/tr\/wp-json\/wp\/v2\/comments?post=54153"}],"version-history":[{"count":13,"href":"https:\/\/huisartsenspoedpostmiddenholland.nl\/tr\/wp-json\/wp\/v2\/pages\/54153\/revisions"}],"predecessor-version":[{"id":55231,"href":"https:\/\/huisartsenspoedpostmiddenholland.nl\/tr\/wp-json\/wp\/v2\/pages\/54153\/revisions\/55231"}],"wp:attachment":[{"href":"https:\/\/huisartsenspoedpostmiddenholland.nl\/tr\/wp-json\/wp\/v2\/media?parent=54153"}],"curies":[{"name":"wp","href":"https:\/\/api.w.org\/{rel}","templated":true}]}}