{"id":54595,"date":"2025-08-08T11:54:11","date_gmt":"2025-08-08T09:54:11","guid":{"rendered":"https:\/\/hapmh.mindd.dev\/?page_id=54595"},"modified":"2026-03-23T09:43:42","modified_gmt":"2026-03-23T08:43:42","slug":"nar-rush","status":"publish","type":"page","link":"https:\/\/huisartsenspoedpostmiddenholland.nl\/sv\/nar-rush\/","title":{"rendered":"N\u00e4r det \u00e4r br\u00e5dskande?"},"content":{"rendered":"\n<div style=\"max-width: 1200px;margin: auto;padding: 1rem\">\n  \n  <p style=\"text-align: center;font-size: 1.125rem;margin-bottom: 2rem\">\n    <strong>Innan du ringer<\/strong>, v\u00e4nligen fyll i <a href=\"\/\" style=\"color: #2563eb;text-decoration: underline\">fr\u00e5geformul\u00e4ret<\/a> p\u00e5 startsidan f\u00f6r att se om kontakt beh\u00f6vs.  <\/p>\n\n  <div style=\"grid-template-columns: 1fr;gap: 1.5rem\">\n    <!-- SPOED -->\n    <div style=\"background: #fff5f5;border: 1px solid #fecaca;border-radius: 1rem;padding: 1.5rem\">\n      <h3 style=\"color: #dc2626\">Vad \u00e4r n\u00f6dl\u00e4ge?<\/h3>\n      <ul style=\"color: #991b1b\">\n        <li>akuta, st\u00f6rande symtom<\/li>\n        <li>Sv\u00e5r sm\u00e4rta<\/li>\n        <li>h\u00f6g feber och ett riktigt sjukt intryck<\/li>\n      <\/ul>\n      <p style=\"color: #dc2626;font-weight: bold\">Vad ska man g\u00f6ra?<\/p>\n      <p>Ring din egen husl\u00e4kare under dagtid och utanf\u00f6r kontorstid, GP Emergency Station Midden-Holland (HAP MH) GP Spoedpost Midden-Holland (HAP MH).<\/p>\n    <\/div>\n\n    <!-- GEEN SPOED -->\n    <div style=\"background: #eff6ff;border: 1px solid #bfdbfe;border-radius: 1rem;padding: 1.5rem\">\n      <h3 style=\"color: #1e3a8a\">Vad \u00e4r inte en n\u00f6dsituation?<\/h3>\n      <ul style=\"color: #1e40af\">\n        <li>L\u00e4ngre st\u00e5ende klagom\u00e5l<\/li>\n        <li>Sv\u00e5ra, men inte allvarliga klagom\u00e5l<\/li>\n        <li>Upprepa recept<\/li>\n      <\/ul>\n      <p style=\"color: #1e3a8a;font-weight: bold\">Vad ska man g\u00f6ra?<\/p>\n      <p>Ring din egen husl\u00e4kare n\u00e4sta dag<\/p>\n    <\/div>\n  <\/div>\n<\/div>\n","protected":false},"excerpt":{"rendered":"<p>Innan du ringer, v\u00e4nligen fyll i fr\u00e5geformul\u00e4ret p\u00e5 startsidan f\u00f6r att se om kontakt beh\u00f6vs. Vad \u00e4r n\u00f6dl\u00e4ge? akuta, st\u00f6rande symtom Sv\u00e5r sm\u00e4rta h\u00f6g feber och ett riktigt sjukt intryck Vad ska man g\u00f6ra? Ring din egen husl\u00e4kare under dagtid och utanf\u00f6r kontorstid, GP Emergency Station Midden-Holland (HAP MH) GP Spoedpost Midden-Holland (HAP MH). Vad [&hellip;]<\/p>\n","protected":false},"author":3,"featured_media":0,"parent":0,"menu_order":0,"comment_status":"closed","ping_status":"closed","template":"","meta":{"_acf_changed":false,"_trash_the_other_posts":false,"editor_notices":[],"footnotes":""},"class_list":["post-54595","page","type-page","status-publish","hentry"],"acf":[],"yoast_head":"<!-- This site is optimized with the Yoast SEO plugin v26.6 - https:\/\/yoast.com\/wordpress\/plugins\/seo\/ -->\n<title>N\u00e4r det \u00e4r br\u00e5dskande? - Huisartsen Spoedpost Midden-Holland - Svenska<\/title>\n<meta name=\"robots\" content=\"index, follow, max-snippet:-1, max-image-preview:large, max-video-preview:-1\" \/>\n<link rel=\"canonical\" href=\"https:\/\/huisartsenspoedpostmiddenholland.nl\/sv\/nar-rusa\/\" \/>\n<meta property=\"og:locale\" content=\"sv_SE\" \/>\n<meta property=\"og:type\" content=\"article\" \/>\n<meta property=\"og:title\" content=\"N\u00e4r det \u00e4r br\u00e5dskande? - Huisartsen Spoedpost Midden-Holland - Svenska\" \/>\n<meta property=\"og:description\" content=\"Innan du ringer, v\u00e4nligen fyll i fr\u00e5geformul\u00e4ret p\u00e5 startsidan f\u00f6r att se om kontakt beh\u00f6vs. Vad \u00e4r n\u00f6dl\u00e4ge? akuta, st\u00f6rande symtom Sv\u00e5r sm\u00e4rta h\u00f6g feber och ett riktigt sjukt intryck Vad ska man g\u00f6ra? Ring din egen husl\u00e4kare under dagtid och utanf\u00f6r kontorstid, GP Emergency Station Midden-Holland (HAP MH) GP Spoedpost Midden-Holland (HAP MH). Vad [&hellip;]\" \/>\n<meta property=\"og:url\" content=\"https:\/\/huisartsenspoedpostmiddenholland.nl\/sv\/nar-rusa\/\" \/>\n<meta property=\"og:site_name\" content=\"Huisartsen Spoedpost Midden-Holland - Svenska\" \/>\n<meta property=\"article:modified_time\" content=\"2026-03-23T08:43:42+00:00\" \/>\n<meta name=\"twitter:card\" content=\"summary_large_image\" \/>\n<meta name=\"twitter:label1\" content=\"Ber\u00e4knad l\u00e4stid\" \/>\n\t<meta name=\"twitter:data1\" content=\"1 minut\" \/>\n<script type=\"application\/ld+json\" class=\"yoast-schema-graph\">{\"@context\":\"https:\/\/schema.org\",\"@graph\":[{\"@type\":\"WebPage\",\"@id\":\"https:\/\/huisartsenspoedpostmiddenholland.nl\/sv\/nar-rusa\/\",\"url\":\"https:\/\/huisartsenspoedpostmiddenholland.nl\/sv\/nar-rusa\/\",\"name\":\"N\u00e4r det \u00e4r br\u00e5dskande? - Huisartsen Spoedpost Midden-Holland - Svenska\",\"isPartOf\":{\"@id\":\"https:\/\/huisartsenspoedpostmiddenholland.nl\/sv\/#website\"},\"datePublished\":\"2025-08-08T09:54:11+00:00\",\"dateModified\":\"2026-03-23T08:43:42+00:00\",\"breadcrumb\":{\"@id\":\"https:\/\/huisartsenspoedpostmiddenholland.nl\/sv\/nar-rusa\/#breadcrumb\"},\"inLanguage\":\"sv-SE\",\"potentialAction\":[{\"@type\":\"ReadAction\",\"target\":[\"https:\/\/huisartsenspoedpostmiddenholland.nl\/sv\/nar-rusa\/\"]}]},{\"@type\":\"BreadcrumbList\",\"@id\":\"https:\/\/huisartsenspoedpostmiddenholland.nl\/sv\/nar-rusa\/#breadcrumb\",\"itemListElement\":[{\"@type\":\"ListItem\",\"position\":1,\"name\":\"Home\",\"item\":\"https:\/\/huisartsenspoedpostmiddenholland.nl\/sv\/\"},{\"@type\":\"ListItem\",\"position\":2,\"name\":\"N\u00e4r det \u00e4r br\u00e5ttom?\"}]},{\"@type\":\"WebSite\",\"@id\":\"https:\/\/huisartsenspoedpostmiddenholland.nl\/sv\/#website\",\"url\":\"https:\/\/huisartsenspoedpostmiddenholland.nl\/sv\/\",\"name\":\"Huisartsen Spoedpost Midden-Holland - Svenska\",\"description\":\"\",\"potentialAction\":[{\"@type\":\"SearchAction\",\"target\":{\"@type\":\"EntryPoint\",\"urlTemplate\":\"https:\/\/huisartsenspoedpostmiddenholland.nl\/sv\/?s={search_term_string}\"},\"query-input\":{\"@type\":\"PropertyValueSpecification\",\"valueRequired\":true,\"valueName\":\"search_term_string\"}}],\"inLanguage\":\"sv-SE\"}]}<\/script>\n<!-- \/ Yoast SEO plugin. -->","yoast_head_json":{"title":"N\u00e4r det \u00e4r br\u00e5dskande? - Huisartsen Spoedpost Midden-Holland - Svenska","robots":{"index":"index","follow":"follow","max-snippet":"max-snippet:-1","max-image-preview":"max-image-preview:large","max-video-preview":"max-video-preview:-1"},"canonical":"https:\/\/huisartsenspoedpostmiddenholland.nl\/sv\/nar-rusa\/","og_locale":"sv_SE","og_type":"article","og_title":"N\u00e4r det \u00e4r br\u00e5dskande? - Huisartsen Spoedpost Midden-Holland - Svenska","og_description":"Innan du ringer, v\u00e4nligen fyll i fr\u00e5geformul\u00e4ret p\u00e5 startsidan f\u00f6r att se om kontakt beh\u00f6vs. Vad \u00e4r n\u00f6dl\u00e4ge? akuta, st\u00f6rande symtom Sv\u00e5r sm\u00e4rta h\u00f6g feber och ett riktigt sjukt intryck Vad ska man g\u00f6ra? Ring din egen husl\u00e4kare under dagtid och utanf\u00f6r kontorstid, GP Emergency Station Midden-Holland (HAP MH) GP Spoedpost Midden-Holland (HAP MH). Vad [&hellip;]","og_url":"https:\/\/huisartsenspoedpostmiddenholland.nl\/sv\/nar-rusa\/","og_site_name":"Huisartsen Spoedpost Midden-Holland - Svenska","article_modified_time":"2026-03-23T08:43:42+00:00","twitter_card":"summary_large_image","twitter_misc":{"Ber\u00e4knad l\u00e4stid":"1 minut"},"schema":{"@context":"https:\/\/schema.org","@graph":[{"@type":"WebPage","@id":"https:\/\/huisartsenspoedpostmiddenholland.nl\/sv\/nar-rusa\/","url":"https:\/\/huisartsenspoedpostmiddenholland.nl\/sv\/nar-rusa\/","name":"N\u00e4r det \u00e4r br\u00e5dskande? - Huisartsen Spoedpost Midden-Holland - Svenska","isPartOf":{"@id":"https:\/\/huisartsenspoedpostmiddenholland.nl\/sv\/#website"},"datePublished":"2025-08-08T09:54:11+00:00","dateModified":"2026-03-23T08:43:42+00:00","breadcrumb":{"@id":"https:\/\/huisartsenspoedpostmiddenholland.nl\/sv\/nar-rusa\/#breadcrumb"},"inLanguage":"sv-SE","potentialAction":[{"@type":"ReadAction","target":["https:\/\/huisartsenspoedpostmiddenholland.nl\/sv\/nar-rusa\/"]}]},{"@type":"BreadcrumbList","@id":"https:\/\/huisartsenspoedpostmiddenholland.nl\/sv\/nar-rusa\/#breadcrumb","itemListElement":[{"@type":"ListItem","position":1,"name":"Home","item":"https:\/\/huisartsenspoedpostmiddenholland.nl\/sv\/"},{"@type":"ListItem","position":2,"name":"N\u00e4r det \u00e4r br\u00e5ttom?"}]},{"@type":"WebSite","@id":"https:\/\/huisartsenspoedpostmiddenholland.nl\/sv\/#website","url":"https:\/\/huisartsenspoedpostmiddenholland.nl\/sv\/","name":"Huisartsen Spoedpost Midden-Holland - Svenska","description":"","potentialAction":[{"@type":"SearchAction","target":{"@type":"EntryPoint","urlTemplate":"https:\/\/huisartsenspoedpostmiddenholland.nl\/sv\/?s={search_term_string}"},"query-input":{"@type":"PropertyValueSpecification","valueRequired":true,"valueName":"search_term_string"}}],"inLanguage":"sv-SE"}]}},"_links":{"self":[{"href":"https:\/\/huisartsenspoedpostmiddenholland.nl\/sv\/wp-json\/wp\/v2\/pages\/54595","targetHints":{"allow":["GET"]}}],"collection":[{"href":"https:\/\/huisartsenspoedpostmiddenholland.nl\/sv\/wp-json\/wp\/v2\/pages"}],"about":[{"href":"https:\/\/huisartsenspoedpostmiddenholland.nl\/sv\/wp-json\/wp\/v2\/types\/page"}],"author":[{"embeddable":true,"href":"https:\/\/huisartsenspoedpostmiddenholland.nl\/sv\/wp-json\/wp\/v2\/users\/3"}],"replies":[{"embeddable":true,"href":"https:\/\/huisartsenspoedpostmiddenholland.nl\/sv\/wp-json\/wp\/v2\/comments?post=54595"}],"version-history":[{"count":16,"href":"https:\/\/huisartsenspoedpostmiddenholland.nl\/sv\/wp-json\/wp\/v2\/pages\/54595\/revisions"}],"predecessor-version":[{"id":55232,"href":"https:\/\/huisartsenspoedpostmiddenholland.nl\/sv\/wp-json\/wp\/v2\/pages\/54595\/revisions\/55232"}],"wp:attachment":[{"href":"https:\/\/huisartsenspoedpostmiddenholland.nl\/sv\/wp-json\/wp\/v2\/media?parent=54595"}],"curies":[{"name":"wp","href":"https:\/\/api.w.org\/{rel}","templated":true}]}}