{"id":54153,"date":"2025-08-08T09:59:32","date_gmt":"2025-08-08T07:59:32","guid":{"rendered":"https:\/\/hapmh.mindd.dev\/?page_id=54153"},"modified":"2025-12-02T09:12:17","modified_gmt":"2025-12-02T08:12:17","slug":"vad-kostar-vard-pa-hap-mh","status":"publish","type":"page","link":"https:\/\/huisartsenspoedpostmiddenholland.nl\/sv\/vad-kostar-vard-pa-hap-mh\/","title":{"rendered":"Vad kostar husl\u00e4karv\u00e5rd p\u00e5 Huisartsenspoedpost Midden-Holland (HAP MH)?"},"content":{"rendered":"\n<h2 class=\"wp-block-heading\">G\u00e4ller den 1 januari 2026<\/h2>\n\n\n\n<figure class=\"wp-block-table\"><table class=\"has-fixed-layout\"><thead><tr><th>Beskrivningsgrad<\/th><th><\/th><\/tr><\/thead><tbody><tr><td>Triagekonsultation TR<\/td><td>\u20ac35,00<\/td><\/tr><tr><td>Fysisk\/digital konsultation<br>HA\/USA\/PA\/SOH<\/td><td>\u20ac214,03<\/td><\/tr><tr><td>Bes\u00f6k HA\/US\/PA<\/td><td>\u20ac321,05<\/td><\/tr><\/tbody><\/table><\/figure>\n\n\n\n<h2 class=\"wp-block-heading\">G\u00e4ller den 1 januari 2025<\/h2>\n\n\n\n<figure class=\"wp-block-table\"><table class=\"has-fixed-layout\"><thead><tr><th>Beskrivningsgrad<\/th><th><\/th><\/tr><\/thead><tbody><tr><td>Triagekonsultation TR<\/td><td>\u20ac35,00<\/td><\/tr><tr><td>Fysisk\/digital konsultation<br>HA\/USA\/PA\/SOH<\/td><td>\u20ac172,27<\/td><\/tr><tr><td>Bes\u00f6k HA\/US\/PA<\/td><td>\u20ac258,41<\/td><\/tr><\/tbody><\/table><\/figure>\n\n\n\n<p>Ovanst\u00e5ende priser g\u00e4ller m\u00e5ndag till fredag fr\u00e5n 18:00 till 08:00 och hela dagen p\u00e5 helger och helgdagar.&nbsp;<br>Priserna fastst\u00e4lls av den nederl\u00e4ndska sjukv\u00e5rdsmyndigheten (NZa).<\/p>\n\n\n\n<p><\/p>\n\n\n\n<h2 class=\"wp-block-heading\">Hur kan du betala?<\/h2>\n\n\n\n<h4 class=\"wp-block-heading\">1. Du har sjukf\u00f6rs\u00e4kring<\/h4>\n\n\n\n<p>Alla kontakter med Huisartsenspoedpost Midden-Holland (HAP MH) kommer att debiteras.&nbsp;Med dina f\u00f6rs\u00e4kringsuppgifter kan vi, om m\u00f6jligt, g\u00f6ra en direkt ers\u00e4ttning fr\u00e5n ditt sjukf\u00f6rs\u00e4kringsbolag.&nbsp;<\/p>\n\n\n\n<p>Se d\u00e4rf\u00f6r till att du har r\u00e4tt adress och f\u00f6rs\u00e4kringsuppgifter till hands n\u00e4r du kontaktar Huisartsenspoedpost Midden-Holland (HAP MH), s\u00e5 att vi kan skicka fakturan direkt till ditt sjukf\u00f6rs\u00e4kringsbolag.<\/p>\n\n\n\n<h4 class=\"wp-block-heading\">2. Du har ingen sjukf\u00f6rs\u00e4kring eller s\u00e5 \u00e4r din sjukf\u00f6rs\u00e4kring inte k\u00e4nd f\u00f6r oss<\/h4>\n\n\n\n<p>Om du inte har sjukf\u00f6rs\u00e4kring eller om det inte \u00e4r k\u00e4nt f\u00f6r oss, m\u00e5ste du betala r\u00e4kningen kontant eller via uttagsautomaten p\u00e5 Huisartsenspoedpost Midden-Holland (HAP MH).&nbsp;<\/p>\n\n\n\n<p>Kostnader f\u00f6r en kontakt med Huisartsenspoedpost Midden-Holland (HAP MH) som vi inte kan deklarera&nbsp;&nbsp;kommer att debiteras genom en faktura som vi skickar till den hemadress vi k\u00e4nner till.&nbsp;Om vi inte f\u00e5r svar p\u00e5 v\u00e5r (p\u00e5minnelse)faktura tvingas vi kontakta ett inkassobolag.<\/p>\n\n\n\n<p><strong>Undvik insamlingskostnader och se till att du har r\u00e4tt adress och telefonnummer till hands n\u00e4r du kontaktar Huisartsenspoedpost Midden-Holland (HAP MH).&nbsp;Du kan ocks\u00e5 skicka v\u00e5ra adressuppgifter via e-post via&nbsp;<a href=\"mailto:Huisartsenspoedpost Midden-Holland (HAP MH) @hapmh.nl\">Huisartsenspoedpost Midden-Holland (HAP MH) @hapmh.nl.<\/a><\/strong><\/p>\n\n\n\n<p class=\"has-vivid-red-color has-text-color has-link-color wp-elements-cf2ff68a688cceaa48fd3abb0f1408e6\"><strong>Om en patient inte dyker upp till konsultationen debiteras en triagekonsultation.<\/strong><\/p>\n","protected":false},"excerpt":{"rendered":"<p>G\u00e4ller den 1 januari 2026 Beskrivningsgrad Triagekonsultation TR \u20ac35,00 Fysisk\/digital konsultationHA\/USA\/PA\/SOH \u20ac214,03 Bes\u00f6k HA\/US\/PA \u20ac321,05 G\u00e4ller den 1 januari 2025 Beskrivningsgrad Triagekonsultation TR \u20ac35,00 Fysisk\/digital konsultationHA\/USA\/PA\/SOH \u20ac172,27 Bes\u00f6k HA\/US\/PA \u20ac258,41 Ovanst\u00e5ende priser g\u00e4ller m\u00e5ndag till fredag fr\u00e5n 18:00 till 08:00 och hela dagen p\u00e5 helger och helgdagar.&nbsp;Priserna fastst\u00e4lls av den nederl\u00e4ndska sjukv\u00e5rdsmyndigheten (NZa). Hur kan [&hellip;]<\/p>\n","protected":false},"author":3,"featured_media":0,"parent":0,"menu_order":0,"comment_status":"closed","ping_status":"closed","template":"","meta":{"_acf_changed":false,"_trash_the_other_posts":false,"editor_notices":[],"footnotes":""},"class_list":["post-54153","page","type-page","status-publish","hentry"],"acf":[],"yoast_head":"<!-- This site is optimized with the Yoast SEO plugin v26.6 - https:\/\/yoast.com\/wordpress\/plugins\/seo\/ -->\n<title>Vad kostar husl\u00e4karv\u00e5rd p\u00e5 Huisartsenspoedpost Midden-Holland (HAP MH)? - Huisartsen Spoedpost Midden-Holland - Svenska<\/title>\n<meta name=\"robots\" content=\"index, follow, max-snippet:-1, max-image-preview:large, max-video-preview:-1\" \/>\n<link rel=\"canonical\" href=\"https:\/\/huisartsenspoedpostmiddenholland.nl\/sv\/vad-kostar-huslakare-vard-vid-hap-mh\/\" \/>\n<meta property=\"og:locale\" content=\"sv_SE\" \/>\n<meta property=\"og:type\" content=\"article\" \/>\n<meta property=\"og:title\" content=\"Vad kostar husl\u00e4karv\u00e5rd p\u00e5 Huisartsenspoedpost Midden-Holland (HAP MH)? - Huisartsen Spoedpost Midden-Holland - Svenska\" \/>\n<meta property=\"og:description\" content=\"G\u00e4ller den 1 januari 2026 Beskrivningsgrad Triagekonsultation TR \u20ac35,00 Fysisk\/digital konsultationHA\/USA\/PA\/SOH \u20ac214,03 Bes\u00f6k HA\/US\/PA \u20ac321,05 G\u00e4ller den 1 januari 2025 Beskrivningsgrad Triagekonsultation TR \u20ac35,00 Fysisk\/digital konsultationHA\/USA\/PA\/SOH \u20ac172,27 Bes\u00f6k HA\/US\/PA \u20ac258,41 Ovanst\u00e5ende priser g\u00e4ller m\u00e5ndag till fredag fr\u00e5n 18:00 till 08:00 och hela dagen p\u00e5 helger och helgdagar.&nbsp;Priserna fastst\u00e4lls av den nederl\u00e4ndska sjukv\u00e5rdsmyndigheten (NZa). Hur kan [&hellip;]\" \/>\n<meta property=\"og:url\" content=\"https:\/\/huisartsenspoedpostmiddenholland.nl\/sv\/vad-kostar-huslakare-vard-vid-hap-mh\/\" \/>\n<meta property=\"og:site_name\" content=\"Huisartsen Spoedpost Midden-Holland - Svenska\" \/>\n<meta property=\"article:modified_time\" content=\"2025-12-02T08:12:17+00:00\" \/>\n<meta name=\"twitter:card\" content=\"summary_large_image\" \/>\n<script type=\"application\/ld+json\" class=\"yoast-schema-graph\">{\"@context\":\"https:\/\/schema.org\",\"@graph\":[{\"@type\":\"WebPage\",\"@id\":\"https:\/\/huisartsenspoedpostmiddenholland.nl\/sv\/vad-kostar-huslakare-vard-vid-hap-mh\/\",\"url\":\"https:\/\/huisartsenspoedpostmiddenholland.nl\/sv\/vad-kostar-huslakare-vard-vid-hap-mh\/\",\"name\":\"Vad kostar husl\u00e4karv\u00e5rd p\u00e5 Huisartsenspoedpost Midden-Holland (HAP MH)? - Huisartsen Spoedpost Midden-Holland - Svenska\",\"isPartOf\":{\"@id\":\"https:\/\/huisartsenspoedpostmiddenholland.nl\/sv\/#website\"},\"datePublished\":\"2025-08-08T07:59:32+00:00\",\"dateModified\":\"2025-12-02T08:12:17+00:00\",\"breadcrumb\":{\"@id\":\"https:\/\/huisartsenspoedpostmiddenholland.nl\/sv\/vad-kostar-huslakare-vard-vid-hap-mh\/#breadcrumb\"},\"inLanguage\":\"sv-SE\",\"potentialAction\":[{\"@type\":\"ReadAction\",\"target\":[\"https:\/\/huisartsenspoedpostmiddenholland.nl\/sv\/vad-kostar-huslakare-vard-vid-hap-mh\/\"]}]},{\"@type\":\"BreadcrumbList\",\"@id\":\"https:\/\/huisartsenspoedpostmiddenholland.nl\/sv\/vad-kostar-huslakare-vard-vid-hap-mh\/#breadcrumb\",\"itemListElement\":[{\"@type\":\"ListItem\",\"position\":1,\"name\":\"Home\",\"item\":\"https:\/\/huisartsenspoedpostmiddenholland.nl\/sv\/\"},{\"@type\":\"ListItem\",\"position\":2,\"name\":\"Vad kostar allm\u00e4nl\u00e4karv\u00e5rd p\u00e5 Huisartsenspoedpost Midden-Holland (HAP MH)?\"}]},{\"@type\":\"WebSite\",\"@id\":\"https:\/\/huisartsenspoedpostmiddenholland.nl\/sv\/#website\",\"url\":\"https:\/\/huisartsenspoedpostmiddenholland.nl\/sv\/\",\"name\":\"Huisartsen Spoedpost Midden-Holland - Svenska\",\"description\":\"\",\"potentialAction\":[{\"@type\":\"SearchAction\",\"target\":{\"@type\":\"EntryPoint\",\"urlTemplate\":\"https:\/\/huisartsenspoedpostmiddenholland.nl\/sv\/?s={search_term_string}\"},\"query-input\":{\"@type\":\"PropertyValueSpecification\",\"valueRequired\":true,\"valueName\":\"search_term_string\"}}],\"inLanguage\":\"sv-SE\"}]}<\/script>\n<!-- \/ Yoast SEO plugin. -->","yoast_head_json":{"title":"Vad kostar husl\u00e4karv\u00e5rd p\u00e5 Huisartsenspoedpost Midden-Holland (HAP MH)? - Huisartsen Spoedpost Midden-Holland - Svenska","robots":{"index":"index","follow":"follow","max-snippet":"max-snippet:-1","max-image-preview":"max-image-preview:large","max-video-preview":"max-video-preview:-1"},"canonical":"https:\/\/huisartsenspoedpostmiddenholland.nl\/sv\/vad-kostar-huslakare-vard-vid-hap-mh\/","og_locale":"sv_SE","og_type":"article","og_title":"Vad kostar husl\u00e4karv\u00e5rd p\u00e5 Huisartsenspoedpost Midden-Holland (HAP MH)? - Huisartsen Spoedpost Midden-Holland - Svenska","og_description":"G\u00e4ller den 1 januari 2026 Beskrivningsgrad Triagekonsultation TR \u20ac35,00 Fysisk\/digital konsultationHA\/USA\/PA\/SOH \u20ac214,03 Bes\u00f6k HA\/US\/PA \u20ac321,05 G\u00e4ller den 1 januari 2025 Beskrivningsgrad Triagekonsultation TR \u20ac35,00 Fysisk\/digital konsultationHA\/USA\/PA\/SOH \u20ac172,27 Bes\u00f6k HA\/US\/PA \u20ac258,41 Ovanst\u00e5ende priser g\u00e4ller m\u00e5ndag till fredag fr\u00e5n 18:00 till 08:00 och hela dagen p\u00e5 helger och helgdagar.&nbsp;Priserna fastst\u00e4lls av den nederl\u00e4ndska sjukv\u00e5rdsmyndigheten (NZa). Hur kan [&hellip;]","og_url":"https:\/\/huisartsenspoedpostmiddenholland.nl\/sv\/vad-kostar-huslakare-vard-vid-hap-mh\/","og_site_name":"Huisartsen Spoedpost Midden-Holland - Svenska","article_modified_time":"2025-12-02T08:12:17+00:00","twitter_card":"summary_large_image","schema":{"@context":"https:\/\/schema.org","@graph":[{"@type":"WebPage","@id":"https:\/\/huisartsenspoedpostmiddenholland.nl\/sv\/vad-kostar-huslakare-vard-vid-hap-mh\/","url":"https:\/\/huisartsenspoedpostmiddenholland.nl\/sv\/vad-kostar-huslakare-vard-vid-hap-mh\/","name":"Vad kostar husl\u00e4karv\u00e5rd p\u00e5 Huisartsenspoedpost Midden-Holland (HAP MH)? - Huisartsen Spoedpost Midden-Holland - Svenska","isPartOf":{"@id":"https:\/\/huisartsenspoedpostmiddenholland.nl\/sv\/#website"},"datePublished":"2025-08-08T07:59:32+00:00","dateModified":"2025-12-02T08:12:17+00:00","breadcrumb":{"@id":"https:\/\/huisartsenspoedpostmiddenholland.nl\/sv\/vad-kostar-huslakare-vard-vid-hap-mh\/#breadcrumb"},"inLanguage":"sv-SE","potentialAction":[{"@type":"ReadAction","target":["https:\/\/huisartsenspoedpostmiddenholland.nl\/sv\/vad-kostar-huslakare-vard-vid-hap-mh\/"]}]},{"@type":"BreadcrumbList","@id":"https:\/\/huisartsenspoedpostmiddenholland.nl\/sv\/vad-kostar-huslakare-vard-vid-hap-mh\/#breadcrumb","itemListElement":[{"@type":"ListItem","position":1,"name":"Home","item":"https:\/\/huisartsenspoedpostmiddenholland.nl\/sv\/"},{"@type":"ListItem","position":2,"name":"Vad kostar allm\u00e4nl\u00e4karv\u00e5rd p\u00e5 Huisartsenspoedpost Midden-Holland (HAP MH)?"}]},{"@type":"WebSite","@id":"https:\/\/huisartsenspoedpostmiddenholland.nl\/sv\/#website","url":"https:\/\/huisartsenspoedpostmiddenholland.nl\/sv\/","name":"Huisartsen Spoedpost Midden-Holland - Svenska","description":"","potentialAction":[{"@type":"SearchAction","target":{"@type":"EntryPoint","urlTemplate":"https:\/\/huisartsenspoedpostmiddenholland.nl\/sv\/?s={search_term_string}"},"query-input":{"@type":"PropertyValueSpecification","valueRequired":true,"valueName":"search_term_string"}}],"inLanguage":"sv-SE"}]}},"_links":{"self":[{"href":"https:\/\/huisartsenspoedpostmiddenholland.nl\/sv\/wp-json\/wp\/v2\/pages\/54153","targetHints":{"allow":["GET"]}}],"collection":[{"href":"https:\/\/huisartsenspoedpostmiddenholland.nl\/sv\/wp-json\/wp\/v2\/pages"}],"about":[{"href":"https:\/\/huisartsenspoedpostmiddenholland.nl\/sv\/wp-json\/wp\/v2\/types\/page"}],"author":[{"embeddable":true,"href":"https:\/\/huisartsenspoedpostmiddenholland.nl\/sv\/wp-json\/wp\/v2\/users\/3"}],"replies":[{"embeddable":true,"href":"https:\/\/huisartsenspoedpostmiddenholland.nl\/sv\/wp-json\/wp\/v2\/comments?post=54153"}],"version-history":[{"count":11,"href":"https:\/\/huisartsenspoedpostmiddenholland.nl\/sv\/wp-json\/wp\/v2\/pages\/54153\/revisions"}],"predecessor-version":[{"id":55106,"href":"https:\/\/huisartsenspoedpostmiddenholland.nl\/sv\/wp-json\/wp\/v2\/pages\/54153\/revisions\/55106"}],"wp:attachment":[{"href":"https:\/\/huisartsenspoedpostmiddenholland.nl\/sv\/wp-json\/wp\/v2\/media?parent=54153"}],"curies":[{"name":"wp","href":"https:\/\/api.w.org\/{rel}","templated":true}]}}