{"id":54145,"date":"2025-08-08T09:43:06","date_gmt":"2025-08-08T07:43:06","guid":{"rendered":"https:\/\/hapmh.mindd.dev\/?page_id=54145"},"modified":"2025-09-12T14:41:18","modified_gmt":"2025-09-12T12:41:18","slug":"privatliv","status":"publish","type":"page","link":"https:\/\/huisartsenspoedpostmiddenholland.nl\/sv\/privatliv\/","title":{"rendered":"Sekretesspolicy Allm\u00e4nl\u00e4kare Akutstation Midden-Holland (HAP MH) Midden-Holland"},"content":{"rendered":"\n<h2 class=\"wp-block-heading\">1. Allm\u00e4nt<\/h2>\n\n\n\n<p>F\u00f6r att kunna ge god akut sjukv\u00e5rd registrerar&nbsp;vi uppgifter om dig.&nbsp;Detta g\u00f6r vi i enlighet med dataskyddsf\u00f6rordningen (GDPR).&nbsp;Ut\u00f6ver denna allm\u00e4nna lag finns det s\u00e4rskilda regler f\u00f6r integritet inom h\u00e4lso- och sjukv\u00e5rden. Dessa regler framg\u00e5r av lagen om v\u00e5rdavtal (WGBO).&nbsp;Denna integritetspolicy syftar till att informera dig om dina r\u00e4ttigheter och v\u00e5ra skyldigheter som g\u00e4ller enligt lagen om medicinsk behandling.&nbsp; GDPR och WGBO.<\/p>\n\n\n\n<h2 class=\"wp-block-heading\">2. Anv\u00e4ndning av dina personuppgifter<\/h2>\n\n\n\n<p>N\u00e4r du kontaktar oss via telefon, bes\u00f6ker v\u00e5rdcentralen eller n\u00e4r en allm\u00e4nl\u00e4kare kommer hem till dig registreras olika personuppgifter om dig.&nbsp;Vi registrerar dessa uppgifter i en elektronisk patientjournal.&nbsp;Detta \u00e4r n\u00f6dv\u00e4ndigt f\u00f6r att vi ska kunna ge dig god medicinsk v\u00e5rd och f\u00f6r att den v\u00e5rd du ska f\u00e5 ekonomisk ers\u00e4ttning&nbsp;f\u00f6r.<\/p>\n\n\n\n<p>Vi behandlar f\u00f6ljande personuppgifter:<\/p>\n\n\n\n<ul class=\"wp-block-list\">\n<li>Namn, adress och bostadsort<\/li>\n\n\n\n<li>F\u00f6delsedatum<\/li>\n\n\n\n<li>Genus<\/li>\n\n\n\n<li>Telefonnummer<\/li>\n\n\n\n<li>Servicenummer f\u00f6r medborgare (BSN)<\/li>\n\n\n\n<li>Uppgifter om f\u00f6rs\u00e4kringen<\/li>\n\n\n\n<li>Namn p\u00e5&nbsp;din egen husl\u00e4kare<\/li>\n\n\n\n<li>Medicinska uppgifter<\/li>\n<\/ul>\n\n\n\n<p>Vi f\u00e5r \u00e4ven uppgifter fr\u00e5n andra v\u00e5rdgivare, vilket kan vara din egen husl\u00e4kare eller ditt apotek. F\u00f6r att f\u00f6lja upp och f\u00f6rb\u00e4ttra kvaliteten i v\u00e5r v\u00e5rd spelar vi in telefonsamtal. Inspelningarna av dessa samtal kan anv\u00e4ndas i h\u00e4ndelse av ett klagom\u00e5l eller en incident. Dessa inspelningar sparas i h\u00f6gst 1 \u00e5r.<\/p>\n\n\n\n<p>F\u00f6r din och v\u00e5r s\u00e4kerhet spelas kamerabilder in i v\u00e4ntrummen p\u00e5 l\u00e4karstationen. N\u00e4r en incident har intr\u00e4ffat kan relevanta bilder beg\u00e4ras ut i syfte att hantera incidenten.<\/p>\n\n\n\n<h2 class=\"wp-block-heading\">3. Varf\u00f6r behandlar vi dina uppgifter?<\/h2>\n\n\n\n<p>Enligt GDPR \u00e4r det L\u00e4karmottagningen som ansvarar f\u00f6r behandlingen av dina personuppgifter. Dina uppgifter samlas in f\u00f6r:<\/p>\n\n\n\n<ul class=\"wp-block-list\">\n<li>tillhandah\u00e5lla aktuell v\u00e5rd f\u00f6r allm\u00e4nl\u00e4kare;<\/li>\n\n\n\n<li>Deklarera den v\u00e5rd som du har f\u00e5tt till sjukf\u00f6rs\u00e4kringsgivarna.<\/li>\n\n\n\n<li>Bed\u00f6ma och garantera kvaliteten p\u00e5 den v\u00e5rd som ges.<\/li>\n<\/ul>\n\n\n\n<p>Anonyma uppgifter samlas in f\u00f6r:<\/p>\n\n\n\n<ul class=\"wp-block-list\">\n<li>Redovisning av v\u00e5rd som ges till sjukf\u00f6rs\u00e4kringsgivare.<\/li>\n\n\n\n<li>Bidra till (vetenskaplig) forskning, utbildning och information.<\/li>\n<\/ul>\n\n\n\n<h2 class=\"wp-block-heading\">4. Lagringstid f\u00f6r dina uppgifter<\/h2>\n\n\n\n<p>Vi lagrar dina uppgifter s\u00e5 l\u00e4nge som det \u00e4r n\u00f6dv\u00e4ndigt f\u00f6r att tillhandah\u00e5lla v\u00e5rden och s\u00e5 l\u00e4nge som lagen kr\u00e4ver att vi beh\u00e5ller dina uppgifter. Efter denna period kommer vi att radera dina uppgifter.<\/p>\n\n\n\n<h2 class=\"wp-block-heading\">5. Vem har tillg\u00e5ng till dina uppgifter?<\/h2>\n\n\n\n<p>Endast v\u00e5rdgivare och anst\u00e4llda som \u00e4r direkt involverade i behandlingen och hanteringen av din v\u00e5rdbeg\u00e4ran kan ta del av dina uppgifter. Det kan bland annat handla om den triagesjuksk\u00f6terska (beh\u00f6rig l\u00e4karassistent) som du har telefonkontakt med\/tar emot dig vid disken och&nbsp;den allm\u00e4nl\u00e4kare eller annan v\u00e5rdgivare som behandlar dig. De kommer endast att konsultera din journal i den utstr\u00e4ckning som \u00e4r n\u00f6dv\u00e4ndig f\u00f6r din v\u00e5rd.<\/p>\n\n\n\n<p>I h\u00e4ndelse av hantering av ett klagom\u00e5l kan det vara n\u00f6dv\u00e4ndigt f\u00f6r klagom\u00e5lshandl\u00e4ggaren och chefen f\u00f6r General Practitioner Emergency Station Midden-Holland (HAP MH) att inspektera din fil och eventuellt inspelningar av telefonsamtal och\/eller kamerabilder. Du ger separat tillst\u00e5nd till detta.<\/p>\n\n\n\n<h2 class=\"wp-block-heading\">6. Utl\u00e4mnande av dina personuppgifter till tredje part<\/h2>\n\n\n\n<p>De anst\u00e4llda i v\u00e5r organisation \u00e4r skyldiga att behandla dina personuppgifter konfidentiellt. Detta inneb\u00e4r till exempel att ditt uttryckliga samtycke kr\u00e4vs f\u00f6r \u00f6verf\u00f6ring av dina personuppgifter till tredje part. Det finns dock n\u00e5gra undantag fr\u00e5n denna regel. Med st\u00f6d av en lagbest\u00e4mmelse kan v\u00e5rdgivarens tystnadsplikt brytas, t.ex.&nbsp;om det finns en r\u00e4dsla f\u00f6r allvarlig fara f\u00f6r din eller n\u00e5gon annans h\u00e4lsa. Dessutom kan&nbsp;data utbytas, muntligt, skriftligt eller digitalt med andra v\u00e5rdgivare som \u00e4r involverade i din behandling. Till exempel med ambulanssjukv\u00e5rden, akutmottagningen, en specialist p\u00e5 sjukhuset som du remitteras till eller apotekaren som behandlar ett recept fr\u00e5n dig f\u00f6r att kunna f\u00f6rse dig med r\u00e4tt l\u00e4kemedel.<\/p>\n\n\n\n<h2 class=\"wp-block-heading\">7. Utbyte av uppgifter<\/h2>\n\n\n\n<p>F\u00f6r att kunna ge b\u00e4sta m\u00f6jliga&nbsp;patientv\u00e5rd kan de viktigaste uppgifterna fr\u00e5n din journal hos din egen husl\u00e4kare och apotek ses av triagesjuksk\u00f6terskan och den allm\u00e4nl\u00e4kare som \u00e4r i tj\u00e4nst p\u00e5 v\u00e5rdcentralen (via den nationella utbytespunkten). Dessa uppgifter kan endast beg\u00e4ras av oss om du har gett tillst\u00e5nd till din egen husl\u00e4kare och apotek.<\/p>\n\n\n\n<p>Om du har haft kontakt med oss via telefon, om du har varit p\u00e5 v\u00e5rdcentralen eller om du har f\u00e5tt bes\u00f6k av husl\u00e4karen i hemmet, kommer en sammanfattning av denna kontakt och den v\u00e5rd som ges att skickas (digitalt) till din egen husl\u00e4kare. P\u00e5 s\u00e5 s\u00e4tt kan din egen husl\u00e4kare f\u00e5 veta varf\u00f6r han eller hon har kontaktat l\u00e4karstationen, vilken v\u00e5rd som har getts till f\u00f6ljd av detta och vilka avtal som har ing\u00e5tts.<\/p>\n\n\n\n<h2 class=\"wp-block-heading\">8. S\u00e4kerhets\u00e5tg\u00e4rder<\/h2>\n\n\n\n<p>Vi har vidtagit flera organisatoriska och tekniska s\u00e4kerhets\u00e5tg\u00e4rder f\u00f6r att skydda dina uppgifter. P\u00e5 s\u00e5 s\u00e4tt informeras och g\u00f6rs alla anst\u00e4llda medvetna om att dina uppgifter \u00e4r k\u00e4nsliga f\u00f6r din integritet och hur de ska hanteras f\u00f6rsiktigt och under strikt konfidentialitet. Dessutom \u00e4r v\u00e5ra datorsystem och n\u00e4tverksanslutningar skyddade&nbsp;mot obeh\u00f6rig \u00e5tkomst. Om tredje part trots dessa \u00e5tg\u00e4rder f\u00e5r obeh\u00f6rig tillg\u00e5ng till dina uppgifter kommer vi att rapportera detta till den nederl\u00e4ndska dataskyddsmyndigheten.<\/p>\n\n\n\n<h2 class=\"wp-block-heading\">9. Dina r\u00e4ttigheter<\/h2>\n\n\n\n<p>Du har r\u00e4tt att kontrollera dina uppgifter. Om det visar sig att uppgifter om dig \u00e4r felaktiga har du r\u00e4tt att f\u00e5 dem r\u00e4ttade, kompletterade eller raderade av oss. Det kan vara s\u00e5 att det inte \u00e4r m\u00f6jligt att (helt) uppfylla en beg\u00e4ran, till exempel om din \u00e5tkomst leder till en kr\u00e4nkning av andras integritet eller om radering av uppgifter inneb\u00e4r att du inte kan tas om hand p\u00e5 r\u00e4tt s\u00e4tt. Om du vill ut\u00f6va dina r\u00e4ttigheter kan du meddela detta muntligt eller skriftligt med hj\u00e4lp av kontaktuppgifterna nedan. Dina intressen kan ocks\u00e5 f\u00f6retr\u00e4das av ett ombud (t.ex. ett skriftligt ombud, eller din kurator eller mentor).<\/p>\n\n\n\n<h2 class=\"wp-block-heading\">10. Fr\u00e5ga om klagom\u00e5l<\/h2>\n\n\n\n<p>Om du har ett klagom\u00e5l om hur vi hanterar dina uppgifter kan du kontakta v\u00e5rt dataskyddsombud med hj\u00e4lp av kontaktuppgifterna&nbsp;nedan.&nbsp;Om du inte kan l\u00f6sa fr\u00e5gan med v\u00e5rt dataskyddsombud har du r\u00e4tt att l\u00e4mna in ett klagom\u00e5l till den nederl\u00e4ndska dataskyddsmyndigheten.<\/p>\n\n\n\n<h2 class=\"wp-block-heading\">11. Kontaktuppgifter<\/h2>\n\n\n\n<p>Huisartsenspoedpost Midden-Holland (HAP MH) Midden-Holland<br>Attn.&nbsp;Dataskyddsombud: PWA Schel, Stichting Privacyzorg&nbsp;<strong>:<\/strong>&nbsp;<br>PB 123<br>2800 AC Gouda<br>Tel: 0182-322478<br>E-post:&nbsp;&nbsp;Huisartsenspoedpost Midden-Holland (HAP MH) <\/p>\n\n\n\n<p><\/p>\n","protected":false},"excerpt":{"rendered":"<p>1. Allm\u00e4nt F\u00f6r att kunna ge god akut sjukv\u00e5rd registrerar&nbsp;vi uppgifter om dig.&nbsp;Detta g\u00f6r vi i enlighet med dataskyddsf\u00f6rordningen (GDPR).&nbsp;Ut\u00f6ver denna allm\u00e4nna lag finns det s\u00e4rskilda regler f\u00f6r integritet inom h\u00e4lso- och sjukv\u00e5rden. Dessa regler framg\u00e5r av lagen om v\u00e5rdavtal (WGBO).&nbsp;Denna integritetspolicy syftar till att informera dig om dina r\u00e4ttigheter och v\u00e5ra skyldigheter som g\u00e4ller [&hellip;]<\/p>\n","protected":false},"author":3,"featured_media":0,"parent":0,"menu_order":0,"comment_status":"closed","ping_status":"closed","template":"","meta":{"_acf_changed":false,"_trash_the_other_posts":false,"editor_notices":[],"footnotes":""},"class_list":["post-54145","page","type-page","status-publish","hentry"],"acf":[],"yoast_head":"<!-- This site is optimized with the Yoast SEO plugin v26.6 - https:\/\/yoast.com\/wordpress\/plugins\/seo\/ -->\n<title>Sekretesspolicy Allm\u00e4nl\u00e4kare Akutstation Midden-Holland (HAP MH) Midden-Holland - Huisartsen Spoedpost Midden-Holland - Svenska<\/title>\n<meta name=\"robots\" content=\"index, follow, max-snippet:-1, max-image-preview:large, max-video-preview:-1\" \/>\n<link rel=\"canonical\" href=\"https:\/\/huisartsenspoedpostmiddenholland.nl\/sv\/privatliv\/\" \/>\n<meta property=\"og:locale\" content=\"sv_SE\" \/>\n<meta property=\"og:type\" content=\"article\" \/>\n<meta property=\"og:title\" content=\"Sekretesspolicy Allm\u00e4nl\u00e4kare Akutstation Midden-Holland (HAP MH) Midden-Holland - Huisartsen Spoedpost Midden-Holland - Svenska\" \/>\n<meta property=\"og:description\" content=\"1. Allm\u00e4nt F\u00f6r att kunna ge god akut sjukv\u00e5rd registrerar&nbsp;vi uppgifter om dig.&nbsp;Detta g\u00f6r vi i enlighet med dataskyddsf\u00f6rordningen (GDPR).&nbsp;Ut\u00f6ver denna allm\u00e4nna lag finns det s\u00e4rskilda regler f\u00f6r integritet inom h\u00e4lso- och sjukv\u00e5rden. Dessa regler framg\u00e5r av lagen om v\u00e5rdavtal (WGBO).&nbsp;Denna integritetspolicy syftar till att informera dig om dina r\u00e4ttigheter och v\u00e5ra skyldigheter som g\u00e4ller [&hellip;]\" \/>\n<meta property=\"og:url\" content=\"https:\/\/huisartsenspoedpostmiddenholland.nl\/sv\/privatliv\/\" \/>\n<meta property=\"og:site_name\" content=\"Huisartsen Spoedpost Midden-Holland - Svenska\" \/>\n<meta property=\"article:modified_time\" content=\"2025-09-12T12:41:18+00:00\" \/>\n<meta name=\"twitter:card\" content=\"summary_large_image\" \/>\n<meta name=\"twitter:label1\" content=\"Ber\u00e4knad l\u00e4stid\" \/>\n\t<meta name=\"twitter:data1\" content=\"5 minuter\" \/>\n<script type=\"application\/ld+json\" class=\"yoast-schema-graph\">{\"@context\":\"https:\/\/schema.org\",\"@graph\":[{\"@type\":\"WebPage\",\"@id\":\"https:\/\/huisartsenspoedpostmiddenholland.nl\/sv\/privatliv\/\",\"url\":\"https:\/\/huisartsenspoedpostmiddenholland.nl\/sv\/privatliv\/\",\"name\":\"Sekretesspolicy Allm\u00e4nl\u00e4kare Akutstation Midden-Holland (HAP MH) Midden-Holland - Huisartsen Spoedpost Midden-Holland - Svenska\",\"isPartOf\":{\"@id\":\"https:\/\/huisartsenspoedpostmiddenholland.nl\/sv\/#website\"},\"datePublished\":\"2025-08-08T07:43:06+00:00\",\"dateModified\":\"2025-09-12T12:41:18+00:00\",\"breadcrumb\":{\"@id\":\"https:\/\/huisartsenspoedpostmiddenholland.nl\/sv\/privatliv\/#breadcrumb\"},\"inLanguage\":\"sv-SE\",\"potentialAction\":[{\"@type\":\"ReadAction\",\"target\":[\"https:\/\/huisartsenspoedpostmiddenholland.nl\/sv\/privatliv\/\"]}]},{\"@type\":\"BreadcrumbList\",\"@id\":\"https:\/\/huisartsenspoedpostmiddenholland.nl\/sv\/privatliv\/#breadcrumb\",\"itemListElement\":[{\"@type\":\"ListItem\",\"position\":1,\"name\":\"Home\",\"item\":\"https:\/\/huisartsenspoedpostmiddenholland.nl\/sv\/\"},{\"@type\":\"ListItem\",\"position\":2,\"name\":\"Sekretesspolicy Allm\u00e4nl\u00e4kare Akutstation Midden-Holland (HAP MH) Midden-Holland\"}]},{\"@type\":\"WebSite\",\"@id\":\"https:\/\/huisartsenspoedpostmiddenholland.nl\/sv\/#website\",\"url\":\"https:\/\/huisartsenspoedpostmiddenholland.nl\/sv\/\",\"name\":\"Huisartsen Spoedpost Midden-Holland - Svenska\",\"description\":\"\",\"potentialAction\":[{\"@type\":\"SearchAction\",\"target\":{\"@type\":\"EntryPoint\",\"urlTemplate\":\"https:\/\/huisartsenspoedpostmiddenholland.nl\/sv\/?s={search_term_string}\"},\"query-input\":{\"@type\":\"PropertyValueSpecification\",\"valueRequired\":true,\"valueName\":\"search_term_string\"}}],\"inLanguage\":\"sv-SE\"}]}<\/script>\n<!-- \/ Yoast SEO plugin. -->","yoast_head_json":{"title":"Sekretesspolicy Allm\u00e4nl\u00e4kare Akutstation Midden-Holland (HAP MH) Midden-Holland - Huisartsen Spoedpost Midden-Holland - Svenska","robots":{"index":"index","follow":"follow","max-snippet":"max-snippet:-1","max-image-preview":"max-image-preview:large","max-video-preview":"max-video-preview:-1"},"canonical":"https:\/\/huisartsenspoedpostmiddenholland.nl\/sv\/privatliv\/","og_locale":"sv_SE","og_type":"article","og_title":"Sekretesspolicy Allm\u00e4nl\u00e4kare Akutstation Midden-Holland (HAP MH) Midden-Holland - Huisartsen Spoedpost Midden-Holland - Svenska","og_description":"1. Allm\u00e4nt F\u00f6r att kunna ge god akut sjukv\u00e5rd registrerar&nbsp;vi uppgifter om dig.&nbsp;Detta g\u00f6r vi i enlighet med dataskyddsf\u00f6rordningen (GDPR).&nbsp;Ut\u00f6ver denna allm\u00e4nna lag finns det s\u00e4rskilda regler f\u00f6r integritet inom h\u00e4lso- och sjukv\u00e5rden. Dessa regler framg\u00e5r av lagen om v\u00e5rdavtal (WGBO).&nbsp;Denna integritetspolicy syftar till att informera dig om dina r\u00e4ttigheter och v\u00e5ra skyldigheter som g\u00e4ller [&hellip;]","og_url":"https:\/\/huisartsenspoedpostmiddenholland.nl\/sv\/privatliv\/","og_site_name":"Huisartsen Spoedpost Midden-Holland - Svenska","article_modified_time":"2025-09-12T12:41:18+00:00","twitter_card":"summary_large_image","twitter_misc":{"Ber\u00e4knad l\u00e4stid":"5 minuter"},"schema":{"@context":"https:\/\/schema.org","@graph":[{"@type":"WebPage","@id":"https:\/\/huisartsenspoedpostmiddenholland.nl\/sv\/privatliv\/","url":"https:\/\/huisartsenspoedpostmiddenholland.nl\/sv\/privatliv\/","name":"Sekretesspolicy Allm\u00e4nl\u00e4kare Akutstation Midden-Holland (HAP MH) Midden-Holland - Huisartsen Spoedpost Midden-Holland - Svenska","isPartOf":{"@id":"https:\/\/huisartsenspoedpostmiddenholland.nl\/sv\/#website"},"datePublished":"2025-08-08T07:43:06+00:00","dateModified":"2025-09-12T12:41:18+00:00","breadcrumb":{"@id":"https:\/\/huisartsenspoedpostmiddenholland.nl\/sv\/privatliv\/#breadcrumb"},"inLanguage":"sv-SE","potentialAction":[{"@type":"ReadAction","target":["https:\/\/huisartsenspoedpostmiddenholland.nl\/sv\/privatliv\/"]}]},{"@type":"BreadcrumbList","@id":"https:\/\/huisartsenspoedpostmiddenholland.nl\/sv\/privatliv\/#breadcrumb","itemListElement":[{"@type":"ListItem","position":1,"name":"Home","item":"https:\/\/huisartsenspoedpostmiddenholland.nl\/sv\/"},{"@type":"ListItem","position":2,"name":"Sekretesspolicy Allm\u00e4nl\u00e4kare Akutstation Midden-Holland (HAP MH) Midden-Holland"}]},{"@type":"WebSite","@id":"https:\/\/huisartsenspoedpostmiddenholland.nl\/sv\/#website","url":"https:\/\/huisartsenspoedpostmiddenholland.nl\/sv\/","name":"Huisartsen Spoedpost Midden-Holland - Svenska","description":"","potentialAction":[{"@type":"SearchAction","target":{"@type":"EntryPoint","urlTemplate":"https:\/\/huisartsenspoedpostmiddenholland.nl\/sv\/?s={search_term_string}"},"query-input":{"@type":"PropertyValueSpecification","valueRequired":true,"valueName":"search_term_string"}}],"inLanguage":"sv-SE"}]}},"_links":{"self":[{"href":"https:\/\/huisartsenspoedpostmiddenholland.nl\/sv\/wp-json\/wp\/v2\/pages\/54145","targetHints":{"allow":["GET"]}}],"collection":[{"href":"https:\/\/huisartsenspoedpostmiddenholland.nl\/sv\/wp-json\/wp\/v2\/pages"}],"about":[{"href":"https:\/\/huisartsenspoedpostmiddenholland.nl\/sv\/wp-json\/wp\/v2\/types\/page"}],"author":[{"embeddable":true,"href":"https:\/\/huisartsenspoedpostmiddenholland.nl\/sv\/wp-json\/wp\/v2\/users\/3"}],"replies":[{"embeddable":true,"href":"https:\/\/huisartsenspoedpostmiddenholland.nl\/sv\/wp-json\/wp\/v2\/comments?post=54145"}],"version-history":[{"count":3,"href":"https:\/\/huisartsenspoedpostmiddenholland.nl\/sv\/wp-json\/wp\/v2\/pages\/54145\/revisions"}],"predecessor-version":[{"id":55063,"href":"https:\/\/huisartsenspoedpostmiddenholland.nl\/sv\/wp-json\/wp\/v2\/pages\/54145\/revisions\/55063"}],"wp:attachment":[{"href":"https:\/\/huisartsenspoedpostmiddenholland.nl\/sv\/wp-json\/wp\/v2\/media?parent=54145"}],"curies":[{"name":"wp","href":"https:\/\/api.w.org\/{rel}","templated":true}]}}