{"id":54139,"date":"2025-08-08T09:37:53","date_gmt":"2025-08-08T07:37:53","guid":{"rendered":"https:\/\/hapmh.mindd.dev\/?page_id=54139"},"modified":"2025-09-12T17:24:51","modified_gmt":"2025-09-12T15:24:51","slug":"procedur","status":"publish","type":"page","link":"https:\/\/huisartsenspoedpostmiddenholland.nl\/sv\/procedur\/","title":{"rendered":"Procedur"},"content":{"rendered":"\n<h2 class=\"wp-block-heading\">Hur fungerar v\u00e5rdcentralen?<\/h2>\n\n\n\n<p>Central Holland&nbsp;GP Emergency Station finns till f\u00f6r akut allm\u00e4nl\u00e4karv\u00e5rd utanf\u00f6r din egen husl\u00e4kares praktiktider. S\u00e5 under kv\u00e4llen, natten, helgen och p\u00e5 helgdagar. Som regel arbetar din egen husl\u00e4kare p\u00e5 din egen mottagning p\u00e5 vardagar fr\u00e5n 08:00 p\u00e5 morgonen till 17:00 p\u00e5 eftermiddagen. Om du beh\u00f6ver akut hj\u00e4lp av en allm\u00e4nl\u00e4kare utanf\u00f6r dessa tider, ring v\u00e5rdcentralen.<\/p>\n\n\n\n<p>Det \u00e4r inte m\u00f6jligt att komma till l\u00e4karstationen utan tidsbokning. Med br\u00e5dskande menas att v\u00e5rden inte kan v\u00e4nta till n\u00e4sta arbetsdag hos din egen husl\u00e4kare.<\/p>\n\n\n\n<h2 class=\"wp-block-heading\">Vad beh\u00f6ver du?<\/h2>\n\n\n\n<p>Ha de viktigaste uppgifterna redo. Detta inkluderar ditt BSN-nummer, f\u00f6delsedatum, namn, adress och telefonnummer (ditt eget eller den person du ringer f\u00f6r). Ha ocks\u00e5 dina mediciner, ID och uppgifter om din l\u00e4kare och f\u00f6rs\u00e4kringsbolag till hands. Om feber \u00e4r ett av symtomen, se till att du har m\u00e4tt kroppstemperaturen i f\u00f6rv\u00e4g. Du kan sedan vidarebefordra detta direkt om du blir tillfr\u00e5gad.<\/p>\n\n\n\n<h2 class=\"wp-block-heading\">Fyll i fr\u00e5gor p\u00e5 webbplatsen f\u00f6r direkt r\u00e5dgivning<\/h2>\n\n\n\n<p>Du fyller i fr\u00e5gorna h\u00f6gst upp p\u00e5 sidan p\u00e5 denna webbplats. Du kommer att f\u00e5 omedelbar r\u00e5dgivning. Detta kan vara ett lugnande besked om att du kan v\u00e4nta tills din egen v\u00e5rdcentral \u00e4r \u00f6ppen igen. Eller att det \u00e4r klokt att ringa 112 direkt. Eller att vi skulle vilja st\u00e4lla n\u00e5gra fler fr\u00e5gor till dig via telefon f\u00f6r att eventuellt boka en tid f\u00f6r dig p\u00e5 v\u00e5rdcentralen.<\/p>\n\n\n\n<h2 class=\"wp-block-heading\">Du ringer till v\u00e5rdcentralen och sen d\u00e5?<\/h2>\n\n\n\n<p>Om du ringer till v\u00e5rdcentralen f\u00e5r du en specialutbildad l\u00e4karassistent (triagist) p\u00e5 telefon. F\u00f6r att bed\u00f6ma hur br\u00e5dskande det \u00e4r st\u00e4ller triagesjuksk\u00f6terskan ett antal fr\u00e5gor om de medicinska besv\u00e4ren. Beroende p\u00e5 hur allvarlig din fr\u00e5ga \u00e4r v\u00e4ljer triagesjuksk\u00f6terskan ett av f\u00f6ljande alternativ:<\/p>\n\n\n\n<ul class=\"wp-block-list\">\n<li>Hon ger r\u00e5d per telefon<\/li>\n\n\n\n<li>Hon har blivit uppringd av husl\u00e4karen<\/li>\n\n\n\n<li>Hon bokar en tid f\u00f6r en konsultation p\u00e5 husl\u00e4karstationen<\/li>\n\n\n\n<li>Hon bokar tid f\u00f6r ett hembes\u00f6k.<\/li>\n\n\n\n<li>Hon kommer att h\u00e4nvisa dig till en annan v\u00e5rdgivare<\/li>\n<\/ul>\n\n\n\n<p>Triagesjuksk\u00f6terskan i telefon har ett n\u00e4ra samarbete med allm\u00e4nl\u00e4kare i tj\u00e4nst. Allm\u00e4nl\u00e4karna kontrollerar alla r\u00e5d som ges av triagesjuksk\u00f6terskorna.<\/p>\n\n\n\n<h2 class=\"wp-block-heading\">D\u00f6va och h\u00f6rselskadade<\/h2>\n\n\n\n<p>D\u00f6va, h\u00f6rselskadade och talskadade ringer n\u00f6dnumret 0800-8112 f\u00f6r akut v\u00e5rd med sin texttelefon. Om det inte \u00e4r n\u00e5gon n\u00f6dsituation, men hj\u00e4lp beh\u00f6vs, kan de ringa 0900-1844.<\/p>\n\n\n\n<h2 class=\"wp-block-heading\">N\u00f6dnummer (texttelefon) 0800 \u2013 8112<\/h2>\n\n\n\n<p>N\u00f6dnumret 0800-8112 kan n\u00e5s avgiftsfritt med en texttelefon, med vilken du kan meddela n\u00f6dcentralen genom att skriva ett meddelande. Detta meddelande skickas via telefonlinjen till \u00f6vervakningscentret. D\u00e4r l\u00e4ser den anst\u00e4llde i kontrollrummet din rapport p\u00e5 sin sk\u00e4rm.<\/p>\n\n\n\n<h3 class=\"wp-block-heading\">Rapportera omg\u00e5ende:<\/h3>\n\n\n\n<ul class=\"wp-block-list\">\n<li>d\u00e4r du \u00e4r;<\/li>\n\n\n\n<li>vart hj\u00e4lpen ska g\u00e5;<\/li>\n\n\n\n<li>Vilken r\u00e4ddningstj\u00e4nst du beh\u00f6ver: polis, brandk\u00e5r eller ambulans.<\/li>\n<\/ul>\n\n\n\n<p>Den anst\u00e4llde p\u00e5 n\u00f6dcentralen kommer d\u00e5 att skicka hj\u00e4lp omedelbart. Om du \u00e4r i akut behov av hj\u00e4lp av en allm\u00e4nl\u00e4kare och \u00e4nd\u00e5 kan komma till v\u00e5rdcentralen, beh\u00f6ver du inte ringa i f\u00f6rv\u00e4g.<\/p>\n\n\n\n<h2 class=\"wp-block-heading\">Hembes\u00f6k<\/h2>\n\n\n\n<p>Om ett bes\u00f6k p\u00e5 v\u00e5rdcentralen inte \u00e4r medicinskt motiverat kommer triagesjuksk\u00f6terskan att boka ett hembes\u00f6k med dig. L\u00e4karen kommer sedan att k\u00f6ras till din adress i en s\u00e4rskild tj\u00e4nstebil med en bes\u00f6ksassistent. Denna bil \u00e4r utrustad med all n\u00f6dv\u00e4ndig utrustning f\u00f6r att ge n\u00f6dhj\u00e4lp. P\u00e5 grund av den direkta anslutningen till v\u00e5rdcentralen kan kontakt alltid tas med andra v\u00e5rdgivare, till exempel ambulanssjukv\u00e5rden, vid akut v\u00e5rd.<\/p>\n\n\n\n<p><strong>Observera:&nbsp;<\/strong>att inte ha egen transport \u00e4r inte en anledning till ett hembes\u00f6k.<\/p>\n\n\n\n<h2 class=\"wp-block-heading\">Medicin<\/h2>\n\n\n\n<p>Om l\u00e4kemedel \u00e4r utskrivna kan du g\u00e5 till serviceapoteket, se \u00e4ven under\u00a0\u00a0<a href=\"\/sv\/akut-apotek-midden-holland\/\">Apotek<\/a>\u00a0.<\/p>\n\n\n\n<h2 class=\"wp-block-heading\">Efter din kontakt med L\u00e4karposten<\/h2>\n\n\n\n<p>En rapport om kontakten kommer att skickas till din egen l\u00e4kare.\u00a0P\u00e5 s\u00e5 s\u00e4tt vet din husl\u00e4kare exakt vilken beg\u00e4ran om hj\u00e4lp du har haft kontakt med v\u00e5rdcentralen och hur behandlingen har varit.\u00a0Mer information finns under <a href=\"\/sv\/privatliv\/\">integritetspolicy<\/a>.<\/p>\n\n\n\n<p><\/p>\n","protected":false},"excerpt":{"rendered":"<p>Hur fungerar v\u00e5rdcentralen? Central Holland&nbsp;GP Emergency Station finns till f\u00f6r akut allm\u00e4nl\u00e4karv\u00e5rd utanf\u00f6r din egen husl\u00e4kares praktiktider. S\u00e5 under kv\u00e4llen, natten, helgen och p\u00e5 helgdagar. Som regel arbetar din egen husl\u00e4kare p\u00e5 din egen mottagning p\u00e5 vardagar fr\u00e5n 08:00 p\u00e5 morgonen till 17:00 p\u00e5 eftermiddagen. Om du beh\u00f6ver akut hj\u00e4lp av en allm\u00e4nl\u00e4kare utanf\u00f6r dessa [&hellip;]<\/p>\n","protected":false},"author":3,"featured_media":0,"parent":0,"menu_order":0,"comment_status":"closed","ping_status":"closed","template":"","meta":{"_acf_changed":false,"_trash_the_other_posts":false,"editor_notices":[],"footnotes":""},"class_list":["post-54139","page","type-page","status-publish","hentry"],"acf":[],"yoast_head":"<!-- This site is optimized with the Yoast SEO plugin v26.6 - https:\/\/yoast.com\/wordpress\/plugins\/seo\/ -->\n<title>Procedur - Huisartsen Spoedpost Midden-Holland - Svenska<\/title>\n<meta name=\"robots\" content=\"index, follow, max-snippet:-1, max-image-preview:large, max-video-preview:-1\" \/>\n<link rel=\"canonical\" href=\"https:\/\/huisartsenspoedpostmiddenholland.nl\/sv\/procedur\/\" \/>\n<meta property=\"og:locale\" content=\"sv_SE\" \/>\n<meta property=\"og:type\" content=\"article\" \/>\n<meta property=\"og:title\" content=\"Procedur - Huisartsen Spoedpost Midden-Holland - Svenska\" \/>\n<meta property=\"og:description\" content=\"Hur fungerar v\u00e5rdcentralen? Central Holland&nbsp;GP Emergency Station finns till f\u00f6r akut allm\u00e4nl\u00e4karv\u00e5rd utanf\u00f6r din egen husl\u00e4kares praktiktider. S\u00e5 under kv\u00e4llen, natten, helgen och p\u00e5 helgdagar. Som regel arbetar din egen husl\u00e4kare p\u00e5 din egen mottagning p\u00e5 vardagar fr\u00e5n 08:00 p\u00e5 morgonen till 17:00 p\u00e5 eftermiddagen. Om du beh\u00f6ver akut hj\u00e4lp av en allm\u00e4nl\u00e4kare utanf\u00f6r dessa [&hellip;]\" \/>\n<meta property=\"og:url\" content=\"https:\/\/huisartsenspoedpostmiddenholland.nl\/sv\/procedur\/\" \/>\n<meta property=\"og:site_name\" content=\"Huisartsen Spoedpost Midden-Holland - Svenska\" \/>\n<meta property=\"article:modified_time\" content=\"2025-09-12T15:24:51+00:00\" \/>\n<meta name=\"twitter:card\" content=\"summary_large_image\" \/>\n<meta name=\"twitter:label1\" content=\"Ber\u00e4knad l\u00e4stid\" \/>\n\t<meta name=\"twitter:data1\" content=\"3 minuter\" \/>\n<script type=\"application\/ld+json\" class=\"yoast-schema-graph\">{\"@context\":\"https:\/\/schema.org\",\"@graph\":[{\"@type\":\"WebPage\",\"@id\":\"https:\/\/huisartsenspoedpostmiddenholland.nl\/sv\/procedur\/\",\"url\":\"https:\/\/huisartsenspoedpostmiddenholland.nl\/sv\/procedur\/\",\"name\":\"Procedur - Huisartsen Spoedpost Midden-Holland - Svenska\",\"isPartOf\":{\"@id\":\"https:\/\/huisartsenspoedpostmiddenholland.nl\/sv\/#website\"},\"datePublished\":\"2025-08-08T07:37:53+00:00\",\"dateModified\":\"2025-09-12T15:24:51+00:00\",\"breadcrumb\":{\"@id\":\"https:\/\/huisartsenspoedpostmiddenholland.nl\/sv\/procedur\/#breadcrumb\"},\"inLanguage\":\"sv-SE\",\"potentialAction\":[{\"@type\":\"ReadAction\",\"target\":[\"https:\/\/huisartsenspoedpostmiddenholland.nl\/sv\/procedur\/\"]}]},{\"@type\":\"BreadcrumbList\",\"@id\":\"https:\/\/huisartsenspoedpostmiddenholland.nl\/sv\/procedur\/#breadcrumb\",\"itemListElement\":[{\"@type\":\"ListItem\",\"position\":1,\"name\":\"Home\",\"item\":\"https:\/\/huisartsenspoedpostmiddenholland.nl\/sv\/\"},{\"@type\":\"ListItem\",\"position\":2,\"name\":\"Procedur\"}]},{\"@type\":\"WebSite\",\"@id\":\"https:\/\/huisartsenspoedpostmiddenholland.nl\/sv\/#website\",\"url\":\"https:\/\/huisartsenspoedpostmiddenholland.nl\/sv\/\",\"name\":\"Huisartsen Spoedpost Midden-Holland - Svenska\",\"description\":\"\",\"potentialAction\":[{\"@type\":\"SearchAction\",\"target\":{\"@type\":\"EntryPoint\",\"urlTemplate\":\"https:\/\/huisartsenspoedpostmiddenholland.nl\/sv\/?s={search_term_string}\"},\"query-input\":{\"@type\":\"PropertyValueSpecification\",\"valueRequired\":true,\"valueName\":\"search_term_string\"}}],\"inLanguage\":\"sv-SE\"}]}<\/script>\n<!-- \/ Yoast SEO plugin. -->","yoast_head_json":{"title":"Procedur - Huisartsen Spoedpost Midden-Holland - Svenska","robots":{"index":"index","follow":"follow","max-snippet":"max-snippet:-1","max-image-preview":"max-image-preview:large","max-video-preview":"max-video-preview:-1"},"canonical":"https:\/\/huisartsenspoedpostmiddenholland.nl\/sv\/procedur\/","og_locale":"sv_SE","og_type":"article","og_title":"Procedur - Huisartsen Spoedpost Midden-Holland - Svenska","og_description":"Hur fungerar v\u00e5rdcentralen? Central Holland&nbsp;GP Emergency Station finns till f\u00f6r akut allm\u00e4nl\u00e4karv\u00e5rd utanf\u00f6r din egen husl\u00e4kares praktiktider. S\u00e5 under kv\u00e4llen, natten, helgen och p\u00e5 helgdagar. Som regel arbetar din egen husl\u00e4kare p\u00e5 din egen mottagning p\u00e5 vardagar fr\u00e5n 08:00 p\u00e5 morgonen till 17:00 p\u00e5 eftermiddagen. Om du beh\u00f6ver akut hj\u00e4lp av en allm\u00e4nl\u00e4kare utanf\u00f6r dessa [&hellip;]","og_url":"https:\/\/huisartsenspoedpostmiddenholland.nl\/sv\/procedur\/","og_site_name":"Huisartsen Spoedpost Midden-Holland - Svenska","article_modified_time":"2025-09-12T15:24:51+00:00","twitter_card":"summary_large_image","twitter_misc":{"Ber\u00e4knad l\u00e4stid":"3 minuter"},"schema":{"@context":"https:\/\/schema.org","@graph":[{"@type":"WebPage","@id":"https:\/\/huisartsenspoedpostmiddenholland.nl\/sv\/procedur\/","url":"https:\/\/huisartsenspoedpostmiddenholland.nl\/sv\/procedur\/","name":"Procedur - Huisartsen Spoedpost Midden-Holland - Svenska","isPartOf":{"@id":"https:\/\/huisartsenspoedpostmiddenholland.nl\/sv\/#website"},"datePublished":"2025-08-08T07:37:53+00:00","dateModified":"2025-09-12T15:24:51+00:00","breadcrumb":{"@id":"https:\/\/huisartsenspoedpostmiddenholland.nl\/sv\/procedur\/#breadcrumb"},"inLanguage":"sv-SE","potentialAction":[{"@type":"ReadAction","target":["https:\/\/huisartsenspoedpostmiddenholland.nl\/sv\/procedur\/"]}]},{"@type":"BreadcrumbList","@id":"https:\/\/huisartsenspoedpostmiddenholland.nl\/sv\/procedur\/#breadcrumb","itemListElement":[{"@type":"ListItem","position":1,"name":"Home","item":"https:\/\/huisartsenspoedpostmiddenholland.nl\/sv\/"},{"@type":"ListItem","position":2,"name":"Procedur"}]},{"@type":"WebSite","@id":"https:\/\/huisartsenspoedpostmiddenholland.nl\/sv\/#website","url":"https:\/\/huisartsenspoedpostmiddenholland.nl\/sv\/","name":"Huisartsen Spoedpost Midden-Holland - Svenska","description":"","potentialAction":[{"@type":"SearchAction","target":{"@type":"EntryPoint","urlTemplate":"https:\/\/huisartsenspoedpostmiddenholland.nl\/sv\/?s={search_term_string}"},"query-input":{"@type":"PropertyValueSpecification","valueRequired":true,"valueName":"search_term_string"}}],"inLanguage":"sv-SE"}]}},"_links":{"self":[{"href":"https:\/\/huisartsenspoedpostmiddenholland.nl\/sv\/wp-json\/wp\/v2\/pages\/54139","targetHints":{"allow":["GET"]}}],"collection":[{"href":"https:\/\/huisartsenspoedpostmiddenholland.nl\/sv\/wp-json\/wp\/v2\/pages"}],"about":[{"href":"https:\/\/huisartsenspoedpostmiddenholland.nl\/sv\/wp-json\/wp\/v2\/types\/page"}],"author":[{"embeddable":true,"href":"https:\/\/huisartsenspoedpostmiddenholland.nl\/sv\/wp-json\/wp\/v2\/users\/3"}],"replies":[{"embeddable":true,"href":"https:\/\/huisartsenspoedpostmiddenholland.nl\/sv\/wp-json\/wp\/v2\/comments?post=54139"}],"version-history":[{"count":14,"href":"https:\/\/huisartsenspoedpostmiddenholland.nl\/sv\/wp-json\/wp\/v2\/pages\/54139\/revisions"}],"predecessor-version":[{"id":55069,"href":"https:\/\/huisartsenspoedpostmiddenholland.nl\/sv\/wp-json\/wp\/v2\/pages\/54139\/revisions\/55069"}],"wp:attachment":[{"href":"https:\/\/huisartsenspoedpostmiddenholland.nl\/sv\/wp-json\/wp\/v2\/media?parent=54139"}],"curies":[{"name":"wp","href":"https:\/\/api.w.org\/{rel}","templated":true}]}}