{"id":54145,"date":"2025-08-08T09:43:06","date_gmt":"2025-08-08T07:43:06","guid":{"rendered":"https:\/\/hapmh.mindd.dev\/?page_id=54145"},"modified":"2025-09-12T14:41:14","modified_gmt":"2025-09-12T12:41:14","slug":"prywatnosc","status":"publish","type":"page","link":"https:\/\/huisartsenspoedpostmiddenholland.nl\/pl\/prywatnosc\/","title":{"rendered":"Polityka prywatno\u015bci Lekarz rodzinny Stacja alarmowa Midden-Holland (HAP MH) Midden-Holland"},"content":{"rendered":"\n<h2 class=\"wp-block-heading\">1. Postanowienia og\u00f3lne<\/h2>\n\n\n\n<p>Aby m\u00f3c zapewni\u0107 dobr\u0105 pomoc medyczn\u0105 w nag\u0142ych wypadkach, rejestrujemy&nbsp;Twoje dane.&nbsp;Robimy to zgodnie z og\u00f3lnym rozporz\u0105dzeniem o ochronie danych (RODO).&nbsp;Opr\u00f3cz tego og\u00f3lnego prawa istniej\u0105 szczeg\u00f3lne zasady dotycz\u0105ce prywatno\u015bci w opiece zdrowotnej.&nbsp;Zasady te s\u0105 okre\u015blone w ustawie o umowach o leczenie (WGBO).&nbsp;Niniejsza polityka prywatno\u015bci ma na celu poinformowanie Ci\u0119 o Twoich prawach i naszych obowi\u0105zkach, kt\u00f3re maj\u0105 zastosowanie na mocy RODO i WGBO.<\/p>\n\n\n\n<h2 class=\"wp-block-heading\">2. Wykorzystanie danych osobowych<\/h2>\n\n\n\n<p>Kiedy kontaktujesz si\u0119 z nami telefonicznie, odwiedzasz stacj\u0119 medyczn\u0105 lekarza rodzinnego lub lekarz rodzinny przyje\u017cd\u017ca do Twojego domu, rejestrowane s\u0105 r\u00f3\u017cne dane osobowe na Tw\u00f3j temat.&nbsp;Zapisujemy te dane w elektronicznej kartotece pacjenta.&nbsp;Jest to konieczne, aby m\u00f3c zapewni\u0107 Ci dobr\u0105 opiek\u0119 medyczn\u0105 i rozliczy\u0107&nbsp;si\u0119 finansowo z tytu\u0142u \u015bwiadczonej Ci opieki.<\/p>\n\n\n\n<p>Przetwarzamy nast\u0119puj\u0105ce dane osobowe:<\/p>\n\n\n\n<ul class=\"wp-block-list\">\n<li>Imi\u0119 i nazwisko, adres i miejsce zamieszkania<\/li>\n\n\n\n<li>Data urodzenia<\/li>\n\n\n\n<li>P\u0142e\u0107<\/li>\n\n\n\n<li>Numer telefonu<\/li>\n\n\n\n<li>Numer Obs\u0142ugi Obywatela (BSN)<\/li>\n\n\n\n<li>Szczeg\u00f3\u0142y ubezpieczenia<\/li>\n\n\n\n<li>Imi\u0119 i nazwisko w\u0142asnego lekarza rodzinnego&nbsp;<\/li>\n\n\n\n<li>Dane medyczne<\/li>\n<\/ul>\n\n\n\n<p>Otrzymujemy r\u00f3wnie\u017c dane od innych \u015bwiadczeniodawc\u00f3w opieki zdrowotnej, do kt\u00f3rych mo\u017ce nale\u017ce\u0107 Tw\u00f3j w\u0142asny lekarz rodzinny lub apteka. W celu monitorowania i poprawy jako\u015bci naszej opieki nagrywamy rozmowy telefoniczne. Nagrania tych rozm\u00f3w mog\u0105 by\u0107 wykorzystane w przypadku reklamacji lub incydentu. Nagrania te s\u0105 przechowywane maksymalnie przez 1 rok.<\/p>\n\n\n\n<p>Dla Pa\u0144stwa i naszego bezpiecze\u0144stwa, obrazy z kamer s\u0105 rejestrowane w poczekalniach stacji medycznej lekarza rodzinnego. Gdy dojdzie do incydentu, mo\u017cna poprosi\u0107 o odpowiednie obrazy w celu obs\u0142ugi incydentu.<\/p>\n\n\n\n<h2 class=\"wp-block-heading\">3. Dlaczego przetwarzamy Twoje dane?<\/h2>\n\n\n\n<p>Zgodnie z RODO za przetwarzanie Twoich danych osobowych odpowiada Przychodnia Medyczna Lekarz Rodzinny. Pani\/Pana dane s\u0105 zbierane w celu:<\/p>\n\n\n\n<ul class=\"wp-block-list\">\n<li>zapewnienie nowoczesnej opieki lekarza pierwszego kontaktu;<\/li>\n\n\n\n<li>zg\u0142aszanie ubezpieczycielom zdrowotnym \u015bwiadczonej opieki zdrowotnej;<\/li>\n\n\n\n<li>ocena i gwarantowanie jako\u015bci \u015bwiadczonej opieki;<\/li>\n<\/ul>\n\n\n\n<p>Anonimowe dane s\u0105 zbierane w celu:<\/p>\n\n\n\n<ul class=\"wp-block-list\">\n<li>rozliczanie opieki \u015bwiadczonej na rzecz ubezpieczycieli zdrowotnych;<\/li>\n\n\n\n<li>przyczynianie si\u0119 do bada\u0144 (naukowych), edukacji i informacji.<\/li>\n<\/ul>\n\n\n\n<h2 class=\"wp-block-heading\">4. Okres przechowywania danych<\/h2>\n\n\n\n<p>Przechowujemy Pa\u0144stwa dane tak d\u0142ugo, jak jest to konieczne do \u015bwiadczenia opieki i tak d\u0142ugo, jak prawo wymaga od nas przechowywania Pa\u0144stwa danych. Po tym okresie usuniemy Twoje dane.<\/p>\n\n\n\n<h2 class=\"wp-block-heading\">5. Kto ma dost\u0119p do Twoich danych?<\/h2>\n\n\n\n<p>Tylko \u015bwiadczeniodawcy i pracownicy, kt\u00f3rzy s\u0105 bezpo\u015brednio zaanga\u017cowani w leczenie i obs\u0142ug\u0119 Twojego wniosku o opiek\u0119, mog\u0105 przegl\u0105da\u0107 Twoje dane. Obejmuje to mi\u0119dzy innymi: piel\u0119gniark\u0119 dokonuj\u0105c\u0105 tria\u017cu (wykwalifikowany asystent lekarza), z kt\u00f3r\u0105 masz kontakt telefoniczny \/ przyjmujesz przy stanowisku&nbsp;oraz lekarza pierwszego kontaktu lub innego pracownika s\u0142u\u017cby zdrowia, kt\u00f3ry Ci\u0119 leczy. Lekarz zapozna si\u0119 z Twoj\u0105 dokumentacj\u0105 tylko w zakresie niezb\u0119dnym do Twojego leczenia.<\/p>\n\n\n\n<p>W przypadku rozpatrzenia skargi mo\u017ce by\u0107 konieczne, aby specjalista ds. skarg i kierownik Stacji Ratunkowej Lekarza Og\u00f3lnego w Midden-Holland (HAP MH) zapoznali si\u0119 z aktami i ewentualnie nagraniami rozm\u00f3w telefonicznych i\/lub obrazami z kamer. Udzielasz na to osobnego pozwolenia.<\/p>\n\n\n\n<h2 class=\"wp-block-heading\">6. Ujawnianie danych osobowych osobom trzecim<\/h2>\n\n\n\n<p>Pracownicy naszej organizacji s\u0105 zobowi\u0105zani do traktowania Pa\u0144stwa danych osobowych w spos\u00f3b poufny. Oznacza to na przyk\u0142ad, \u017ce do przekazania danych osobowych osobom trzecim wymagana jest Pa\u0144stwa wyra\u017ana zgoda. Istniej\u0105 jednak pewne wyj\u0105tki od tej regu\u0142y. Na podstawie przepisu prawa obowi\u0105zek zachowania tajemnicy przez \u015bwiadczeniodawc\u0119 mo\u017ce zosta\u0107 z\u0142amany, np.&nbsp;w przypadku obawy przed powa\u017cnym zagro\u017ceniem zdrowia Twojego lub innej osoby. Ponadto dane mog\u0105&nbsp;by\u0107 wymieniane, ustnie, pisemnie lub cyfrowo, z innymi \u015bwiadczeniodawcami zaanga\u017cowanymi w leczenie. Na przyk\u0142ad pogotowiu ratunkowemu, izbie przyj\u0119\u0107, specjali\u015bcie w szpitalu, do kt\u00f3rego zosta\u0142e\u015b skierowany, lub farmaceucie, kt\u00f3ry przetwarza Twoj\u0105 recept\u0119, aby m\u00f3c zaopatrzy\u0107 Ci\u0119 w odpowiednie leki.<\/p>\n\n\n\n<h2 class=\"wp-block-heading\">7. Wymiana danych<\/h2>\n\n\n\n<p>W celu zapewnienia jak najlepszej&nbsp;opieki nad pacjentem, najwa\u017cniejsze dane z Twojej dokumentacji medycznej w\u0142asnego lekarza rodzinnego i apteki mog\u0105 by\u0107 przegl\u0105dane przez piel\u0119gniark\u0119 tria\u017cow\u0105 i lekarza rodzinnego dy\u017curuj\u0105cego w punkcie medycznym lekarza rodzinnego (za po\u015brednictwem Krajowego Punktu Wymiany Informacji). O te dane mo\u017cemy prosi\u0107 tylko wtedy, gdy wyrazili Pa\u0144stwo zgod\u0119 swojemu lekarzowi rodzinnemu i aptece.<\/p>\n\n\n\n<p>Je\u015bli kontaktowa\u0142e\u015b si\u0119 z nami telefonicznie, je\u015bli by\u0142e\u015b w punkcie medycznym lekarza rodzinnego lub je\u015bli by\u0142e\u015b odwiedzany przez lekarza rodzinnego w domu, podsumowanie tego kontaktu i \u015bwiadczonej opieki zostanie wys\u0142ane (cyfrowo) do Twojego lekarza rodzinnego. Dzi\u0119ki temu Tw\u00f3j lekarz rodzinny mo\u017ce pozna\u0107 pow\u00f3d skontaktowania si\u0119 ze stacj\u0105 medyczn\u0105 lekarza rodzinnego, jaka opieka zosta\u0142a w wyniku tego zapewniona i jakie uzgodnienia zosta\u0142y zawarte.<\/p>\n\n\n\n<h2 class=\"wp-block-heading\">8. \u015arodki bezpiecze\u0144stwa<\/h2>\n\n\n\n<p>Podj\u0119li\u015bmy szereg organizacyjnych i technicznych \u015brodk\u00f3w bezpiecze\u0144stwa w celu ochrony Twoich danych. W ten spos\u00f3b wszyscy pracownicy s\u0105 informowani i u\u015bwiadamiani o wra\u017cliwo\u015bci Pa\u0144stwa danych na prywatno\u015b\u0107 oraz o tym, jak obchodzi\u0107 si\u0119 z nimi ostro\u017cnie i przy zachowaniu \u015bcis\u0142ej poufno\u015bci. Ponadto nasze systemy komputerowe i po\u0142\u0105czenia sieciowe s\u0105 zabezpieczone&nbsp;przed nieautoryzowanym dost\u0119pem. Je\u015bli, pomimo tych \u015brodk\u00f3w, osoby trzecie uzyskaj\u0105 nieuprawniony dost\u0119p do Twoich danych, poinformujemy o tym holenderski organ ochrony danych.<\/p>\n\n\n\n<h2 class=\"wp-block-heading\">9. Twoje prawa<\/h2>\n\n\n\n<p>Maj\u0105 Pa\u0144stwo prawo wgl\u0105du do swoich danych. Je\u017celi oka\u017ce si\u0119, \u017ce dane na Tw\u00f3j temat s\u0105 nieprawid\u0142owe, masz prawo do ich poprawienia, uzupe\u0142nienia lub usuni\u0119cia przez nas. Mo\u017ce si\u0119 zdarzy\u0107, \u017ce nie b\u0119dzie mo\u017cliwe (pe\u0142ne) spe\u0142nienie \u017c\u0105dania, na przyk\u0142ad je\u015bli dost\u0119p do danych prowadzi do naruszenia prywatno\u015bci innych os\u00f3b lub je\u015bli usuni\u0119cie danych oznacza, \u017ce nie mo\u017cna si\u0119 nim odpowiednio zaopiekowa\u0107. Je\u015bli chcesz skorzysta\u0107 ze swoich praw, mo\u017cesz poinformowa\u0107 o tym ustnie lub pisemnie, korzystaj\u0105c z poni\u017cszych danych kontaktowych. Twoje interesy mog\u0105 by\u0107 r\u00f3wnie\u017c reprezentowane przez pe\u0142nomocnika (np. pe\u0142nomocnika pisemnego lub kuratora lub mentora).<\/p>\n\n\n\n<h2 class=\"wp-block-heading\">10. Kwestia reklamacji<\/h2>\n\n\n\n<p>Je\u015bli chcesz z\u0142o\u017cy\u0107 skarg\u0119 dotycz\u0105c\u0105 sposobu, w jaki przetwarzamy Twoje dane, skontaktuj si\u0119 z naszym inspektorem ochrony danych, korzystaj\u0105c z&nbsp;danych kontaktowych podanych poni\u017cej.&nbsp;Je\u015bli nie mo\u017cesz rozwi\u0105za\u0107 problemu z naszym inspektorem ochrony danych, masz prawo z\u0142o\u017cy\u0107 skarg\u0119 do holenderskiego organu ochrony danych.<\/p>\n\n\n\n<h2 class=\"wp-block-heading\">11. Dane kontaktowe<\/h2>\n\n\n\n<p>Huisartsenspoedpost Midden-Holland (HAP MH) Midden-Holland<br>&nbsp;do wiadomo\u015bci Inspektora Ochrony Danych: PWA Schel, Stichting Privacyzorg&nbsp;<strong>:<\/strong>&nbsp;<br>skrytka pocztowa 123<br>2800 AC Gouda<br>Numer telefonu: 0182-322478<br>E-mail:&nbsp;&nbsp;Huisartsenspoedpost Midden-Holland (HAP MH) <\/p>\n\n\n\n<p><\/p>\n","protected":false},"excerpt":{"rendered":"<p>1. Postanowienia og\u00f3lne Aby m\u00f3c zapewni\u0107 dobr\u0105 pomoc medyczn\u0105 w nag\u0142ych wypadkach, rejestrujemy&nbsp;Twoje dane.&nbsp;Robimy to zgodnie z og\u00f3lnym rozporz\u0105dzeniem o ochronie danych (RODO).&nbsp;Opr\u00f3cz tego og\u00f3lnego prawa istniej\u0105 szczeg\u00f3lne zasady dotycz\u0105ce prywatno\u015bci w opiece zdrowotnej.&nbsp;Zasady te s\u0105 okre\u015blone w ustawie o umowach o leczenie (WGBO).&nbsp;Niniejsza polityka prywatno\u015bci ma na celu poinformowanie Ci\u0119 o Twoich prawach i [&hellip;]<\/p>\n","protected":false},"author":3,"featured_media":0,"parent":0,"menu_order":0,"comment_status":"closed","ping_status":"closed","template":"","meta":{"_acf_changed":false,"_trash_the_other_posts":false,"editor_notices":[],"footnotes":""},"class_list":["post-54145","page","type-page","status-publish","hentry"],"acf":[],"yoast_head":"<!-- This site is optimized with the Yoast SEO plugin v26.6 - https:\/\/yoast.com\/wordpress\/plugins\/seo\/ -->\n<title>Polityka prywatno\u015bci Lekarz rodzinny Stacja alarmowa Midden-Holland (HAP MH) Midden-Holland - Huisartsen Spoedpost Midden-Holland - Polska<\/title>\n<meta name=\"robots\" content=\"index, follow, max-snippet:-1, max-image-preview:large, max-video-preview:-1\" \/>\n<link rel=\"canonical\" href=\"https:\/\/huisartsenspoedpostmiddenholland.nl\/pl\/prywatnosc\/\" \/>\n<meta property=\"og:locale\" content=\"pl_PL\" \/>\n<meta property=\"og:type\" content=\"article\" \/>\n<meta property=\"og:title\" content=\"Polityka prywatno\u015bci Lekarz rodzinny Stacja alarmowa Midden-Holland (HAP MH) Midden-Holland - Huisartsen Spoedpost Midden-Holland - Polska\" \/>\n<meta property=\"og:description\" content=\"1. Postanowienia og\u00f3lne Aby m\u00f3c zapewni\u0107 dobr\u0105 pomoc medyczn\u0105 w nag\u0142ych wypadkach, rejestrujemy&nbsp;Twoje dane.&nbsp;Robimy to zgodnie z og\u00f3lnym rozporz\u0105dzeniem o ochronie danych (RODO).&nbsp;Opr\u00f3cz tego og\u00f3lnego prawa istniej\u0105 szczeg\u00f3lne zasady dotycz\u0105ce prywatno\u015bci w opiece zdrowotnej.&nbsp;Zasady te s\u0105 okre\u015blone w ustawie o umowach o leczenie (WGBO).&nbsp;Niniejsza polityka prywatno\u015bci ma na celu poinformowanie Ci\u0119 o Twoich prawach i [&hellip;]\" \/>\n<meta property=\"og:url\" content=\"https:\/\/huisartsenspoedpostmiddenholland.nl\/pl\/prywatnosc\/\" \/>\n<meta property=\"og:site_name\" content=\"Huisartsen Spoedpost Midden-Holland - Polska\" \/>\n<meta property=\"article:modified_time\" content=\"2025-09-12T12:41:14+00:00\" \/>\n<meta name=\"twitter:card\" content=\"summary_large_image\" \/>\n<meta name=\"twitter:label1\" content=\"Szacowany czas czytania\" \/>\n\t<meta name=\"twitter:data1\" content=\"5 minut\" \/>\n<script type=\"application\/ld+json\" class=\"yoast-schema-graph\">{\"@context\":\"https:\/\/schema.org\",\"@graph\":[{\"@type\":\"WebPage\",\"@id\":\"https:\/\/huisartsenspoedpostmiddenholland.nl\/pl\/prywatnosc\/\",\"url\":\"https:\/\/huisartsenspoedpostmiddenholland.nl\/pl\/prywatnosc\/\",\"name\":\"Polityka prywatno\u015bci Lekarz rodzinny Stacja alarmowa Midden-Holland (HAP MH) Midden-Holland - Huisartsen Spoedpost Midden-Holland - Polska\",\"isPartOf\":{\"@id\":\"https:\/\/huisartsenspoedpostmiddenholland.nl\/pl\/#website\"},\"datePublished\":\"2025-08-08T07:43:06+00:00\",\"dateModified\":\"2025-09-12T12:41:14+00:00\",\"breadcrumb\":{\"@id\":\"https:\/\/huisartsenspoedpostmiddenholland.nl\/pl\/prywatnosc\/#breadcrumb\"},\"inLanguage\":\"pl-PL\",\"potentialAction\":[{\"@type\":\"ReadAction\",\"target\":[\"https:\/\/huisartsenspoedpostmiddenholland.nl\/pl\/prywatnosc\/\"]}]},{\"@type\":\"BreadcrumbList\",\"@id\":\"https:\/\/huisartsenspoedpostmiddenholland.nl\/pl\/prywatnosc\/#breadcrumb\",\"itemListElement\":[{\"@type\":\"ListItem\",\"position\":1,\"name\":\"Home\",\"item\":\"https:\/\/huisartsenspoedpostmiddenholland.nl\/pl\/\"},{\"@type\":\"ListItem\",\"position\":2,\"name\":\"Polityka prywatno\u015bci Lekarz rodzinny Stacja alarmowa Midden-Holland (HAP MH) Midden-Holland\"}]},{\"@type\":\"WebSite\",\"@id\":\"https:\/\/huisartsenspoedpostmiddenholland.nl\/pl\/#website\",\"url\":\"https:\/\/huisartsenspoedpostmiddenholland.nl\/pl\/\",\"name\":\"Huisartsen Spoedpost Midden-Holland - Polska\",\"description\":\"\",\"potentialAction\":[{\"@type\":\"SearchAction\",\"target\":{\"@type\":\"EntryPoint\",\"urlTemplate\":\"https:\/\/huisartsenspoedpostmiddenholland.nl\/pl\/?s={search_term_string}\"},\"query-input\":{\"@type\":\"PropertyValueSpecification\",\"valueRequired\":true,\"valueName\":\"search_term_string\"}}],\"inLanguage\":\"pl-PL\"}]}<\/script>\n<!-- \/ Yoast SEO plugin. -->","yoast_head_json":{"title":"Polityka prywatno\u015bci Lekarz rodzinny Stacja alarmowa Midden-Holland (HAP MH) Midden-Holland - Huisartsen Spoedpost Midden-Holland - Polska","robots":{"index":"index","follow":"follow","max-snippet":"max-snippet:-1","max-image-preview":"max-image-preview:large","max-video-preview":"max-video-preview:-1"},"canonical":"https:\/\/huisartsenspoedpostmiddenholland.nl\/pl\/prywatnosc\/","og_locale":"pl_PL","og_type":"article","og_title":"Polityka prywatno\u015bci Lekarz rodzinny Stacja alarmowa Midden-Holland (HAP MH) Midden-Holland - Huisartsen Spoedpost Midden-Holland - Polska","og_description":"1. Postanowienia og\u00f3lne Aby m\u00f3c zapewni\u0107 dobr\u0105 pomoc medyczn\u0105 w nag\u0142ych wypadkach, rejestrujemy&nbsp;Twoje dane.&nbsp;Robimy to zgodnie z og\u00f3lnym rozporz\u0105dzeniem o ochronie danych (RODO).&nbsp;Opr\u00f3cz tego og\u00f3lnego prawa istniej\u0105 szczeg\u00f3lne zasady dotycz\u0105ce prywatno\u015bci w opiece zdrowotnej.&nbsp;Zasady te s\u0105 okre\u015blone w ustawie o umowach o leczenie (WGBO).&nbsp;Niniejsza polityka prywatno\u015bci ma na celu poinformowanie Ci\u0119 o Twoich prawach i [&hellip;]","og_url":"https:\/\/huisartsenspoedpostmiddenholland.nl\/pl\/prywatnosc\/","og_site_name":"Huisartsen Spoedpost Midden-Holland - Polska","article_modified_time":"2025-09-12T12:41:14+00:00","twitter_card":"summary_large_image","twitter_misc":{"Szacowany czas czytania":"5 minut"},"schema":{"@context":"https:\/\/schema.org","@graph":[{"@type":"WebPage","@id":"https:\/\/huisartsenspoedpostmiddenholland.nl\/pl\/prywatnosc\/","url":"https:\/\/huisartsenspoedpostmiddenholland.nl\/pl\/prywatnosc\/","name":"Polityka prywatno\u015bci Lekarz rodzinny Stacja alarmowa Midden-Holland (HAP MH) Midden-Holland - Huisartsen Spoedpost Midden-Holland - Polska","isPartOf":{"@id":"https:\/\/huisartsenspoedpostmiddenholland.nl\/pl\/#website"},"datePublished":"2025-08-08T07:43:06+00:00","dateModified":"2025-09-12T12:41:14+00:00","breadcrumb":{"@id":"https:\/\/huisartsenspoedpostmiddenholland.nl\/pl\/prywatnosc\/#breadcrumb"},"inLanguage":"pl-PL","potentialAction":[{"@type":"ReadAction","target":["https:\/\/huisartsenspoedpostmiddenholland.nl\/pl\/prywatnosc\/"]}]},{"@type":"BreadcrumbList","@id":"https:\/\/huisartsenspoedpostmiddenholland.nl\/pl\/prywatnosc\/#breadcrumb","itemListElement":[{"@type":"ListItem","position":1,"name":"Home","item":"https:\/\/huisartsenspoedpostmiddenholland.nl\/pl\/"},{"@type":"ListItem","position":2,"name":"Polityka prywatno\u015bci Lekarz rodzinny Stacja alarmowa Midden-Holland (HAP MH) Midden-Holland"}]},{"@type":"WebSite","@id":"https:\/\/huisartsenspoedpostmiddenholland.nl\/pl\/#website","url":"https:\/\/huisartsenspoedpostmiddenholland.nl\/pl\/","name":"Huisartsen Spoedpost Midden-Holland - Polska","description":"","potentialAction":[{"@type":"SearchAction","target":{"@type":"EntryPoint","urlTemplate":"https:\/\/huisartsenspoedpostmiddenholland.nl\/pl\/?s={search_term_string}"},"query-input":{"@type":"PropertyValueSpecification","valueRequired":true,"valueName":"search_term_string"}}],"inLanguage":"pl-PL"}]}},"_links":{"self":[{"href":"https:\/\/huisartsenspoedpostmiddenholland.nl\/pl\/wp-json\/wp\/v2\/pages\/54145","targetHints":{"allow":["GET"]}}],"collection":[{"href":"https:\/\/huisartsenspoedpostmiddenholland.nl\/pl\/wp-json\/wp\/v2\/pages"}],"about":[{"href":"https:\/\/huisartsenspoedpostmiddenholland.nl\/pl\/wp-json\/wp\/v2\/types\/page"}],"author":[{"embeddable":true,"href":"https:\/\/huisartsenspoedpostmiddenholland.nl\/pl\/wp-json\/wp\/v2\/users\/3"}],"replies":[{"embeddable":true,"href":"https:\/\/huisartsenspoedpostmiddenholland.nl\/pl\/wp-json\/wp\/v2\/comments?post=54145"}],"version-history":[{"count":6,"href":"https:\/\/huisartsenspoedpostmiddenholland.nl\/pl\/wp-json\/wp\/v2\/pages\/54145\/revisions"}],"predecessor-version":[{"id":55106,"href":"https:\/\/huisartsenspoedpostmiddenholland.nl\/pl\/wp-json\/wp\/v2\/pages\/54145\/revisions\/55106"}],"wp:attachment":[{"href":"https:\/\/huisartsenspoedpostmiddenholland.nl\/pl\/wp-json\/wp\/v2\/media?parent=54145"}],"curies":[{"name":"wp","href":"https:\/\/api.w.org\/{rel}","templated":true}]}}