{"id":54142,"date":"2025-08-08T09:38:53","date_gmt":"2025-08-08T07:38:53","guid":{"rendered":"https:\/\/hapmh.mindd.dev\/?page_id=54142"},"modified":"2025-09-12T14:41:20","modified_gmt":"2025-09-12T12:41:20","slug":"apteka-w-naglych-wypadkach-midden-holandia","status":"publish","type":"page","link":"https:\/\/huisartsenspoedpostmiddenholland.nl\/pl\/apteka-w-naglych-wypadkach-midden-holandia\/","title":{"rendered":"Apteka w nag\u0142ych wypadkach Midden-Holland"},"content":{"rendered":"\n<p>Je\u015bli dy\u017curny lekarz rodzinny przepisa\u0142 Ci leki, mo\u017cesz je odebra\u0107 w aptece ratunkowej Midden-Holland (SAP). Apteka ta znajduje si\u0119 obok przychodni lekarskiej i Szpitalnego Oddzia\u0142u Ratunkowego.<\/p>\n\n\n\n<p>SAP zapewnia piln\u0105 opiek\u0119 farmaceutyczn\u0105 i jest otwarty w nast\u0119puj\u0105cych godzinach:<\/p>\n\n\n\n<ul class=\"wp-block-list\">\n<li>Od poniedzia\u0142ku do pi\u0105tku: 17:30 \u2013 8:00<\/li>\n\n\n\n<li>Sobota i niedziela: 24 godziny<\/li>\n\n\n\n<li>Dni ustawowo wolne od pracy: 24 godziny<\/li>\n<\/ul>\n\n\n\n<p>Zadzwo\u0144 pod numer 0182 &#8211; 698 820 lub odwied\u017a stron\u0119 internetow\u0105, aby uzyska\u0107 wi\u0119cej informacji: <a href=\"http:\/\/www.sap-mh.nl\/\" target=\"_blank\" rel=\"noreferrer noopener\">www.sap-mh.nl<\/a><\/p>\n\n\n\n<p><\/p>\n","protected":false},"excerpt":{"rendered":"<p>Je\u015bli dy\u017curny lekarz rodzinny przepisa\u0142 Ci leki, mo\u017cesz je odebra\u0107 w aptece ratunkowej Midden-Holland (SAP). Apteka ta znajduje si\u0119 obok przychodni lekarskiej i Szpitalnego Oddzia\u0142u Ratunkowego. SAP zapewnia piln\u0105 opiek\u0119 farmaceutyczn\u0105 i jest otwarty w nast\u0119puj\u0105cych godzinach: Zadzwo\u0144 pod numer 0182 &#8211; 698 820 lub odwied\u017a stron\u0119 internetow\u0105, aby uzyska\u0107 wi\u0119cej informacji: www.sap-mh.nl<\/p>\n","protected":false},"author":3,"featured_media":0,"parent":0,"menu_order":0,"comment_status":"closed","ping_status":"closed","template":"","meta":{"_acf_changed":false,"_trash_the_other_posts":false,"editor_notices":[],"footnotes":""},"class_list":["post-54142","page","type-page","status-publish","hentry"],"acf":[],"yoast_head":"<!-- This site is optimized with the Yoast SEO plugin v26.6 - https:\/\/yoast.com\/wordpress\/plugins\/seo\/ -->\n<title>Apteka w nag\u0142ych wypadkach Midden-Holland - Huisartsen Spoedpost Midden-Holland - Polska<\/title>\n<meta name=\"robots\" content=\"index, follow, max-snippet:-1, max-image-preview:large, max-video-preview:-1\" \/>\n<link rel=\"canonical\" href=\"https:\/\/huisartsenspoedpostmiddenholland.nl\/pl\/apteka-w-naglych-wypadkach-midden-holandia\/\" \/>\n<meta property=\"og:locale\" content=\"pl_PL\" \/>\n<meta property=\"og:type\" content=\"article\" \/>\n<meta property=\"og:title\" content=\"Apteka w nag\u0142ych wypadkach Midden-Holland - Huisartsen Spoedpost Midden-Holland - Polska\" \/>\n<meta property=\"og:description\" content=\"Je\u015bli dy\u017curny lekarz rodzinny przepisa\u0142 Ci leki, mo\u017cesz je odebra\u0107 w aptece ratunkowej Midden-Holland (SAP). Apteka ta znajduje si\u0119 obok przychodni lekarskiej i Szpitalnego Oddzia\u0142u Ratunkowego. SAP zapewnia piln\u0105 opiek\u0119 farmaceutyczn\u0105 i jest otwarty w nast\u0119puj\u0105cych godzinach: Zadzwo\u0144 pod numer 0182 &#8211; 698 820 lub odwied\u017a stron\u0119 internetow\u0105, aby uzyska\u0107 wi\u0119cej informacji: www.sap-mh.nl\" \/>\n<meta property=\"og:url\" content=\"https:\/\/huisartsenspoedpostmiddenholland.nl\/pl\/apteka-w-naglych-wypadkach-midden-holandia\/\" \/>\n<meta property=\"og:site_name\" content=\"Huisartsen Spoedpost Midden-Holland - Polska\" \/>\n<meta property=\"article:modified_time\" content=\"2025-09-12T12:41:20+00:00\" \/>\n<meta name=\"twitter:card\" content=\"summary_large_image\" \/>\n<meta name=\"twitter:label1\" content=\"Szacowany czas czytania\" \/>\n\t<meta name=\"twitter:data1\" content=\"1 minuta\" \/>\n<script type=\"application\/ld+json\" class=\"yoast-schema-graph\">{\"@context\":\"https:\/\/schema.org\",\"@graph\":[{\"@type\":\"WebPage\",\"@id\":\"https:\/\/huisartsenspoedpostmiddenholland.nl\/pl\/apteka-w-naglych-wypadkach-midden-holandia\/\",\"url\":\"https:\/\/huisartsenspoedpostmiddenholland.nl\/pl\/apteka-w-naglych-wypadkach-midden-holandia\/\",\"name\":\"Apteka w nag\u0142ych wypadkach Midden-Holland - Huisartsen Spoedpost Midden-Holland - Polska\",\"isPartOf\":{\"@id\":\"https:\/\/huisartsenspoedpostmiddenholland.nl\/pl\/#website\"},\"datePublished\":\"2025-08-08T07:38:53+00:00\",\"dateModified\":\"2025-09-12T12:41:20+00:00\",\"breadcrumb\":{\"@id\":\"https:\/\/huisartsenspoedpostmiddenholland.nl\/pl\/apteka-w-naglych-wypadkach-midden-holandia\/#breadcrumb\"},\"inLanguage\":\"pl-PL\",\"potentialAction\":[{\"@type\":\"ReadAction\",\"target\":[\"https:\/\/huisartsenspoedpostmiddenholland.nl\/pl\/apteka-w-naglych-wypadkach-midden-holandia\/\"]}]},{\"@type\":\"BreadcrumbList\",\"@id\":\"https:\/\/huisartsenspoedpostmiddenholland.nl\/pl\/apteka-w-naglych-wypadkach-midden-holandia\/#breadcrumb\",\"itemListElement\":[{\"@type\":\"ListItem\",\"position\":1,\"name\":\"Home\",\"item\":\"https:\/\/huisartsenspoedpostmiddenholland.nl\/pl\/\"},{\"@type\":\"ListItem\",\"position\":2,\"name\":\"Apteka w nag\u0142ych wypadkach Midden-Holland\"}]},{\"@type\":\"WebSite\",\"@id\":\"https:\/\/huisartsenspoedpostmiddenholland.nl\/pl\/#website\",\"url\":\"https:\/\/huisartsenspoedpostmiddenholland.nl\/pl\/\",\"name\":\"Huisartsen Spoedpost Midden-Holland - Polska\",\"description\":\"\",\"potentialAction\":[{\"@type\":\"SearchAction\",\"target\":{\"@type\":\"EntryPoint\",\"urlTemplate\":\"https:\/\/huisartsenspoedpostmiddenholland.nl\/pl\/?s={search_term_string}\"},\"query-input\":{\"@type\":\"PropertyValueSpecification\",\"valueRequired\":true,\"valueName\":\"search_term_string\"}}],\"inLanguage\":\"pl-PL\"}]}<\/script>\n<!-- \/ Yoast SEO plugin. -->","yoast_head_json":{"title":"Apteka w nag\u0142ych wypadkach Midden-Holland - Huisartsen Spoedpost Midden-Holland - Polska","robots":{"index":"index","follow":"follow","max-snippet":"max-snippet:-1","max-image-preview":"max-image-preview:large","max-video-preview":"max-video-preview:-1"},"canonical":"https:\/\/huisartsenspoedpostmiddenholland.nl\/pl\/apteka-w-naglych-wypadkach-midden-holandia\/","og_locale":"pl_PL","og_type":"article","og_title":"Apteka w nag\u0142ych wypadkach Midden-Holland - Huisartsen Spoedpost Midden-Holland - Polska","og_description":"Je\u015bli dy\u017curny lekarz rodzinny przepisa\u0142 Ci leki, mo\u017cesz je odebra\u0107 w aptece ratunkowej Midden-Holland (SAP). Apteka ta znajduje si\u0119 obok przychodni lekarskiej i Szpitalnego Oddzia\u0142u Ratunkowego. SAP zapewnia piln\u0105 opiek\u0119 farmaceutyczn\u0105 i jest otwarty w nast\u0119puj\u0105cych godzinach: Zadzwo\u0144 pod numer 0182 &#8211; 698 820 lub odwied\u017a stron\u0119 internetow\u0105, aby uzyska\u0107 wi\u0119cej informacji: www.sap-mh.nl","og_url":"https:\/\/huisartsenspoedpostmiddenholland.nl\/pl\/apteka-w-naglych-wypadkach-midden-holandia\/","og_site_name":"Huisartsen Spoedpost Midden-Holland - Polska","article_modified_time":"2025-09-12T12:41:20+00:00","twitter_card":"summary_large_image","twitter_misc":{"Szacowany czas czytania":"1 minuta"},"schema":{"@context":"https:\/\/schema.org","@graph":[{"@type":"WebPage","@id":"https:\/\/huisartsenspoedpostmiddenholland.nl\/pl\/apteka-w-naglych-wypadkach-midden-holandia\/","url":"https:\/\/huisartsenspoedpostmiddenholland.nl\/pl\/apteka-w-naglych-wypadkach-midden-holandia\/","name":"Apteka w nag\u0142ych wypadkach Midden-Holland - Huisartsen Spoedpost Midden-Holland - Polska","isPartOf":{"@id":"https:\/\/huisartsenspoedpostmiddenholland.nl\/pl\/#website"},"datePublished":"2025-08-08T07:38:53+00:00","dateModified":"2025-09-12T12:41:20+00:00","breadcrumb":{"@id":"https:\/\/huisartsenspoedpostmiddenholland.nl\/pl\/apteka-w-naglych-wypadkach-midden-holandia\/#breadcrumb"},"inLanguage":"pl-PL","potentialAction":[{"@type":"ReadAction","target":["https:\/\/huisartsenspoedpostmiddenholland.nl\/pl\/apteka-w-naglych-wypadkach-midden-holandia\/"]}]},{"@type":"BreadcrumbList","@id":"https:\/\/huisartsenspoedpostmiddenholland.nl\/pl\/apteka-w-naglych-wypadkach-midden-holandia\/#breadcrumb","itemListElement":[{"@type":"ListItem","position":1,"name":"Home","item":"https:\/\/huisartsenspoedpostmiddenholland.nl\/pl\/"},{"@type":"ListItem","position":2,"name":"Apteka w nag\u0142ych wypadkach Midden-Holland"}]},{"@type":"WebSite","@id":"https:\/\/huisartsenspoedpostmiddenholland.nl\/pl\/#website","url":"https:\/\/huisartsenspoedpostmiddenholland.nl\/pl\/","name":"Huisartsen Spoedpost Midden-Holland - Polska","description":"","potentialAction":[{"@type":"SearchAction","target":{"@type":"EntryPoint","urlTemplate":"https:\/\/huisartsenspoedpostmiddenholland.nl\/pl\/?s={search_term_string}"},"query-input":{"@type":"PropertyValueSpecification","valueRequired":true,"valueName":"search_term_string"}}],"inLanguage":"pl-PL"}]}},"_links":{"self":[{"href":"https:\/\/huisartsenspoedpostmiddenholland.nl\/pl\/wp-json\/wp\/v2\/pages\/54142","targetHints":{"allow":["GET"]}}],"collection":[{"href":"https:\/\/huisartsenspoedpostmiddenholland.nl\/pl\/wp-json\/wp\/v2\/pages"}],"about":[{"href":"https:\/\/huisartsenspoedpostmiddenholland.nl\/pl\/wp-json\/wp\/v2\/types\/page"}],"author":[{"embeddable":true,"href":"https:\/\/huisartsenspoedpostmiddenholland.nl\/pl\/wp-json\/wp\/v2\/users\/3"}],"replies":[{"embeddable":true,"href":"https:\/\/huisartsenspoedpostmiddenholland.nl\/pl\/wp-json\/wp\/v2\/comments?post=54142"}],"version-history":[{"count":3,"href":"https:\/\/huisartsenspoedpostmiddenholland.nl\/pl\/wp-json\/wp\/v2\/pages\/54142\/revisions"}],"predecessor-version":[{"id":55060,"href":"https:\/\/huisartsenspoedpostmiddenholland.nl\/pl\/wp-json\/wp\/v2\/pages\/54142\/revisions\/55060"}],"wp:attachment":[{"href":"https:\/\/huisartsenspoedpostmiddenholland.nl\/pl\/wp-json\/wp\/v2\/media?parent=54142"}],"curies":[{"name":"wp","href":"https:\/\/api.w.org\/{rel}","templated":true}]}}