{"id":54145,"date":"2025-08-08T09:43:06","date_gmt":"2025-08-08T07:43:06","guid":{"rendered":"https:\/\/hapmh.mindd.dev\/?page_id=54145"},"modified":"2025-09-12T14:41:16","modified_gmt":"2025-09-12T12:41:16","slug":"privacy","status":"publish","type":"page","link":"https:\/\/huisartsenspoedpostmiddenholland.nl\/it\/privacy\/","title":{"rendered":"Informativa sulla privacy Medico generico Emergency Station Midden-Holland (HAP MH) Midden-Holland"},"content":{"rendered":"\n<h2 class=\"wp-block-heading\">1. Disposizioni generali<\/h2>\n\n\n\n<p>Al fine di essere in grado di fornire una buona assistenza medica di emergenza, registriamo&nbsp;i dati che vi riguardano.&nbsp;Lo facciamo in linea con il Regolamento generale sulla protezione dei dati (GDPR).&nbsp;Oltre a questa legge generale, esistono norme specifiche per la privacy nel settore sanitario.&nbsp;Queste regole sono stabilite nel Medical Treatment Agreement Act (WGBO).&nbsp;La presente informativa sulla privacy ha lo scopo di informarvi sui vostri diritti e sui nostri obblighi che si applicano ai sensi del GDPR e WGBO.<\/p>\n\n\n\n<h2 class=\"wp-block-heading\">2. Utilizzo dei dati personali dell&#8217;utente<\/h2>\n\n\n\n<p>Quando ci contattate telefonicamente, vi recate presso la stazione medica del medico di base o un medico di base viene a casa vostra, vengono registrati diversi dati personali che vi riguardano.&nbsp;Registriamo questi dati in una cartella elettronica del paziente,&nbsp;necessaria per potervi fornire una buona assistenza medica e per la liquidazione&nbsp;finanziaria delle cure che vi vengono fornite.<\/p>\n\n\n\n<p>Trattiamo i seguenti dati personali:<\/p>\n\n\n\n<ul class=\"wp-block-list\">\n<li>Nome, indirizzo e luogo di residenza<\/li>\n\n\n\n<li>Data di nascita<\/li>\n\n\n\n<li>Genere<\/li>\n\n\n\n<li>Numero telefonico<\/li>\n\n\n\n<li>Numero di servizio al cittadino (BSN)<\/li>\n\n\n\n<li>Dettagli dell&#8217;assicurazione<\/li>\n\n\n\n<li>Nome del tuo medico di&nbsp;famiglia<\/li>\n\n\n\n<li>Dati medici<\/li>\n<\/ul>\n\n\n\n<p>Riceviamo anche dati da altri fornitori di servizi sanitari, che possono includere il tuo medico di famiglia o la tua farmacia. Al fine di monitorare e migliorare la qualit\u00e0 delle nostre cure, registriamo le conversazioni telefoniche. Le registrazioni di queste conversazioni possono essere utilizzate in caso di reclamo o incidente. Queste registrazioni sono conservate per un massimo di 1 anno.<\/p>\n\n\n\n<p>Per la vostra e la nostra sicurezza, le immagini delle telecamere vengono registrate nelle aree di attesa della stazione medica del medico di base. Quando si verifica un incidente, \u00e8 possibile richiedere le immagini pertinenti ai fini della gestione dell&#8217;incidente.<\/p>\n\n\n\n<h2 class=\"wp-block-heading\">3. Perch\u00e9 trattiamo i tuoi dati?<\/h2>\n\n\n\n<p>Ai sensi del GDPR, la Posta Medica GP \u00e8 responsabile del trattamento dei tuoi dati personali. I tuoi dati sono raccolti per:<\/p>\n\n\n\n<ul class=\"wp-block-list\">\n<li>fornire cure aggiornate ai medici di medicina generale;<\/li>\n\n\n\n<li>dichiarare le cure fornite alle casse malati;<\/li>\n\n\n\n<li>valutare e garantire la qualit\u00e0 delle cure fornite;<\/li>\n<\/ul>\n\n\n\n<p>I dati anonimi sono raccolti per:<\/p>\n\n\n\n<ul class=\"wp-block-list\">\n<li>contabilizzazione dell&#8217;assistenza fornita alle casse malati;<\/li>\n\n\n\n<li>contribuire alla ricerca (scientifica), all&#8217;istruzione e all&#8217;informazione.<\/li>\n<\/ul>\n\n\n\n<h2 class=\"wp-block-heading\">4. Periodo di conservazione dei tuoi dati<\/h2>\n\n\n\n<p>Conserviamo i tuoi dati per tutto il tempo necessario per la fornitura di assistenza e per tutto il tempo in cui la legge ci impone di conservare i tuoi dati. Trascorso questo periodo, cancelleremo i tuoi dati.<\/p>\n\n\n\n<h2 class=\"wp-block-heading\">5. Chi ha accesso ai tuoi dati?<\/h2>\n\n\n\n<p>Solo gli operatori sanitari e i dipendenti direttamente coinvolti nel trattamento e nella gestione della tua richiesta di assistenza possono consultare i tuoi dati. Ci\u00f2 include, tra l&#8217;altro: l&#8217;infermiere di triage (assistente medico qualificato) con cui hai un contatto telefonico \/ ti riceve allo sportello e&nbsp;il medico di base o il collega operatore sanitario che ti cura. Consulteranno il tuo fascicolo solo nella misura necessaria per il tuo trattamento.<\/p>\n\n\n\n<p>In caso di gestione di un reclamo, potrebbe essere necessario che l&#8217;addetto ai reclami e il responsabile del General Practitioner Emergency Station Midden-Holland (HAP MH) controllino il fascicolo ed eventualmente le registrazioni delle conversazioni telefoniche e\/o le immagini delle telecamere. Concedi un&#8217;autorizzazione separata per questo.<\/p>\n\n\n\n<h2 class=\"wp-block-heading\">6. Divulgazione dei dati personali dell&#8217;utente a terzi<\/h2>\n\n\n\n<p>I dipendenti della nostra organizzazione hanno l&#8217;obbligo di trattare i vostri dati personali in modo confidenziale. Ci\u00f2 significa, ad esempio, che \u00e8 necessario il consenso esplicito dell&#8217;utente per il trasferimento dei dati personali a terzi. Tuttavia, ci sono alcune eccezioni a questa regola. Sulla base di una disposizione di legge, l&#8217;obbligo di riservatezza del fornitore di cure pu\u00f2 essere violato, ad esempio&nbsp;se si teme un grave pericolo per la propria salute o per quella di qualcun altro. Inoltre, i dati possono&nbsp;essere scambiati, oralmente, per iscritto o digitalmente con altri operatori sanitari coinvolti nel trattamento. Ad esempio, con il servizio di ambulanza, il pronto soccorso, uno specialista dell&#8217;ospedale a cui sei indirizzato o il farmacista che elabora una tua prescrizione per poterti fornire i farmaci giusti.<\/p>\n\n\n\n<h2 class=\"wp-block-heading\">7. Scambio di dati<\/h2>\n\n\n\n<p>Al fine di fornire la migliore assistenza possibile&nbsp;al paziente, i dati pi\u00f9 importanti della cartella clinica del proprio medico di base e della farmacia possono essere visualizzati dall&#8217;infermiere di triage e dal medico di base di turno presso la stazione medica del medico di base (tramite il Punto di Scambio Nazionale). Questi dati possono essere richiesti da noi solo se avete dato il permesso al vostro medico di famiglia e alla vostra farmacia.<\/p>\n\n\n\n<p>Se hai avuto contatti con noi per telefono, se sei stato alla stazione medica del medico di base o se sei stato visitato dal medico di base a domicilio, un riepilogo di questo contatto e delle cure fornite sar\u00e0 inviato (digitalmente) al tuo medico di base. In questo modo il proprio medico di base pu\u00f2 conoscere il motivo per cui si \u00e8 rivolto, quali cure sono state fornite di conseguenza e quali accordi sono stati stipulati.<\/p>\n\n\n\n<h2 class=\"wp-block-heading\">8. Misure di sicurezza<\/h2>\n\n\n\n<p>Abbiamo adottato diverse misure di sicurezza organizzative e tecniche per proteggere i tuoi dati. In questo modo, tutti i dipendenti sono informati e sensibilizzati sulla sensibilit\u00e0 alla privacy dei tuoi dati e su come gestirli con cura e con la massima riservatezza. Inoltre, i nostri sistemi informatici e le connessioni di rete sono protetti&nbsp;contro l&#8217;accesso non autorizzato. Se, nonostante queste misure, terzi ottengono l&#8217;accesso non autorizzato ai tuoi dati, lo segnaleremo all&#8217;Autorit\u00e0 olandese per la protezione dei dati.<\/p>\n\n\n\n<h2 class=\"wp-block-heading\">9. I tuoi diritti<\/h2>\n\n\n\n<p>L&#8217;utente ha il diritto di consultare i propri dati. Se risulta che i dati che ti riguardano non sono corretti, hai il diritto di farli correggere, integrare o cancellare da noi. \u00c8 possibile che non sia possibile soddisfare (completamente) una richiesta, ad esempio se l&#8217;accesso dell&#8217;utente comporta una violazione della privacy altrui o se la cancellazione dei dati comporta l&#8217;impossibilit\u00e0 di prendersi cura dell&#8217;utente. Se desiderate esercitare i vostri diritti, potete comunicarlo verbalmente o per iscritto utilizzando i dettagli di contatto riportati di seguito. I tuoi interessi possono anche essere rappresentati da un rappresentante (come un rappresentante scritto, il tuo curatore o mentore).<\/p>\n\n\n\n<h2 class=\"wp-block-heading\">10. Questione del reclamo<\/h2>\n\n\n\n<p>In caso di reclami sul modo in cui gestiamo i dati, si prega di contattare il nostro Responsabile della protezione dei dati utilizzando i&nbsp;dettagli di contatto forniti di seguito.&nbsp;Se non \u00e8 possibile risolvere la questione con il nostro Responsabile della protezione dei dati, l&#8217;utente ha il diritto di presentare un reclamo all&#8217;Autorit\u00e0 olandese per la protezione dei dati.<\/p>\n\n\n\n<h2 class=\"wp-block-heading\">11. Informazioni di contatto<\/h2>\n\n\n\n<p>Huisartsenspoedpost Midden-Holland (HAP MH) Midden-Holland<br>&nbsp;Responsabile della protezione dei dati: PWA Schel, Stichting Privacyzorg&nbsp;<strong>:<\/strong>&nbsp;<br>Casella postale 123<br>2800 AC Gouda<br>Tel: 0182-322478<br>E-mail:&nbsp;&nbsp;Huisartsenspoedpost Midden-Holland (HAP MH) <\/p>\n\n\n\n<p><\/p>\n","protected":false},"excerpt":{"rendered":"<p>1. Disposizioni generali Al fine di essere in grado di fornire una buona assistenza medica di emergenza, registriamo&nbsp;i dati che vi riguardano.&nbsp;Lo facciamo in linea con il Regolamento generale sulla protezione dei dati (GDPR).&nbsp;Oltre a questa legge generale, esistono norme specifiche per la privacy nel settore sanitario.&nbsp;Queste regole sono stabilite nel Medical Treatment Agreement Act [&hellip;]<\/p>\n","protected":false},"author":3,"featured_media":0,"parent":0,"menu_order":0,"comment_status":"closed","ping_status":"closed","template":"","meta":{"_acf_changed":false,"_trash_the_other_posts":false,"editor_notices":[],"footnotes":""},"class_list":["post-54145","page","type-page","status-publish","hentry"],"acf":[],"yoast_head":"<!-- This site is optimized with the Yoast SEO plugin v26.6 - https:\/\/yoast.com\/wordpress\/plugins\/seo\/ -->\n<title>Informativa sulla privacy Medico generico Emergency Station Midden-Holland (HAP MH) Midden-Holland - Huisartsen Spoedpost Midden-Holland - Italiano<\/title>\n<meta name=\"robots\" content=\"index, follow, max-snippet:-1, max-image-preview:large, max-video-preview:-1\" \/>\n<link rel=\"canonical\" href=\"https:\/\/huisartsenspoedpostmiddenholland.nl\/it\/privacy\/\" \/>\n<meta property=\"og:locale\" content=\"it_IT\" \/>\n<meta property=\"og:type\" content=\"article\" \/>\n<meta property=\"og:title\" content=\"Informativa sulla privacy Medico generico Emergency Station Midden-Holland (HAP MH) Midden-Holland - Huisartsen Spoedpost Midden-Holland - Italiano\" \/>\n<meta property=\"og:description\" content=\"1. Disposizioni generali Al fine di essere in grado di fornire una buona assistenza medica di emergenza, registriamo&nbsp;i dati che vi riguardano.&nbsp;Lo facciamo in linea con il Regolamento generale sulla protezione dei dati (GDPR).&nbsp;Oltre a questa legge generale, esistono norme specifiche per la privacy nel settore sanitario.&nbsp;Queste regole sono stabilite nel Medical Treatment Agreement Act [&hellip;]\" \/>\n<meta property=\"og:url\" content=\"https:\/\/huisartsenspoedpostmiddenholland.nl\/it\/privacy\/\" \/>\n<meta property=\"og:site_name\" content=\"Huisartsen Spoedpost Midden-Holland - Italiano\" \/>\n<meta property=\"article:modified_time\" content=\"2025-09-12T12:41:16+00:00\" \/>\n<meta name=\"twitter:card\" content=\"summary_large_image\" \/>\n<meta name=\"twitter:label1\" content=\"Tempo di lettura stimato\" \/>\n\t<meta name=\"twitter:data1\" content=\"5 minuti\" \/>\n<script type=\"application\/ld+json\" class=\"yoast-schema-graph\">{\"@context\":\"https:\/\/schema.org\",\"@graph\":[{\"@type\":\"WebPage\",\"@id\":\"https:\/\/huisartsenspoedpostmiddenholland.nl\/it\/privacy\/\",\"url\":\"https:\/\/huisartsenspoedpostmiddenholland.nl\/it\/privacy\/\",\"name\":\"Informativa sulla privacy Medico generico Emergency Station Midden-Holland (HAP MH) Midden-Holland - Huisartsen Spoedpost Midden-Holland - Italiano\",\"isPartOf\":{\"@id\":\"https:\/\/huisartsenspoedpostmiddenholland.nl\/it\/#website\"},\"datePublished\":\"2025-08-08T07:43:06+00:00\",\"dateModified\":\"2025-09-12T12:41:16+00:00\",\"breadcrumb\":{\"@id\":\"https:\/\/huisartsenspoedpostmiddenholland.nl\/it\/privacy\/#breadcrumb\"},\"inLanguage\":\"it-IT\",\"potentialAction\":[{\"@type\":\"ReadAction\",\"target\":[\"https:\/\/huisartsenspoedpostmiddenholland.nl\/it\/privacy\/\"]}]},{\"@type\":\"BreadcrumbList\",\"@id\":\"https:\/\/huisartsenspoedpostmiddenholland.nl\/it\/privacy\/#breadcrumb\",\"itemListElement\":[{\"@type\":\"ListItem\",\"position\":1,\"name\":\"Home\",\"item\":\"https:\/\/huisartsenspoedpostmiddenholland.nl\/it\/\"},{\"@type\":\"ListItem\",\"position\":2,\"name\":\"Informativa sulla privacy Medico generico Emergency Station Midden-Holland (HAP MH) Midden-Holland\"}]},{\"@type\":\"WebSite\",\"@id\":\"https:\/\/huisartsenspoedpostmiddenholland.nl\/it\/#website\",\"url\":\"https:\/\/huisartsenspoedpostmiddenholland.nl\/it\/\",\"name\":\"Huisartsen Spoedpost Midden-Holland - Italiano\",\"description\":\"\",\"potentialAction\":[{\"@type\":\"SearchAction\",\"target\":{\"@type\":\"EntryPoint\",\"urlTemplate\":\"https:\/\/huisartsenspoedpostmiddenholland.nl\/it\/?s={search_term_string}\"},\"query-input\":{\"@type\":\"PropertyValueSpecification\",\"valueRequired\":true,\"valueName\":\"search_term_string\"}}],\"inLanguage\":\"it-IT\"}]}<\/script>\n<!-- \/ Yoast SEO plugin. -->","yoast_head_json":{"title":"Informativa sulla privacy Medico generico Emergency Station Midden-Holland (HAP MH) Midden-Holland - Huisartsen Spoedpost Midden-Holland - Italiano","robots":{"index":"index","follow":"follow","max-snippet":"max-snippet:-1","max-image-preview":"max-image-preview:large","max-video-preview":"max-video-preview:-1"},"canonical":"https:\/\/huisartsenspoedpostmiddenholland.nl\/it\/privacy\/","og_locale":"it_IT","og_type":"article","og_title":"Informativa sulla privacy Medico generico Emergency Station Midden-Holland (HAP MH) Midden-Holland - Huisartsen Spoedpost Midden-Holland - Italiano","og_description":"1. Disposizioni generali Al fine di essere in grado di fornire una buona assistenza medica di emergenza, registriamo&nbsp;i dati che vi riguardano.&nbsp;Lo facciamo in linea con il Regolamento generale sulla protezione dei dati (GDPR).&nbsp;Oltre a questa legge generale, esistono norme specifiche per la privacy nel settore sanitario.&nbsp;Queste regole sono stabilite nel Medical Treatment Agreement Act [&hellip;]","og_url":"https:\/\/huisartsenspoedpostmiddenholland.nl\/it\/privacy\/","og_site_name":"Huisartsen Spoedpost Midden-Holland - Italiano","article_modified_time":"2025-09-12T12:41:16+00:00","twitter_card":"summary_large_image","twitter_misc":{"Tempo di lettura stimato":"5 minuti"},"schema":{"@context":"https:\/\/schema.org","@graph":[{"@type":"WebPage","@id":"https:\/\/huisartsenspoedpostmiddenholland.nl\/it\/privacy\/","url":"https:\/\/huisartsenspoedpostmiddenholland.nl\/it\/privacy\/","name":"Informativa sulla privacy Medico generico Emergency Station Midden-Holland (HAP MH) Midden-Holland - Huisartsen Spoedpost Midden-Holland - Italiano","isPartOf":{"@id":"https:\/\/huisartsenspoedpostmiddenholland.nl\/it\/#website"},"datePublished":"2025-08-08T07:43:06+00:00","dateModified":"2025-09-12T12:41:16+00:00","breadcrumb":{"@id":"https:\/\/huisartsenspoedpostmiddenholland.nl\/it\/privacy\/#breadcrumb"},"inLanguage":"it-IT","potentialAction":[{"@type":"ReadAction","target":["https:\/\/huisartsenspoedpostmiddenholland.nl\/it\/privacy\/"]}]},{"@type":"BreadcrumbList","@id":"https:\/\/huisartsenspoedpostmiddenholland.nl\/it\/privacy\/#breadcrumb","itemListElement":[{"@type":"ListItem","position":1,"name":"Home","item":"https:\/\/huisartsenspoedpostmiddenholland.nl\/it\/"},{"@type":"ListItem","position":2,"name":"Informativa sulla privacy Medico generico Emergency Station Midden-Holland (HAP MH) Midden-Holland"}]},{"@type":"WebSite","@id":"https:\/\/huisartsenspoedpostmiddenholland.nl\/it\/#website","url":"https:\/\/huisartsenspoedpostmiddenholland.nl\/it\/","name":"Huisartsen Spoedpost Midden-Holland - Italiano","description":"","potentialAction":[{"@type":"SearchAction","target":{"@type":"EntryPoint","urlTemplate":"https:\/\/huisartsenspoedpostmiddenholland.nl\/it\/?s={search_term_string}"},"query-input":{"@type":"PropertyValueSpecification","valueRequired":true,"valueName":"search_term_string"}}],"inLanguage":"it-IT"}]}},"_links":{"self":[{"href":"https:\/\/huisartsenspoedpostmiddenholland.nl\/it\/wp-json\/wp\/v2\/pages\/54145","targetHints":{"allow":["GET"]}}],"collection":[{"href":"https:\/\/huisartsenspoedpostmiddenholland.nl\/it\/wp-json\/wp\/v2\/pages"}],"about":[{"href":"https:\/\/huisartsenspoedpostmiddenholland.nl\/it\/wp-json\/wp\/v2\/types\/page"}],"author":[{"embeddable":true,"href":"https:\/\/huisartsenspoedpostmiddenholland.nl\/it\/wp-json\/wp\/v2\/users\/3"}],"replies":[{"embeddable":true,"href":"https:\/\/huisartsenspoedpostmiddenholland.nl\/it\/wp-json\/wp\/v2\/comments?post=54145"}],"version-history":[{"count":3,"href":"https:\/\/huisartsenspoedpostmiddenholland.nl\/it\/wp-json\/wp\/v2\/pages\/54145\/revisions"}],"predecessor-version":[{"id":55057,"href":"https:\/\/huisartsenspoedpostmiddenholland.nl\/it\/wp-json\/wp\/v2\/pages\/54145\/revisions\/55057"}],"wp:attachment":[{"href":"https:\/\/huisartsenspoedpostmiddenholland.nl\/it\/wp-json\/wp\/v2\/media?parent=54145"}],"curies":[{"name":"wp","href":"https:\/\/api.w.org\/{rel}","templated":true}]}}