{"id":54595,"date":"2025-08-08T11:54:11","date_gmt":"2025-08-08T09:54:11","guid":{"rendered":"https:\/\/hapmh.mindd.dev\/?page_id=54595"},"modified":"2026-03-23T09:43:37","modified_gmt":"2026-03-23T08:43:37","slug":"quand-rush","status":"publish","type":"page","link":"https:\/\/huisartsenspoedpostmiddenholland.nl\/fr\/quand-rush\/","title":{"rendered":"Quand c\u2019est urgent ?"},"content":{"rendered":"\n<div style=\"max-width: 1200px;margin: auto;padding: 1rem\">\n  \n  <p style=\"text-align: center;font-size: 1.125rem;margin-bottom: 2rem\">\n    <strong>Avant d\u2019appeler<\/strong>, veuillez remplir le <a href=\"\/\" style=\"color: #2563eb;text-decoration: underline\">questionnaire<\/a> sur la page d\u2019accueil pour v\u00e9rifier si un contact est n\u00e9cessaire.  <\/p>\n\n  <div style=\"grid-template-columns: 1fr;gap: 1.5rem\">\n    <!-- SPOED -->\n    <div style=\"background: #fff5f5;border: 1px solid #fecaca;border-radius: 1rem;padding: 1.5rem\">\n      <h3 style=\"color: #dc2626\">Qu\u2019est-ce que l\u2019urgence ?<\/h3>\n      <ul style=\"color: #991b1b\">\n        <li>sympt\u00f4mes aigus et troublants<\/li>\n        <li>Douleur intense<\/li>\n        <li>Fi\u00e8vre \u00e9lev\u00e9e et impression vraiment malade<\/li>\n      <\/ul>\n      <p style=\"color: #dc2626;font-weight: bold\">Que faire ?<\/p>\n      <p>Appelez votre propre m\u00e9decin g\u00e9n\u00e9raliste pendant la journ\u00e9e et en dehors des heures de bureau, la station d\u2019urgence GP Midden-Holland (HAP MH) GP Spoedpost Midden-Holland (HAP MH).<\/p>\n    <\/div>\n\n    <!-- GEEN SPOED -->\n    <div style=\"background: #eff6ff;border: 1px solid #bfdbfe;border-radius: 1rem;padding: 1.5rem\">\n      <h3 style=\"color: #1e3a8a\">Qu\u2019est-ce qui n\u2019est pas une urgence ?<\/h3>\n      <ul style=\"color: #1e40af\">\n        <li>Plaintes de plus longue date<\/li>\n        <li>Difficile, mais pas des plaintes s\u00e9rieuses<\/li>\n        <li>Recettes r\u00e9p\u00e9t\u00e9es<\/li>\n      <\/ul>\n      <p style=\"color: #1e3a8a;font-weight: bold\">Que faire ?<\/p>\n      <p>Appelez votre propre m\u00e9decin traitant le lendemain<\/p>\n    <\/div>\n  <\/div>\n<\/div>\n","protected":false},"excerpt":{"rendered":"<p>Avant d\u2019appeler, veuillez remplir le questionnaire sur la page d\u2019accueil pour v\u00e9rifier si un contact est n\u00e9cessaire. Qu\u2019est-ce que l\u2019urgence ? sympt\u00f4mes aigus et troublants Douleur intense Fi\u00e8vre \u00e9lev\u00e9e et impression vraiment malade Que faire ? Appelez votre propre m\u00e9decin g\u00e9n\u00e9raliste pendant la journ\u00e9e et en dehors des heures de bureau, la station d\u2019urgence GP [&hellip;]<\/p>\n","protected":false},"author":3,"featured_media":0,"parent":0,"menu_order":0,"comment_status":"closed","ping_status":"closed","template":"","meta":{"_acf_changed":false,"_trash_the_other_posts":false,"editor_notices":[],"footnotes":""},"class_list":["post-54595","page","type-page","status-publish","hentry"],"acf":[],"yoast_head":"<!-- This site is optimized with the Yoast SEO plugin v26.6 - https:\/\/yoast.com\/wordpress\/plugins\/seo\/ -->\n<title>Quand c\u2019est urgent ? - Huisartsen Spoedpost Midden-Holland - Fran\u00e7ais<\/title>\n<meta name=\"robots\" content=\"index, follow, max-snippet:-1, max-image-preview:large, max-video-preview:-1\" \/>\n<link rel=\"canonical\" href=\"https:\/\/huisartsenspoedpostmiddenholland.nl\/fr\/quand-rush\/\" \/>\n<meta property=\"og:locale\" content=\"fr_FR\" \/>\n<meta property=\"og:type\" content=\"article\" \/>\n<meta property=\"og:title\" content=\"Quand c\u2019est urgent ? - Huisartsen Spoedpost Midden-Holland - Fran\u00e7ais\" \/>\n<meta property=\"og:description\" content=\"Avant d\u2019appeler, veuillez remplir le questionnaire sur la page d\u2019accueil pour v\u00e9rifier si un contact est n\u00e9cessaire. Qu\u2019est-ce que l\u2019urgence ? sympt\u00f4mes aigus et troublants Douleur intense Fi\u00e8vre \u00e9lev\u00e9e et impression vraiment malade Que faire ? Appelez votre propre m\u00e9decin g\u00e9n\u00e9raliste pendant la journ\u00e9e et en dehors des heures de bureau, la station d\u2019urgence GP [&hellip;]\" \/>\n<meta property=\"og:url\" content=\"https:\/\/huisartsenspoedpostmiddenholland.nl\/fr\/quand-rush\/\" \/>\n<meta property=\"og:site_name\" content=\"Huisartsen Spoedpost Midden-Holland - Fran\u00e7ais\" \/>\n<meta property=\"article:modified_time\" content=\"2026-03-23T08:43:37+00:00\" \/>\n<meta name=\"twitter:card\" content=\"summary_large_image\" \/>\n<meta name=\"twitter:label1\" content=\"Dur\u00e9e de lecture estim\u00e9e\" \/>\n\t<meta name=\"twitter:data1\" content=\"1 minute\" \/>\n<script type=\"application\/ld+json\" class=\"yoast-schema-graph\">{\"@context\":\"https:\/\/schema.org\",\"@graph\":[{\"@type\":\"WebPage\",\"@id\":\"https:\/\/huisartsenspoedpostmiddenholland.nl\/fr\/quand-rush\/\",\"url\":\"https:\/\/huisartsenspoedpostmiddenholland.nl\/fr\/quand-rush\/\",\"name\":\"Quand c\u2019est urgent ? - Huisartsen Spoedpost Midden-Holland - Fran\u00e7ais\",\"isPartOf\":{\"@id\":\"https:\/\/huisartsenspoedpostmiddenholland.nl\/fr\/#website\"},\"datePublished\":\"2025-08-08T09:54:11+00:00\",\"dateModified\":\"2026-03-23T08:43:37+00:00\",\"breadcrumb\":{\"@id\":\"https:\/\/huisartsenspoedpostmiddenholland.nl\/fr\/quand-rush\/#breadcrumb\"},\"inLanguage\":\"fr-FR\",\"potentialAction\":[{\"@type\":\"ReadAction\",\"target\":[\"https:\/\/huisartsenspoedpostmiddenholland.nl\/fr\/quand-rush\/\"]}]},{\"@type\":\"BreadcrumbList\",\"@id\":\"https:\/\/huisartsenspoedpostmiddenholland.nl\/fr\/quand-rush\/#breadcrumb\",\"itemListElement\":[{\"@type\":\"ListItem\",\"position\":1,\"name\":\"Home\",\"item\":\"https:\/\/huisartsenspoedpostmiddenholland.nl\/fr\/\"},{\"@type\":\"ListItem\",\"position\":2,\"name\":\"En cas d\u2019urgence ?\"}]},{\"@type\":\"WebSite\",\"@id\":\"https:\/\/huisartsenspoedpostmiddenholland.nl\/fr\/#website\",\"url\":\"https:\/\/huisartsenspoedpostmiddenholland.nl\/fr\/\",\"name\":\"Huisartsen Spoedpost Midden-Holland - Fran\u00e7ais\",\"description\":\"\",\"potentialAction\":[{\"@type\":\"SearchAction\",\"target\":{\"@type\":\"EntryPoint\",\"urlTemplate\":\"https:\/\/huisartsenspoedpostmiddenholland.nl\/fr\/?s={search_term_string}\"},\"query-input\":{\"@type\":\"PropertyValueSpecification\",\"valueRequired\":true,\"valueName\":\"search_term_string\"}}],\"inLanguage\":\"fr-FR\"}]}<\/script>\n<!-- \/ Yoast SEO plugin. -->","yoast_head_json":{"title":"Quand c\u2019est urgent ? - Huisartsen Spoedpost Midden-Holland - Fran\u00e7ais","robots":{"index":"index","follow":"follow","max-snippet":"max-snippet:-1","max-image-preview":"max-image-preview:large","max-video-preview":"max-video-preview:-1"},"canonical":"https:\/\/huisartsenspoedpostmiddenholland.nl\/fr\/quand-rush\/","og_locale":"fr_FR","og_type":"article","og_title":"Quand c\u2019est urgent ? - Huisartsen Spoedpost Midden-Holland - Fran\u00e7ais","og_description":"Avant d\u2019appeler, veuillez remplir le questionnaire sur la page d\u2019accueil pour v\u00e9rifier si un contact est n\u00e9cessaire. Qu\u2019est-ce que l\u2019urgence ? sympt\u00f4mes aigus et troublants Douleur intense Fi\u00e8vre \u00e9lev\u00e9e et impression vraiment malade Que faire ? Appelez votre propre m\u00e9decin g\u00e9n\u00e9raliste pendant la journ\u00e9e et en dehors des heures de bureau, la station d\u2019urgence GP [&hellip;]","og_url":"https:\/\/huisartsenspoedpostmiddenholland.nl\/fr\/quand-rush\/","og_site_name":"Huisartsen Spoedpost Midden-Holland - Fran\u00e7ais","article_modified_time":"2026-03-23T08:43:37+00:00","twitter_card":"summary_large_image","twitter_misc":{"Dur\u00e9e de lecture estim\u00e9e":"1 minute"},"schema":{"@context":"https:\/\/schema.org","@graph":[{"@type":"WebPage","@id":"https:\/\/huisartsenspoedpostmiddenholland.nl\/fr\/quand-rush\/","url":"https:\/\/huisartsenspoedpostmiddenholland.nl\/fr\/quand-rush\/","name":"Quand c\u2019est urgent ? - Huisartsen Spoedpost Midden-Holland - Fran\u00e7ais","isPartOf":{"@id":"https:\/\/huisartsenspoedpostmiddenholland.nl\/fr\/#website"},"datePublished":"2025-08-08T09:54:11+00:00","dateModified":"2026-03-23T08:43:37+00:00","breadcrumb":{"@id":"https:\/\/huisartsenspoedpostmiddenholland.nl\/fr\/quand-rush\/#breadcrumb"},"inLanguage":"fr-FR","potentialAction":[{"@type":"ReadAction","target":["https:\/\/huisartsenspoedpostmiddenholland.nl\/fr\/quand-rush\/"]}]},{"@type":"BreadcrumbList","@id":"https:\/\/huisartsenspoedpostmiddenholland.nl\/fr\/quand-rush\/#breadcrumb","itemListElement":[{"@type":"ListItem","position":1,"name":"Home","item":"https:\/\/huisartsenspoedpostmiddenholland.nl\/fr\/"},{"@type":"ListItem","position":2,"name":"En cas d\u2019urgence ?"}]},{"@type":"WebSite","@id":"https:\/\/huisartsenspoedpostmiddenholland.nl\/fr\/#website","url":"https:\/\/huisartsenspoedpostmiddenholland.nl\/fr\/","name":"Huisartsen Spoedpost Midden-Holland - Fran\u00e7ais","description":"","potentialAction":[{"@type":"SearchAction","target":{"@type":"EntryPoint","urlTemplate":"https:\/\/huisartsenspoedpostmiddenholland.nl\/fr\/?s={search_term_string}"},"query-input":{"@type":"PropertyValueSpecification","valueRequired":true,"valueName":"search_term_string"}}],"inLanguage":"fr-FR"}]}},"_links":{"self":[{"href":"https:\/\/huisartsenspoedpostmiddenholland.nl\/fr\/wp-json\/wp\/v2\/pages\/54595","targetHints":{"allow":["GET"]}}],"collection":[{"href":"https:\/\/huisartsenspoedpostmiddenholland.nl\/fr\/wp-json\/wp\/v2\/pages"}],"about":[{"href":"https:\/\/huisartsenspoedpostmiddenholland.nl\/fr\/wp-json\/wp\/v2\/types\/page"}],"author":[{"embeddable":true,"href":"https:\/\/huisartsenspoedpostmiddenholland.nl\/fr\/wp-json\/wp\/v2\/users\/3"}],"replies":[{"embeddable":true,"href":"https:\/\/huisartsenspoedpostmiddenholland.nl\/fr\/wp-json\/wp\/v2\/comments?post=54595"}],"version-history":[{"count":15,"href":"https:\/\/huisartsenspoedpostmiddenholland.nl\/fr\/wp-json\/wp\/v2\/pages\/54595\/revisions"}],"predecessor-version":[{"id":55254,"href":"https:\/\/huisartsenspoedpostmiddenholland.nl\/fr\/wp-json\/wp\/v2\/pages\/54595\/revisions\/55254"}],"wp:attachment":[{"href":"https:\/\/huisartsenspoedpostmiddenholland.nl\/fr\/wp-json\/wp\/v2\/media?parent=54595"}],"curies":[{"name":"wp","href":"https:\/\/api.w.org\/{rel}","templated":true}]}}