{"id":54153,"date":"2025-08-08T09:59:32","date_gmt":"2025-08-08T07:59:32","guid":{"rendered":"https:\/\/hapmh.mindd.dev\/?page_id=54153"},"modified":"2025-12-02T09:12:17","modified_gmt":"2025-12-02T08:12:17","slug":"que-cuesta-cabecera-en-hap-mh","status":"publish","type":"page","link":"https:\/\/huisartsenspoedpostmiddenholland.nl\/es\/que-cuesta-cabecera-en-hap-mh\/","title":{"rendered":"\u00bfCu\u00e1nto cuesta la atenci\u00f3n m\u00e9dica de cabecera en Huisartsenspoedpost Midden-Holland (HAP MH)?"},"content":{"rendered":"\n<h2 class=\"wp-block-heading\">Con efecto a partir del 1 de enero de 2026<\/h2>\n\n\n\n<figure class=\"wp-block-table\"><table class=\"has-fixed-layout\"><thead><tr><th>Descripci\u00f3n<\/th><th>Tasa<\/th><\/tr><\/thead><tbody><tr><td>Consulta de triaje TR<\/td><td>35,00 \u20ac<\/td><\/tr><tr><td>Consulta f\u00edsica\/digital<br>JA\/USA\/PA\/SOH<\/td><td>214,03 \u20ac<\/td><\/tr><tr><td>Visita HA\/US\/PA<\/td><td>321,05 \u20ac<\/td><\/tr><\/tbody><\/table><\/figure>\n\n\n\n<h2 class=\"wp-block-heading\">Con efecto a partir del 1 de enero de 2025<\/h2>\n\n\n\n<figure class=\"wp-block-table\"><table class=\"has-fixed-layout\"><thead><tr><th>Descripci\u00f3n<\/th><th>Tasa<\/th><\/tr><\/thead><tbody><tr><td>Consulta de triaje TR<\/td><td>35,00 \u20ac<\/td><\/tr><tr><td>Consulta f\u00edsica\/digital<br>JA\/USA\/PA\/SOH<\/td><td>\u20ac172,27<\/td><\/tr><tr><td>Visita HA\/US\/PA<\/td><td>258,41 \u20ac<\/td><\/tr><\/tbody><\/table><\/figure>\n\n\n\n<p>Las tarifas anteriores se aplican de lunes a viernes de 18:00 a 08:00 y durante todo el d\u00eda los fines de semana y festivos.&nbsp;<br>Las tarifas las establece la Autoridad Holandesa de Sanidad (NZa).<\/p>\n\n\n\n<p><\/p>\n\n\n\n<h2 class=\"wp-block-heading\">\u00bfC\u00f3mo puedes pagar?<\/h2>\n\n\n\n<h4 class=\"wp-block-heading\">1. Tienes seguro m\u00e9dico<\/h4>\n\n\n\n<p>Todos los contactos con Huisartsenspoedpost Midden-Holland (HAP MH) (Huisartsenspoedpost Midden-Holland (HAP MH)) ser\u00e1n cobrados.&nbsp;Con los datos de tu seguro, podemos, si es posible, reclamar directamente a tu aseguradora de salud.&nbsp;<\/p>\n\n\n\n<p>Por lo tanto, aseg\u00farate de tener a mano tu direcci\u00f3n y datos de seguro correctos cuando contactes con Huisartsenspoedpost Midden-Holland (HAP MH), para que podamos enviar la factura directamente a tu aseguradora de salud.<\/p>\n\n\n\n<h4 class=\"wp-block-heading\">2. No tienes seguro m\u00e9dico o tu seguro m\u00e9dico no es conocido por nosotros<\/h4>\n\n\n\n<p>Si no tienes seguro m\u00e9dico o no lo conocemos, debes pagar la factura directamente en efectivo o a trav\u00e9s del cajero autom\u00e1tico del Huisartsenspoedpost Midden-Holland (HAP MH).&nbsp;<\/p>\n\n\n\n<p>Los costes de un contacto con Huisartsenspoedpost Midden-Holland (HAP MH) que no podamos declarar&nbsp;&nbsp;se cobrar\u00e1n mediante una factura que enviemos a la direcci\u00f3n de domicilio que conocemos.&nbsp;Si no recibimos respuesta a nuestra factura (recordatoria), nos vemos obligados a llamar a una agencia de cobro.<\/p>\n\n\n\n<p><strong>Evita los costes de cobro y aseg\u00farate de tener tu direcci\u00f3n y n\u00famero de tel\u00e9fono correctos a mano cuando contactes con Huisartsenspoedpost Midden-Holland (HAP MH).&nbsp;Tambi\u00e9n puedes enviarnos tus datos de direcci\u00f3n por correo electr\u00f3nico a <a href=\"mailto:Huisartsenspoedpost Midden-Holland (HAP MH) @hapmh.nl\">trav\u00e9s de Huisartsenspoedpost Midden-Holland (HAP MH) @hapmh.nl<\/a>&nbsp;.<\/strong><\/p>\n\n\n\n<p class=\"has-vivid-red-color has-text-color has-link-color wp-elements-4e405903011391c984b7a37292a73f49\"><strong>Si un paciente no se presenta a la consulta, se cobrar\u00e1 una consulta de triaje.<\/strong><\/p>\n","protected":false},"excerpt":{"rendered":"<p>Con efecto a partir del 1 de enero de 2026 Descripci\u00f3n Tasa Consulta de triaje TR 35,00 \u20ac Consulta f\u00edsica\/digitalJA\/USA\/PA\/SOH 214,03 \u20ac Visita HA\/US\/PA 321,05 \u20ac Con efecto a partir del 1 de enero de 2025 Descripci\u00f3n Tasa Consulta de triaje TR 35,00 \u20ac Consulta f\u00edsica\/digitalJA\/USA\/PA\/SOH \u20ac172,27 Visita HA\/US\/PA 258,41 \u20ac Las tarifas anteriores se [&hellip;]<\/p>\n","protected":false},"author":3,"featured_media":0,"parent":0,"menu_order":0,"comment_status":"closed","ping_status":"closed","template":"","meta":{"_acf_changed":false,"_trash_the_other_posts":false,"editor_notices":[],"footnotes":""},"class_list":["post-54153","page","type-page","status-publish","hentry"],"acf":[],"yoast_head":"<!-- This site is optimized with the Yoast SEO plugin v26.6 - https:\/\/yoast.com\/wordpress\/plugins\/seo\/ -->\n<title>\u00bfCu\u00e1nto cuesta la atenci\u00f3n m\u00e9dica de cabecera en Huisartsenspoedpost Midden-Holland (HAP MH)? - Huisartsen Spoedpost Midden-Holland - Espa\u00f1ol<\/title>\n<meta name=\"robots\" content=\"index, follow, max-snippet:-1, max-image-preview:large, max-video-preview:-1\" \/>\n<link rel=\"canonical\" href=\"https:\/\/huisartsenspoedpostmiddenholland.nl\/es\/que-cuesta-atencion-de-medico-en-hap-mh\/\" \/>\n<meta property=\"og:locale\" content=\"es_ES\" \/>\n<meta property=\"og:type\" content=\"article\" \/>\n<meta property=\"og:title\" content=\"\u00bfCu\u00e1nto cuesta la atenci\u00f3n m\u00e9dica de cabecera en Huisartsenspoedpost Midden-Holland (HAP MH)? - Huisartsen Spoedpost Midden-Holland - Espa\u00f1ol\" \/>\n<meta property=\"og:description\" content=\"Con efecto a partir del 1 de enero de 2026 Descripci\u00f3n Tasa Consulta de triaje TR 35,00 \u20ac Consulta f\u00edsica\/digitalJA\/USA\/PA\/SOH 214,03 \u20ac Visita HA\/US\/PA 321,05 \u20ac Con efecto a partir del 1 de enero de 2025 Descripci\u00f3n Tasa Consulta de triaje TR 35,00 \u20ac Consulta f\u00edsica\/digitalJA\/USA\/PA\/SOH \u20ac172,27 Visita HA\/US\/PA 258,41 \u20ac Las tarifas anteriores se [&hellip;]\" \/>\n<meta property=\"og:url\" content=\"https:\/\/huisartsenspoedpostmiddenholland.nl\/es\/que-cuesta-atencion-de-medico-en-hap-mh\/\" \/>\n<meta property=\"og:site_name\" content=\"Huisartsen Spoedpost Midden-Holland - Espa\u00f1ol\" \/>\n<meta property=\"article:modified_time\" content=\"2025-12-02T08:12:17+00:00\" \/>\n<meta name=\"twitter:card\" content=\"summary_large_image\" \/>\n<script type=\"application\/ld+json\" class=\"yoast-schema-graph\">{\"@context\":\"https:\/\/schema.org\",\"@graph\":[{\"@type\":\"WebPage\",\"@id\":\"https:\/\/huisartsenspoedpostmiddenholland.nl\/es\/que-cuesta-atencion-de-medico-en-hap-mh\/\",\"url\":\"https:\/\/huisartsenspoedpostmiddenholland.nl\/es\/que-cuesta-atencion-de-medico-en-hap-mh\/\",\"name\":\"\u00bfCu\u00e1nto cuesta la atenci\u00f3n m\u00e9dica de cabecera en Huisartsenspoedpost Midden-Holland (HAP MH)? - Huisartsen Spoedpost Midden-Holland - Espa\u00f1ol\",\"isPartOf\":{\"@id\":\"https:\/\/huisartsenspoedpostmiddenholland.nl\/es\/#website\"},\"datePublished\":\"2025-08-08T07:59:32+00:00\",\"dateModified\":\"2025-12-02T08:12:17+00:00\",\"breadcrumb\":{\"@id\":\"https:\/\/huisartsenspoedpostmiddenholland.nl\/es\/que-cuesta-atencion-de-medico-en-hap-mh\/#breadcrumb\"},\"inLanguage\":\"es\",\"potentialAction\":[{\"@type\":\"ReadAction\",\"target\":[\"https:\/\/huisartsenspoedpostmiddenholland.nl\/es\/que-cuesta-atencion-de-medico-en-hap-mh\/\"]}]},{\"@type\":\"BreadcrumbList\",\"@id\":\"https:\/\/huisartsenspoedpostmiddenholland.nl\/es\/que-cuesta-atencion-de-medico-en-hap-mh\/#breadcrumb\",\"itemListElement\":[{\"@type\":\"ListItem\",\"position\":1,\"name\":\"Home\",\"item\":\"https:\/\/huisartsenspoedpostmiddenholland.nl\/es\/\"},{\"@type\":\"ListItem\",\"position\":2,\"name\":\"\u00bfCu\u00e1nto cuesta la atenci\u00f3n m\u00e9dica de cabecera en Huisartsenspoedpost Midden-Holland (HAP MH)?\"}]},{\"@type\":\"WebSite\",\"@id\":\"https:\/\/huisartsenspoedpostmiddenholland.nl\/es\/#website\",\"url\":\"https:\/\/huisartsenspoedpostmiddenholland.nl\/es\/\",\"name\":\"Huisartsen Spoedpost Midden-Holland - Espa\u00f1ol\",\"description\":\"\",\"potentialAction\":[{\"@type\":\"SearchAction\",\"target\":{\"@type\":\"EntryPoint\",\"urlTemplate\":\"https:\/\/huisartsenspoedpostmiddenholland.nl\/es\/?s={search_term_string}\"},\"query-input\":{\"@type\":\"PropertyValueSpecification\",\"valueRequired\":true,\"valueName\":\"search_term_string\"}}],\"inLanguage\":\"es\"}]}<\/script>\n<!-- \/ Yoast SEO plugin. -->","yoast_head_json":{"title":"\u00bfCu\u00e1nto cuesta la atenci\u00f3n m\u00e9dica de cabecera en Huisartsenspoedpost Midden-Holland (HAP MH)? - Huisartsen Spoedpost Midden-Holland - Espa\u00f1ol","robots":{"index":"index","follow":"follow","max-snippet":"max-snippet:-1","max-image-preview":"max-image-preview:large","max-video-preview":"max-video-preview:-1"},"canonical":"https:\/\/huisartsenspoedpostmiddenholland.nl\/es\/que-cuesta-atencion-de-medico-en-hap-mh\/","og_locale":"es_ES","og_type":"article","og_title":"\u00bfCu\u00e1nto cuesta la atenci\u00f3n m\u00e9dica de cabecera en Huisartsenspoedpost Midden-Holland (HAP MH)? - Huisartsen Spoedpost Midden-Holland - Espa\u00f1ol","og_description":"Con efecto a partir del 1 de enero de 2026 Descripci\u00f3n Tasa Consulta de triaje TR 35,00 \u20ac Consulta f\u00edsica\/digitalJA\/USA\/PA\/SOH 214,03 \u20ac Visita HA\/US\/PA 321,05 \u20ac Con efecto a partir del 1 de enero de 2025 Descripci\u00f3n Tasa Consulta de triaje TR 35,00 \u20ac Consulta f\u00edsica\/digitalJA\/USA\/PA\/SOH \u20ac172,27 Visita HA\/US\/PA 258,41 \u20ac Las tarifas anteriores se [&hellip;]","og_url":"https:\/\/huisartsenspoedpostmiddenholland.nl\/es\/que-cuesta-atencion-de-medico-en-hap-mh\/","og_site_name":"Huisartsen Spoedpost Midden-Holland - Espa\u00f1ol","article_modified_time":"2025-12-02T08:12:17+00:00","twitter_card":"summary_large_image","schema":{"@context":"https:\/\/schema.org","@graph":[{"@type":"WebPage","@id":"https:\/\/huisartsenspoedpostmiddenholland.nl\/es\/que-cuesta-atencion-de-medico-en-hap-mh\/","url":"https:\/\/huisartsenspoedpostmiddenholland.nl\/es\/que-cuesta-atencion-de-medico-en-hap-mh\/","name":"\u00bfCu\u00e1nto cuesta la atenci\u00f3n m\u00e9dica de cabecera en Huisartsenspoedpost Midden-Holland (HAP MH)? - Huisartsen Spoedpost Midden-Holland - Espa\u00f1ol","isPartOf":{"@id":"https:\/\/huisartsenspoedpostmiddenholland.nl\/es\/#website"},"datePublished":"2025-08-08T07:59:32+00:00","dateModified":"2025-12-02T08:12:17+00:00","breadcrumb":{"@id":"https:\/\/huisartsenspoedpostmiddenholland.nl\/es\/que-cuesta-atencion-de-medico-en-hap-mh\/#breadcrumb"},"inLanguage":"es","potentialAction":[{"@type":"ReadAction","target":["https:\/\/huisartsenspoedpostmiddenholland.nl\/es\/que-cuesta-atencion-de-medico-en-hap-mh\/"]}]},{"@type":"BreadcrumbList","@id":"https:\/\/huisartsenspoedpostmiddenholland.nl\/es\/que-cuesta-atencion-de-medico-en-hap-mh\/#breadcrumb","itemListElement":[{"@type":"ListItem","position":1,"name":"Home","item":"https:\/\/huisartsenspoedpostmiddenholland.nl\/es\/"},{"@type":"ListItem","position":2,"name":"\u00bfCu\u00e1nto cuesta la atenci\u00f3n m\u00e9dica de cabecera en Huisartsenspoedpost Midden-Holland (HAP MH)?"}]},{"@type":"WebSite","@id":"https:\/\/huisartsenspoedpostmiddenholland.nl\/es\/#website","url":"https:\/\/huisartsenspoedpostmiddenholland.nl\/es\/","name":"Huisartsen Spoedpost Midden-Holland - Espa\u00f1ol","description":"","potentialAction":[{"@type":"SearchAction","target":{"@type":"EntryPoint","urlTemplate":"https:\/\/huisartsenspoedpostmiddenholland.nl\/es\/?s={search_term_string}"},"query-input":{"@type":"PropertyValueSpecification","valueRequired":true,"valueName":"search_term_string"}}],"inLanguage":"es"}]}},"_links":{"self":[{"href":"https:\/\/huisartsenspoedpostmiddenholland.nl\/es\/wp-json\/wp\/v2\/pages\/54153","targetHints":{"allow":["GET"]}}],"collection":[{"href":"https:\/\/huisartsenspoedpostmiddenholland.nl\/es\/wp-json\/wp\/v2\/pages"}],"about":[{"href":"https:\/\/huisartsenspoedpostmiddenholland.nl\/es\/wp-json\/wp\/v2\/types\/page"}],"author":[{"embeddable":true,"href":"https:\/\/huisartsenspoedpostmiddenholland.nl\/es\/wp-json\/wp\/v2\/users\/3"}],"replies":[{"embeddable":true,"href":"https:\/\/huisartsenspoedpostmiddenholland.nl\/es\/wp-json\/wp\/v2\/comments?post=54153"}],"version-history":[{"count":11,"href":"https:\/\/huisartsenspoedpostmiddenholland.nl\/es\/wp-json\/wp\/v2\/pages\/54153\/revisions"}],"predecessor-version":[{"id":55111,"href":"https:\/\/huisartsenspoedpostmiddenholland.nl\/es\/wp-json\/wp\/v2\/pages\/54153\/revisions\/55111"}],"wp:attachment":[{"href":"https:\/\/huisartsenspoedpostmiddenholland.nl\/es\/wp-json\/wp\/v2\/media?parent=54153"}],"curies":[{"name":"wp","href":"https:\/\/api.w.org\/{rel}","templated":true}]}}