{"id":54142,"date":"2025-08-08T09:38:53","date_gmt":"2025-08-08T07:38:53","guid":{"rendered":"https:\/\/hapmh.mindd.dev\/?page_id=54142"},"modified":"2025-09-12T14:41:21","modified_gmt":"2025-09-12T12:41:21","slug":"farmacia-de-emergencia-midden-holland","status":"publish","type":"page","link":"https:\/\/huisartsenspoedpostmiddenholland.nl\/es\/farmacia-de-emergencia-midden-holland\/","title":{"rendered":"Farmacia de emergencia Midden-Holland"},"content":{"rendered":"\n<p>Si el m\u00e9dico de cabecera de turno le ha recetado medicamentos, puede recogerlos en la Farmacia de Urgencias Midden-Holland (SAP). Esta farmacia est\u00e1 ubicada junto al servicio de m\u00e9dico de cabecera fuera de horario y el Departamento de Emergencias.<\/p>\n\n\n\n<p>El SAP brinda atenci\u00f3n farmac\u00e9utica urgente y est\u00e1 abierto en los siguientes horarios:<\/p>\n\n\n\n<ul class=\"wp-block-list\">\n<li>Lunes a viernes: 5:30 PM \u2013 8:00 AM<\/li>\n\n\n\n<li>S\u00e1bado y domingo: 24 horas<\/li>\n\n\n\n<li>Festivos: 24 horas<\/li>\n<\/ul>\n\n\n\n<p>Llame al 0182 &#8211; 698 820 o visite el sitio web para obtener m\u00e1s informaci\u00f3n: <a href=\"http:\/\/www.sap-mh.nl\/\" target=\"_blank\" rel=\"noreferrer noopener\">www.sap-mh.nl<\/a><\/p>\n\n\n\n<p><\/p>\n","protected":false},"excerpt":{"rendered":"<p>Si el m\u00e9dico de cabecera de turno le ha recetado medicamentos, puede recogerlos en la Farmacia de Urgencias Midden-Holland (SAP). Esta farmacia est\u00e1 ubicada junto al servicio de m\u00e9dico de cabecera fuera de horario y el Departamento de Emergencias. El SAP brinda atenci\u00f3n farmac\u00e9utica urgente y est\u00e1 abierto en los siguientes horarios: Llame al 0182 [&hellip;]<\/p>\n","protected":false},"author":3,"featured_media":0,"parent":0,"menu_order":0,"comment_status":"closed","ping_status":"closed","template":"","meta":{"_acf_changed":false,"_trash_the_other_posts":false,"editor_notices":[],"footnotes":""},"class_list":["post-54142","page","type-page","status-publish","hentry"],"acf":[],"yoast_head":"<!-- This site is optimized with the Yoast SEO plugin v26.6 - https:\/\/yoast.com\/wordpress\/plugins\/seo\/ -->\n<title>Farmacia de emergencia Midden-Holland - Huisartsen Spoedpost Midden-Holland - Espa\u00f1ol<\/title>\n<meta name=\"robots\" content=\"index, follow, max-snippet:-1, max-image-preview:large, max-video-preview:-1\" \/>\n<link rel=\"canonical\" href=\"https:\/\/huisartsenspoedpostmiddenholland.nl\/es\/farmacia-de-emergencia-midden-holland\/\" \/>\n<meta property=\"og:locale\" content=\"es_ES\" \/>\n<meta property=\"og:type\" content=\"article\" \/>\n<meta property=\"og:title\" content=\"Farmacia de emergencia Midden-Holland - Huisartsen Spoedpost Midden-Holland - Espa\u00f1ol\" \/>\n<meta property=\"og:description\" content=\"Si el m\u00e9dico de cabecera de turno le ha recetado medicamentos, puede recogerlos en la Farmacia de Urgencias Midden-Holland (SAP). Esta farmacia est\u00e1 ubicada junto al servicio de m\u00e9dico de cabecera fuera de horario y el Departamento de Emergencias. El SAP brinda atenci\u00f3n farmac\u00e9utica urgente y est\u00e1 abierto en los siguientes horarios: Llame al 0182 [&hellip;]\" \/>\n<meta property=\"og:url\" content=\"https:\/\/huisartsenspoedpostmiddenholland.nl\/es\/farmacia-de-emergencia-midden-holland\/\" \/>\n<meta property=\"og:site_name\" content=\"Huisartsen Spoedpost Midden-Holland - Espa\u00f1ol\" \/>\n<meta property=\"article:modified_time\" content=\"2025-09-12T12:41:21+00:00\" \/>\n<meta name=\"twitter:card\" content=\"summary_large_image\" \/>\n<meta name=\"twitter:label1\" content=\"Tiempo de lectura\" \/>\n\t<meta name=\"twitter:data1\" content=\"1 minuto\" \/>\n<script type=\"application\/ld+json\" class=\"yoast-schema-graph\">{\"@context\":\"https:\/\/schema.org\",\"@graph\":[{\"@type\":\"WebPage\",\"@id\":\"https:\/\/huisartsenspoedpostmiddenholland.nl\/es\/farmacia-de-emergencia-midden-holland\/\",\"url\":\"https:\/\/huisartsenspoedpostmiddenholland.nl\/es\/farmacia-de-emergencia-midden-holland\/\",\"name\":\"Farmacia de emergencia Midden-Holland - Huisartsen Spoedpost Midden-Holland - Espa\u00f1ol\",\"isPartOf\":{\"@id\":\"https:\/\/huisartsenspoedpostmiddenholland.nl\/es\/#website\"},\"datePublished\":\"2025-08-08T07:38:53+00:00\",\"dateModified\":\"2025-09-12T12:41:21+00:00\",\"breadcrumb\":{\"@id\":\"https:\/\/huisartsenspoedpostmiddenholland.nl\/es\/farmacia-de-emergencia-midden-holland\/#breadcrumb\"},\"inLanguage\":\"es\",\"potentialAction\":[{\"@type\":\"ReadAction\",\"target\":[\"https:\/\/huisartsenspoedpostmiddenholland.nl\/es\/farmacia-de-emergencia-midden-holland\/\"]}]},{\"@type\":\"BreadcrumbList\",\"@id\":\"https:\/\/huisartsenspoedpostmiddenholland.nl\/es\/farmacia-de-emergencia-midden-holland\/#breadcrumb\",\"itemListElement\":[{\"@type\":\"ListItem\",\"position\":1,\"name\":\"Home\",\"item\":\"https:\/\/huisartsenspoedpostmiddenholland.nl\/es\/\"},{\"@type\":\"ListItem\",\"position\":2,\"name\":\"Farmacia de emergencia Midden-Holland\"}]},{\"@type\":\"WebSite\",\"@id\":\"https:\/\/huisartsenspoedpostmiddenholland.nl\/es\/#website\",\"url\":\"https:\/\/huisartsenspoedpostmiddenholland.nl\/es\/\",\"name\":\"Huisartsen Spoedpost Midden-Holland - Espa\u00f1ol\",\"description\":\"\",\"potentialAction\":[{\"@type\":\"SearchAction\",\"target\":{\"@type\":\"EntryPoint\",\"urlTemplate\":\"https:\/\/huisartsenspoedpostmiddenholland.nl\/es\/?s={search_term_string}\"},\"query-input\":{\"@type\":\"PropertyValueSpecification\",\"valueRequired\":true,\"valueName\":\"search_term_string\"}}],\"inLanguage\":\"es\"}]}<\/script>\n<!-- \/ Yoast SEO plugin. -->","yoast_head_json":{"title":"Farmacia de emergencia Midden-Holland - Huisartsen Spoedpost Midden-Holland - Espa\u00f1ol","robots":{"index":"index","follow":"follow","max-snippet":"max-snippet:-1","max-image-preview":"max-image-preview:large","max-video-preview":"max-video-preview:-1"},"canonical":"https:\/\/huisartsenspoedpostmiddenholland.nl\/es\/farmacia-de-emergencia-midden-holland\/","og_locale":"es_ES","og_type":"article","og_title":"Farmacia de emergencia Midden-Holland - Huisartsen Spoedpost Midden-Holland - Espa\u00f1ol","og_description":"Si el m\u00e9dico de cabecera de turno le ha recetado medicamentos, puede recogerlos en la Farmacia de Urgencias Midden-Holland (SAP). Esta farmacia est\u00e1 ubicada junto al servicio de m\u00e9dico de cabecera fuera de horario y el Departamento de Emergencias. El SAP brinda atenci\u00f3n farmac\u00e9utica urgente y est\u00e1 abierto en los siguientes horarios: Llame al 0182 [&hellip;]","og_url":"https:\/\/huisartsenspoedpostmiddenholland.nl\/es\/farmacia-de-emergencia-midden-holland\/","og_site_name":"Huisartsen Spoedpost Midden-Holland - Espa\u00f1ol","article_modified_time":"2025-09-12T12:41:21+00:00","twitter_card":"summary_large_image","twitter_misc":{"Tiempo de lectura":"1 minuto"},"schema":{"@context":"https:\/\/schema.org","@graph":[{"@type":"WebPage","@id":"https:\/\/huisartsenspoedpostmiddenholland.nl\/es\/farmacia-de-emergencia-midden-holland\/","url":"https:\/\/huisartsenspoedpostmiddenholland.nl\/es\/farmacia-de-emergencia-midden-holland\/","name":"Farmacia de emergencia Midden-Holland - Huisartsen Spoedpost Midden-Holland - Espa\u00f1ol","isPartOf":{"@id":"https:\/\/huisartsenspoedpostmiddenholland.nl\/es\/#website"},"datePublished":"2025-08-08T07:38:53+00:00","dateModified":"2025-09-12T12:41:21+00:00","breadcrumb":{"@id":"https:\/\/huisartsenspoedpostmiddenholland.nl\/es\/farmacia-de-emergencia-midden-holland\/#breadcrumb"},"inLanguage":"es","potentialAction":[{"@type":"ReadAction","target":["https:\/\/huisartsenspoedpostmiddenholland.nl\/es\/farmacia-de-emergencia-midden-holland\/"]}]},{"@type":"BreadcrumbList","@id":"https:\/\/huisartsenspoedpostmiddenholland.nl\/es\/farmacia-de-emergencia-midden-holland\/#breadcrumb","itemListElement":[{"@type":"ListItem","position":1,"name":"Home","item":"https:\/\/huisartsenspoedpostmiddenholland.nl\/es\/"},{"@type":"ListItem","position":2,"name":"Farmacia de emergencia Midden-Holland"}]},{"@type":"WebSite","@id":"https:\/\/huisartsenspoedpostmiddenholland.nl\/es\/#website","url":"https:\/\/huisartsenspoedpostmiddenholland.nl\/es\/","name":"Huisartsen Spoedpost Midden-Holland - Espa\u00f1ol","description":"","potentialAction":[{"@type":"SearchAction","target":{"@type":"EntryPoint","urlTemplate":"https:\/\/huisartsenspoedpostmiddenholland.nl\/es\/?s={search_term_string}"},"query-input":{"@type":"PropertyValueSpecification","valueRequired":true,"valueName":"search_term_string"}}],"inLanguage":"es"}]}},"_links":{"self":[{"href":"https:\/\/huisartsenspoedpostmiddenholland.nl\/es\/wp-json\/wp\/v2\/pages\/54142","targetHints":{"allow":["GET"]}}],"collection":[{"href":"https:\/\/huisartsenspoedpostmiddenholland.nl\/es\/wp-json\/wp\/v2\/pages"}],"about":[{"href":"https:\/\/huisartsenspoedpostmiddenholland.nl\/es\/wp-json\/wp\/v2\/types\/page"}],"author":[{"embeddable":true,"href":"https:\/\/huisartsenspoedpostmiddenholland.nl\/es\/wp-json\/wp\/v2\/users\/3"}],"replies":[{"embeddable":true,"href":"https:\/\/huisartsenspoedpostmiddenholland.nl\/es\/wp-json\/wp\/v2\/comments?post=54142"}],"version-history":[{"count":3,"href":"https:\/\/huisartsenspoedpostmiddenholland.nl\/es\/wp-json\/wp\/v2\/pages\/54142\/revisions"}],"predecessor-version":[{"id":55053,"href":"https:\/\/huisartsenspoedpostmiddenholland.nl\/es\/wp-json\/wp\/v2\/pages\/54142\/revisions\/55053"}],"wp:attachment":[{"href":"https:\/\/huisartsenspoedpostmiddenholland.nl\/es\/wp-json\/wp\/v2\/media?parent=54142"}],"curies":[{"name":"wp","href":"https:\/\/api.w.org\/{rel}","templated":true}]}}