{"id":55100,"date":"2025-09-16T10:11:51","date_gmt":"2025-09-16T08:11:51","guid":{"rendered":"https:\/\/hapmh.mindd.dev\/de\/?page_id=55100"},"modified":"2026-03-23T09:43:34","modified_gmt":"2026-03-23T08:43:34","slug":"wann-rush","status":"publish","type":"page","link":"https:\/\/huisartsenspoedpostmiddenholland.nl\/de\/wann-rush\/","title":{"rendered":"Wann dringend?"},"content":{"rendered":"\n<div style=\"max-width: 1200px;margin: auto;padding: 1rem\">\n  \n  <p style=\"text-align: center;font-size: 1.125rem;margin-bottom: 2rem\">\n    Bitte f\u00fcllen Sie <strong>vor dem Anruf<\/strong> den <a href=\"\/\" style=\"color: #2563eb;text-decoration: underline\">Fragebogen<\/a> auf der Startseite aus, um zu sehen, ob ein Kontakt erforderlich ist.<\/p>\n\n  <div style=\"grid-template-columns: 1fr;gap: 1.5rem\">\n    <!-- SPOED -->\n    <div style=\"background: #fff5f5;border: 1px solid #fecaca;border-radius: 1rem;padding: 1.5rem\">\n      <h3 style=\"color: #dc2626\">Was ist ein Notfall?<\/h3>\n      <ul style=\"color: #991b1b\">\n        <li>akute, beunruhigende Symptome<\/li>\n        <li>starke Schmerzen<\/li>\n        <li>hohes Fieber und ein wirklich kranker Abdruck<\/li>\n      <\/ul>\n      <p style=\"color: #dc2626;font-weight: bold\">Was tun?<\/p>\n      <p>Rufen Sie tags\u00fcber und au\u00dferhalb der B\u00fcrozeiten Ihren eigenen Hausarzt an, die GP Notfallstation Midden-Holland (HAP MH) GP Spoedpost Midden-Holland (HAP MH).<\/p>\n    <\/div>\n\n    <!-- GEEN SPOED -->\n    <div style=\"background: #eff6ff;border: 1px solid #bfdbfe;border-radius: 1rem;padding: 1.5rem\">\n      <h3 style=\"color: #1e3a8a\">Was ist kein Notfall?<\/h3>\n      <ul style=\"color: #1e40af\">\n        <li>L\u00e4ngere Beschwerden<\/li>\n        <li>Schwierige, aber keine ernsthaften Beschwerden<\/li>\n        <li>Wiederholungsrezepte<\/li>\n      <\/ul>\n      <p style=\"color: #1e3a8a;font-weight: bold\">Was tun?<\/p>\n      <p>Ruf am n\u00e4chsten Tag deinen eigenen Hausarzt an<\/p>\n    <\/div>\n  <\/div>\n<\/div>\n","protected":false},"excerpt":{"rendered":"<p>Bitte f\u00fcllen Sie vor dem Anruf den Fragebogen auf der Startseite aus, um zu sehen, ob ein Kontakt erforderlich ist. Was ist ein Notfall? akute, beunruhigende Symptome starke Schmerzen hohes Fieber und ein wirklich kranker Abdruck Was tun? Rufen Sie tags\u00fcber und au\u00dferhalb der B\u00fcrozeiten Ihren eigenen Hausarzt an, die GP Notfallstation Midden-Holland (HAP MH) [&hellip;]<\/p>\n","protected":false},"author":3,"featured_media":0,"parent":0,"menu_order":0,"comment_status":"closed","ping_status":"closed","template":"","meta":{"_acf_changed":false,"_trash_the_other_posts":false,"editor_notices":[],"footnotes":""},"class_list":["post-55100","page","type-page","status-publish","hentry"],"acf":[],"yoast_head":"<!-- This site is optimized with the Yoast SEO plugin v26.6 - https:\/\/yoast.com\/wordpress\/plugins\/seo\/ -->\n<title>Wann dringend? - Huisartsen Spoedpost Midden-Holland - Deutsch<\/title>\n<meta name=\"robots\" content=\"index, follow, max-snippet:-1, max-image-preview:large, max-video-preview:-1\" \/>\n<link rel=\"canonical\" href=\"https:\/\/huisartsenspoedpostmiddenholland.nl\/de\/when-rush\/\" \/>\n<meta property=\"og:locale\" content=\"de_DE\" \/>\n<meta property=\"og:type\" content=\"article\" \/>\n<meta property=\"og:title\" content=\"Wann dringend? - Huisartsen Spoedpost Midden-Holland - Deutsch\" \/>\n<meta property=\"og:description\" content=\"Bitte f\u00fcllen Sie vor dem Anruf den Fragebogen auf der Startseite aus, um zu sehen, ob ein Kontakt erforderlich ist. Was ist ein Notfall? akute, beunruhigende Symptome starke Schmerzen hohes Fieber und ein wirklich kranker Abdruck Was tun? Rufen Sie tags\u00fcber und au\u00dferhalb der B\u00fcrozeiten Ihren eigenen Hausarzt an, die GP Notfallstation Midden-Holland (HAP MH) [&hellip;]\" \/>\n<meta property=\"og:url\" content=\"https:\/\/huisartsenspoedpostmiddenholland.nl\/de\/when-rush\/\" \/>\n<meta property=\"og:site_name\" content=\"Huisartsen Spoedpost Midden-Holland - Deutsch\" \/>\n<meta property=\"article:modified_time\" content=\"2026-03-23T08:43:34+00:00\" \/>\n<meta name=\"twitter:card\" content=\"summary_large_image\" \/>\n<meta name=\"twitter:label1\" content=\"Gesch\u00e4tzte Lesezeit\" \/>\n\t<meta name=\"twitter:data1\" content=\"1\u00a0Minute\" \/>\n<script type=\"application\/ld+json\" class=\"yoast-schema-graph\">{\"@context\":\"https:\/\/schema.org\",\"@graph\":[{\"@type\":\"WebPage\",\"@id\":\"https:\/\/huisartsenspoedpostmiddenholland.nl\/de\/when-rush\/\",\"url\":\"https:\/\/huisartsenspoedpostmiddenholland.nl\/de\/when-rush\/\",\"name\":\"Wann dringend? - Huisartsen Spoedpost Midden-Holland - Deutsch\",\"isPartOf\":{\"@id\":\"https:\/\/huisartsenspoedpostmiddenholland.nl\/de\/#website\"},\"datePublished\":\"2025-09-16T08:11:51+00:00\",\"dateModified\":\"2026-03-23T08:43:34+00:00\",\"breadcrumb\":{\"@id\":\"https:\/\/huisartsenspoedpostmiddenholland.nl\/de\/when-rush\/#breadcrumb\"},\"inLanguage\":\"de\",\"potentialAction\":[{\"@type\":\"ReadAction\",\"target\":[\"https:\/\/huisartsenspoedpostmiddenholland.nl\/de\/when-rush\/\"]}]},{\"@type\":\"BreadcrumbList\",\"@id\":\"https:\/\/huisartsenspoedpostmiddenholland.nl\/de\/when-rush\/#breadcrumb\",\"itemListElement\":[{\"@type\":\"ListItem\",\"position\":1,\"name\":\"Home\",\"item\":\"https:\/\/huisartsenspoedpostmiddenholland.nl\/de\/\"},{\"@type\":\"ListItem\",\"position\":2,\"name\":\"Wann dringend?\"}]},{\"@type\":\"WebSite\",\"@id\":\"https:\/\/huisartsenspoedpostmiddenholland.nl\/de\/#website\",\"url\":\"https:\/\/huisartsenspoedpostmiddenholland.nl\/de\/\",\"name\":\"Huisartsen Spoedpost Midden-Holland - Deutsch\",\"description\":\"\",\"potentialAction\":[{\"@type\":\"SearchAction\",\"target\":{\"@type\":\"EntryPoint\",\"urlTemplate\":\"https:\/\/huisartsenspoedpostmiddenholland.nl\/de\/?s={search_term_string}\"},\"query-input\":{\"@type\":\"PropertyValueSpecification\",\"valueRequired\":true,\"valueName\":\"search_term_string\"}}],\"inLanguage\":\"de\"}]}<\/script>\n<!-- \/ Yoast SEO plugin. -->","yoast_head_json":{"title":"Wann dringend? - Huisartsen Spoedpost Midden-Holland - Deutsch","robots":{"index":"index","follow":"follow","max-snippet":"max-snippet:-1","max-image-preview":"max-image-preview:large","max-video-preview":"max-video-preview:-1"},"canonical":"https:\/\/huisartsenspoedpostmiddenholland.nl\/de\/when-rush\/","og_locale":"de_DE","og_type":"article","og_title":"Wann dringend? - Huisartsen Spoedpost Midden-Holland - Deutsch","og_description":"Bitte f\u00fcllen Sie vor dem Anruf den Fragebogen auf der Startseite aus, um zu sehen, ob ein Kontakt erforderlich ist. Was ist ein Notfall? akute, beunruhigende Symptome starke Schmerzen hohes Fieber und ein wirklich kranker Abdruck Was tun? Rufen Sie tags\u00fcber und au\u00dferhalb der B\u00fcrozeiten Ihren eigenen Hausarzt an, die GP Notfallstation Midden-Holland (HAP MH) [&hellip;]","og_url":"https:\/\/huisartsenspoedpostmiddenholland.nl\/de\/when-rush\/","og_site_name":"Huisartsen Spoedpost Midden-Holland - Deutsch","article_modified_time":"2026-03-23T08:43:34+00:00","twitter_card":"summary_large_image","twitter_misc":{"Gesch\u00e4tzte Lesezeit":"1\u00a0Minute"},"schema":{"@context":"https:\/\/schema.org","@graph":[{"@type":"WebPage","@id":"https:\/\/huisartsenspoedpostmiddenholland.nl\/de\/when-rush\/","url":"https:\/\/huisartsenspoedpostmiddenholland.nl\/de\/when-rush\/","name":"Wann dringend? - Huisartsen Spoedpost Midden-Holland - Deutsch","isPartOf":{"@id":"https:\/\/huisartsenspoedpostmiddenholland.nl\/de\/#website"},"datePublished":"2025-09-16T08:11:51+00:00","dateModified":"2026-03-23T08:43:34+00:00","breadcrumb":{"@id":"https:\/\/huisartsenspoedpostmiddenholland.nl\/de\/when-rush\/#breadcrumb"},"inLanguage":"de","potentialAction":[{"@type":"ReadAction","target":["https:\/\/huisartsenspoedpostmiddenholland.nl\/de\/when-rush\/"]}]},{"@type":"BreadcrumbList","@id":"https:\/\/huisartsenspoedpostmiddenholland.nl\/de\/when-rush\/#breadcrumb","itemListElement":[{"@type":"ListItem","position":1,"name":"Home","item":"https:\/\/huisartsenspoedpostmiddenholland.nl\/de\/"},{"@type":"ListItem","position":2,"name":"Wann dringend?"}]},{"@type":"WebSite","@id":"https:\/\/huisartsenspoedpostmiddenholland.nl\/de\/#website","url":"https:\/\/huisartsenspoedpostmiddenholland.nl\/de\/","name":"Huisartsen Spoedpost Midden-Holland - Deutsch","description":"","potentialAction":[{"@type":"SearchAction","target":{"@type":"EntryPoint","urlTemplate":"https:\/\/huisartsenspoedpostmiddenholland.nl\/de\/?s={search_term_string}"},"query-input":{"@type":"PropertyValueSpecification","valueRequired":true,"valueName":"search_term_string"}}],"inLanguage":"de"}]}},"_links":{"self":[{"href":"https:\/\/huisartsenspoedpostmiddenholland.nl\/de\/wp-json\/wp\/v2\/pages\/55100","targetHints":{"allow":["GET"]}}],"collection":[{"href":"https:\/\/huisartsenspoedpostmiddenholland.nl\/de\/wp-json\/wp\/v2\/pages"}],"about":[{"href":"https:\/\/huisartsenspoedpostmiddenholland.nl\/de\/wp-json\/wp\/v2\/types\/page"}],"author":[{"embeddable":true,"href":"https:\/\/huisartsenspoedpostmiddenholland.nl\/de\/wp-json\/wp\/v2\/users\/3"}],"replies":[{"embeddable":true,"href":"https:\/\/huisartsenspoedpostmiddenholland.nl\/de\/wp-json\/wp\/v2\/comments?post=55100"}],"version-history":[{"count":8,"href":"https:\/\/huisartsenspoedpostmiddenholland.nl\/de\/wp-json\/wp\/v2\/pages\/55100\/revisions"}],"predecessor-version":[{"id":55258,"href":"https:\/\/huisartsenspoedpostmiddenholland.nl\/de\/wp-json\/wp\/v2\/pages\/55100\/revisions\/55258"}],"wp:attachment":[{"href":"https:\/\/huisartsenspoedpostmiddenholland.nl\/de\/wp-json\/wp\/v2\/media?parent=55100"}],"curies":[{"name":"wp","href":"https:\/\/api.w.org\/{rel}","templated":true}]}}