{"id":54931,"date":"2025-08-22T14:24:33","date_gmt":"2025-08-22T12:24:33","guid":{"rendered":"https:\/\/hapmh.mindd.dev\/de\/?page_id=54931"},"modified":"2025-09-12T17:19:39","modified_gmt":"2025-09-12T15:19:39","slug":"verfahren","status":"publish","type":"page","link":"https:\/\/huisartsenspoedpostmiddenholland.nl\/de\/verfahren\/","title":{"rendered":"Verfahren"},"content":{"rendered":"\n<h2 class=\"wp-block-heading\">Wie funktioniert die GP Medical Station?<\/h2>\n\n\n\n<p>Die Notrufstation des Hausarztes in den&nbsp;Niederlanden ist f\u00fcr die akute haus\u00e4rztliche Versorgung au\u00dferhalb der Praxiszeiten Ihres eigenen Hausarztes da. Also abends, nachts, am Wochenende und an Feiertagen. In der Regel arbeitet der eigene Hausarzt werktags von 08:00 Uhr morgens bis 17:00 Uhr nachmittags in der eigenen Praxis. Wenn Sie au\u00dferhalb dieser Zeiten dringend Hilfe von einem Hausarzt ben\u00f6tigen, rufen Sie die GP Medical Post an.<\/p>\n\n\n\n<p>Es ist nicht m\u00f6glich, ohne Termin auf die Sanit\u00e4tsstation zu kommen. Dringend bedeutet, dass die Betreuung nicht bis zum n\u00e4chsten Arbeitstag des eigenen Hausarztes warten kann.<\/p>\n\n\n\n<h2 class=\"wp-block-heading\">Was brauchen Sie?<\/h2>\n\n\n\n<p>Halten Sie die wichtigsten Daten bereit. Dazu geh\u00f6ren Ihre BSN-Nummer, Ihr Geburtsdatum, Ihr Name, Ihre Adresse und Ihre Telefonnummer (Ihre eigene oder die Person, die Sie anrufen). Halten Sie auch Ihre Medikamente, Ihren Ausweis und die Angaben Ihres Arztes und Versicherers bereit. Wenn Fieber zu den Symptomen geh\u00f6rt, stellen Sie sicher, dass Sie vorher die K\u00f6rpertemperatur gemessen haben. Diese k\u00f6nnen Sie dann auf Nachfrage sofort weitergeben.<\/p>\n\n\n\n<h2 class=\"wp-block-heading\">F\u00fcllen Sie Fragen auf der Website aus, um eine direkte Beratung zu erhalten<\/h2>\n\n\n\n<p>Sie f\u00fcllen die Fragen oben auf der Seite dieser Website aus. Sie erhalten eine sofortige Beratung. Dies kann eine beruhigende Botschaft sein, dass Sie warten k\u00f6nnen, bis Ihre eigene Hausarztpraxis wieder ge\u00f6ffnet ist. Oder dass es klug ist, sofort die 112 anzurufen. Oder dass wir Ihnen noch telefonisch noch einige Fragen stellen m\u00f6chten, um eventuell einen Termin bei der Haus\u00e4rztlichen Post f\u00fcr Sie zu vereinbaren.<\/p>\n\n\n\n<h2 class=\"wp-block-heading\">Sie rufen die Notrufstation des Hausarztes an und was dann?<\/h2>\n\n\n\n<p>Wenn Sie die GP Medical Post anrufen, bekommt Sie eine speziell ausgebildete Arzthelferin (Triagist) ans Telefon bekommen. Um den Grad der Dringlichkeit zu beurteilen, stellt die Triage-Schwester eine Reihe von Fragen zu den medizinischen Beschwerden. Abh\u00e4ngig von der Schwere Ihrer Frage w\u00e4hlt die Triage-Krankenschwester eine der folgenden Optionen:<\/p>\n\n\n\n<ul class=\"wp-block-list\">\n<li>Sie ber\u00e4t telefonisch<\/li>\n\n\n\n<li>Sie l\u00e4sst den Hausarzt zur\u00fcckrufen<\/li>\n\n\n\n<li>Sie vereinbart einen Termin f\u00fcr eine Beratung auf der Hausarztstation<\/li>\n\n\n\n<li>Sie vereinbart einen Termin f\u00fcr einen Hausbesuch.<\/li>\n\n\n\n<li>Sie wird Sie an einen anderen Pflegedienstleister \u00fcberweisen<\/li>\n<\/ul>\n\n\n\n<p>Die Triage-Krankenschwester am Telefon arbeitet eng mit den diensthabenden Haus\u00e4rzten zusammen. Die Haus\u00e4rzte \u00fcberpr\u00fcfen alle Ratschl\u00e4ge der Triage-Schwestern.<\/p>\n\n\n\n<h2 class=\"wp-block-heading\">Geh\u00f6rlos und schwerh\u00f6rig<\/h2>\n\n\n\n<p>Geh\u00f6rlose, schwerh\u00f6rige und sprachbehinderte Menschen rufen mit ihrem Texttelefon die Notrufnummer 0800-8112 f\u00fcr die Notfallversorgung an. Wenn es keinen Notfall gibt, aber Hilfe ben\u00f6tigt wird, k\u00f6nnen sie 0900-1844 anrufen.<\/p>\n\n\n\n<h2 class=\"wp-block-heading\">Notrufnummer (SMS-Telefon) 0800 \u2013 8112<\/h2>\n\n\n\n<p>Die Notrufnummer 0800-8112 ist kostenlos mit einem Texttelefon erreichbar, mit dem Sie durch Tippen einer Nachricht die Notrufzentrale informieren k\u00f6nnen. Diese Nachricht wird \u00fcber die Telefonleitung an die \u00dcberwachungszentrale gesendet. Dort liest der Mitarbeiter der Leitwarte Ihren Bericht auf seinem Bildschirm vor.<\/p>\n\n\n\n<h3 class=\"wp-block-heading\">Sofort melden:<\/h3>\n\n\n\n<ul class=\"wp-block-list\">\n<li>wo Sie sind;<\/li>\n\n\n\n<li>wohin Hilfe gehen sollte;<\/li>\n\n\n\n<li>Welchen Rettungsdienst Sie ben\u00f6tigen: Polizei, Feuerwehr oder Krankenwagen.<\/li>\n<\/ul>\n\n\n\n<p>Der Mitarbeiter der Notrufzentrale wird dann umgehend Hilfe schicken. Wenn Sie dringend haus\u00e4rztliche Hilfe ben\u00f6tigen und trotzdem zur Haus\u00e4rztlichen Post kommen k\u00f6nnen, m\u00fcssen Sie nicht vorher anrufen.<\/p>\n\n\n\n<h2 class=\"wp-block-heading\">Hausbesuch<\/h2>\n\n\n\n<p>Wenn ein Besuch auf der Hausarztstation medizinisch nicht gerechtfertigt ist, vereinbart die Triage-Krankenschwester mit Ihnen einen Hausbesuch. Der Hausarzt wird dann in einem speziellen Dienstwagen mit einem Besuchsassistenten zu Ihrer Adresse gefahren. Dieses Auto ist mit allen notwendigen Ausr\u00fcstungen f\u00fcr die Bereitstellung von Notfallhilfe ausgestattet. Durch die direkte Anbindung an die haus\u00e4rztliche Notaufnahme kann im Notfallfall jederzeit Kontakt zu anderen Leistungserbringern, wie z.B. dem Rettungsdienst, aufgenommen werden.<\/p>\n\n\n\n<p><strong>Bitte beachten Sie:&nbsp;<\/strong>Das Fehlen eines eigenen Transportmittels ist kein Grund f\u00fcr einen Hausbesuch.<\/p>\n\n\n\n<h2 class=\"wp-block-heading\">Medikation<\/h2>\n\n\n\n<p>Wenn Medikamente verschrieben werden, k\u00f6nnen Sie sich an die Serviceapotheke wenden, siehe auch unter\u00a0\u00a0<a href=\"\/de\/notfallapotheke-midden-holland\/\">Apotheke<\/a>\u00a0.<\/p>\n\n\n\n<h2 class=\"wp-block-heading\">Nach Ihrem Kontakt mit der Medizinischen Post<\/h2>\n\n\n\n<p>Ein Bericht \u00fcber den Kontakt wird an Ihren Hausarzt gesendet.\u00a0Auf diese Weise wei\u00df Ihr Hausarzt genau, mit welcher Hilfeanfrage Sie Kontakt mit der haus\u00e4rztlichen Notaufnahme hatten und wie die Behandlung war.\u00a0Weitere Informationen finden Sie unter <a href=\"\/de\/privatsphare\/\">Datenschutzerkl\u00e4rung<\/a>.<\/p>\n\n\n\n<p><\/p>\n","protected":false},"excerpt":{"rendered":"<p>Wie funktioniert die GP Medical Station? Die Notrufstation des Hausarztes in den&nbsp;Niederlanden ist f\u00fcr die akute haus\u00e4rztliche Versorgung au\u00dferhalb der Praxiszeiten Ihres eigenen Hausarztes da. Also abends, nachts, am Wochenende und an Feiertagen. In der Regel arbeitet der eigene Hausarzt werktags von 08:00 Uhr morgens bis 17:00 Uhr nachmittags in der eigenen Praxis. Wenn Sie [&hellip;]<\/p>\n","protected":false},"author":3,"featured_media":0,"parent":0,"menu_order":0,"comment_status":"closed","ping_status":"closed","template":"","meta":{"_acf_changed":false,"_trash_the_other_posts":false,"editor_notices":[],"footnotes":""},"class_list":["post-54931","page","type-page","status-publish","hentry"],"acf":[],"yoast_head":"<!-- This site is optimized with the Yoast SEO plugin v26.6 - https:\/\/yoast.com\/wordpress\/plugins\/seo\/ -->\n<title>Verfahren - Huisartsen Spoedpost Midden-Holland - Deutsch<\/title>\n<meta name=\"robots\" content=\"index, follow, max-snippet:-1, max-image-preview:large, max-video-preview:-1\" \/>\n<link rel=\"canonical\" href=\"https:\/\/huisartsenspoedpostmiddenholland.nl\/de\/verfahren\/\" \/>\n<meta property=\"og:locale\" content=\"de_DE\" \/>\n<meta property=\"og:type\" content=\"article\" \/>\n<meta property=\"og:title\" content=\"Verfahren - Huisartsen Spoedpost Midden-Holland - Deutsch\" \/>\n<meta property=\"og:description\" content=\"Wie funktioniert die GP Medical Station? Die Notrufstation des Hausarztes in den&nbsp;Niederlanden ist f\u00fcr die akute haus\u00e4rztliche Versorgung au\u00dferhalb der Praxiszeiten Ihres eigenen Hausarztes da. Also abends, nachts, am Wochenende und an Feiertagen. In der Regel arbeitet der eigene Hausarzt werktags von 08:00 Uhr morgens bis 17:00 Uhr nachmittags in der eigenen Praxis. Wenn Sie [&hellip;]\" \/>\n<meta property=\"og:url\" content=\"https:\/\/huisartsenspoedpostmiddenholland.nl\/de\/verfahren\/\" \/>\n<meta property=\"og:site_name\" content=\"Huisartsen Spoedpost Midden-Holland - Deutsch\" \/>\n<meta property=\"article:modified_time\" content=\"2025-09-12T15:19:39+00:00\" \/>\n<meta name=\"twitter:card\" content=\"summary_large_image\" \/>\n<meta name=\"twitter:label1\" content=\"Gesch\u00e4tzte Lesezeit\" \/>\n\t<meta name=\"twitter:data1\" content=\"4\u00a0Minuten\" \/>\n<script type=\"application\/ld+json\" class=\"yoast-schema-graph\">{\"@context\":\"https:\/\/schema.org\",\"@graph\":[{\"@type\":\"WebPage\",\"@id\":\"https:\/\/huisartsenspoedpostmiddenholland.nl\/de\/verfahren\/\",\"url\":\"https:\/\/huisartsenspoedpostmiddenholland.nl\/de\/verfahren\/\",\"name\":\"Verfahren - Huisartsen Spoedpost Midden-Holland - Deutsch\",\"isPartOf\":{\"@id\":\"https:\/\/huisartsenspoedpostmiddenholland.nl\/de\/#website\"},\"datePublished\":\"2025-08-22T12:24:33+00:00\",\"dateModified\":\"2025-09-12T15:19:39+00:00\",\"breadcrumb\":{\"@id\":\"https:\/\/huisartsenspoedpostmiddenholland.nl\/de\/verfahren\/#breadcrumb\"},\"inLanguage\":\"de\",\"potentialAction\":[{\"@type\":\"ReadAction\",\"target\":[\"https:\/\/huisartsenspoedpostmiddenholland.nl\/de\/verfahren\/\"]}]},{\"@type\":\"BreadcrumbList\",\"@id\":\"https:\/\/huisartsenspoedpostmiddenholland.nl\/de\/verfahren\/#breadcrumb\",\"itemListElement\":[{\"@type\":\"ListItem\",\"position\":1,\"name\":\"Home\",\"item\":\"https:\/\/huisartsenspoedpostmiddenholland.nl\/de\/\"},{\"@type\":\"ListItem\",\"position\":2,\"name\":\"Verfahren\"}]},{\"@type\":\"WebSite\",\"@id\":\"https:\/\/huisartsenspoedpostmiddenholland.nl\/de\/#website\",\"url\":\"https:\/\/huisartsenspoedpostmiddenholland.nl\/de\/\",\"name\":\"Huisartsen Spoedpost Midden-Holland - Deutsch\",\"description\":\"\",\"potentialAction\":[{\"@type\":\"SearchAction\",\"target\":{\"@type\":\"EntryPoint\",\"urlTemplate\":\"https:\/\/huisartsenspoedpostmiddenholland.nl\/de\/?s={search_term_string}\"},\"query-input\":{\"@type\":\"PropertyValueSpecification\",\"valueRequired\":true,\"valueName\":\"search_term_string\"}}],\"inLanguage\":\"de\"}]}<\/script>\n<!-- \/ Yoast SEO plugin. -->","yoast_head_json":{"title":"Verfahren - Huisartsen Spoedpost Midden-Holland - Deutsch","robots":{"index":"index","follow":"follow","max-snippet":"max-snippet:-1","max-image-preview":"max-image-preview:large","max-video-preview":"max-video-preview:-1"},"canonical":"https:\/\/huisartsenspoedpostmiddenholland.nl\/de\/verfahren\/","og_locale":"de_DE","og_type":"article","og_title":"Verfahren - Huisartsen Spoedpost Midden-Holland - Deutsch","og_description":"Wie funktioniert die GP Medical Station? Die Notrufstation des Hausarztes in den&nbsp;Niederlanden ist f\u00fcr die akute haus\u00e4rztliche Versorgung au\u00dferhalb der Praxiszeiten Ihres eigenen Hausarztes da. Also abends, nachts, am Wochenende und an Feiertagen. In der Regel arbeitet der eigene Hausarzt werktags von 08:00 Uhr morgens bis 17:00 Uhr nachmittags in der eigenen Praxis. Wenn Sie [&hellip;]","og_url":"https:\/\/huisartsenspoedpostmiddenholland.nl\/de\/verfahren\/","og_site_name":"Huisartsen Spoedpost Midden-Holland - Deutsch","article_modified_time":"2025-09-12T15:19:39+00:00","twitter_card":"summary_large_image","twitter_misc":{"Gesch\u00e4tzte Lesezeit":"4\u00a0Minuten"},"schema":{"@context":"https:\/\/schema.org","@graph":[{"@type":"WebPage","@id":"https:\/\/huisartsenspoedpostmiddenholland.nl\/de\/verfahren\/","url":"https:\/\/huisartsenspoedpostmiddenholland.nl\/de\/verfahren\/","name":"Verfahren - Huisartsen Spoedpost Midden-Holland - Deutsch","isPartOf":{"@id":"https:\/\/huisartsenspoedpostmiddenholland.nl\/de\/#website"},"datePublished":"2025-08-22T12:24:33+00:00","dateModified":"2025-09-12T15:19:39+00:00","breadcrumb":{"@id":"https:\/\/huisartsenspoedpostmiddenholland.nl\/de\/verfahren\/#breadcrumb"},"inLanguage":"de","potentialAction":[{"@type":"ReadAction","target":["https:\/\/huisartsenspoedpostmiddenholland.nl\/de\/verfahren\/"]}]},{"@type":"BreadcrumbList","@id":"https:\/\/huisartsenspoedpostmiddenholland.nl\/de\/verfahren\/#breadcrumb","itemListElement":[{"@type":"ListItem","position":1,"name":"Home","item":"https:\/\/huisartsenspoedpostmiddenholland.nl\/de\/"},{"@type":"ListItem","position":2,"name":"Verfahren"}]},{"@type":"WebSite","@id":"https:\/\/huisartsenspoedpostmiddenholland.nl\/de\/#website","url":"https:\/\/huisartsenspoedpostmiddenholland.nl\/de\/","name":"Huisartsen Spoedpost Midden-Holland - Deutsch","description":"","potentialAction":[{"@type":"SearchAction","target":{"@type":"EntryPoint","urlTemplate":"https:\/\/huisartsenspoedpostmiddenholland.nl\/de\/?s={search_term_string}"},"query-input":{"@type":"PropertyValueSpecification","valueRequired":true,"valueName":"search_term_string"}}],"inLanguage":"de"}]}},"_links":{"self":[{"href":"https:\/\/huisartsenspoedpostmiddenholland.nl\/de\/wp-json\/wp\/v2\/pages\/54931","targetHints":{"allow":["GET"]}}],"collection":[{"href":"https:\/\/huisartsenspoedpostmiddenholland.nl\/de\/wp-json\/wp\/v2\/pages"}],"about":[{"href":"https:\/\/huisartsenspoedpostmiddenholland.nl\/de\/wp-json\/wp\/v2\/types\/page"}],"author":[{"embeddable":true,"href":"https:\/\/huisartsenspoedpostmiddenholland.nl\/de\/wp-json\/wp\/v2\/users\/3"}],"replies":[{"embeddable":true,"href":"https:\/\/huisartsenspoedpostmiddenholland.nl\/de\/wp-json\/wp\/v2\/comments?post=54931"}],"version-history":[{"count":8,"href":"https:\/\/huisartsenspoedpostmiddenholland.nl\/de\/wp-json\/wp\/v2\/pages\/54931\/revisions"}],"predecessor-version":[{"id":55091,"href":"https:\/\/huisartsenspoedpostmiddenholland.nl\/de\/wp-json\/wp\/v2\/pages\/54931\/revisions\/55091"}],"wp:attachment":[{"href":"https:\/\/huisartsenspoedpostmiddenholland.nl\/de\/wp-json\/wp\/v2\/media?parent=54931"}],"curies":[{"name":"wp","href":"https:\/\/api.w.org\/{rel}","templated":true}]}}