{"id":54145,"date":"2025-08-08T09:43:06","date_gmt":"2025-08-08T07:43:06","guid":{"rendered":"https:\/\/hapmh.mindd.dev\/?page_id=54145"},"modified":"2025-09-12T14:41:14","modified_gmt":"2025-09-12T12:41:14","slug":"privatsphare","status":"publish","type":"page","link":"https:\/\/huisartsenspoedpostmiddenholland.nl\/de\/privatsphare\/","title":{"rendered":"Datenschutzerkl\u00e4rung Allgemeinmediziner Notrufstation Midden-Holland (HAP MH) Midden-Holland"},"content":{"rendered":"\n<h2 class=\"wp-block-heading\">1. Allgemeines<\/h2>\n\n\n\n<p>Um eine gute medizinische Notfallversorgung gew\u00e4hrleisten zu k\u00f6nnen, registrieren&nbsp;wir Daten \u00fcber Sie.&nbsp;Wir tun dies im Einklang mit der Datenschutz-Grundverordnung (DSGVO).&nbsp;Zus\u00e4tzlich zu diesem allgemeinen Gesetz gibt es spezifische Regeln f\u00fcr den Datenschutz im Gesundheitswesen.&nbsp;Diese Regeln sind im Heilbehandlungsvertragsgesetz (WGBO) festgelegt.&nbsp;Diese Datenschutzerkl\u00e4rung soll Sie \u00fcber Ihre Rechte und unsere Pflichten informieren, die nach dem DSGVO und die WGBO.<\/p>\n\n\n\n<h2 class=\"wp-block-heading\">2. Verwendung Ihrer personenbezogenen Daten<\/h2>\n\n\n\n<p>Wenn Sie sich telefonisch mit uns in Verbindung setzen, die \u00e4rztliche Station des Hausarztes aufsuchen oder ein Hausarzt zu Ihnen nach Hause kommt, werden verschiedene personenbezogene Daten \u00fcber Sie erfasst.&nbsp;Diese Daten erfassen wir in einer elektronischen Patientenakte.&nbsp;Dies ist notwendig, um Sie gut medizinisch versorgen zu k\u00f6nnen und f\u00fcr die finanzielle Abwicklung&nbsp;der Ihnen erbrachten Versorgung.<\/p>\n\n\n\n<p>Wir verarbeiten die folgenden personenbezogenen Daten:<\/p>\n\n\n\n<ul class=\"wp-block-list\">\n<li>Name, Anschrift und Wohnort<\/li>\n\n\n\n<li>Geburtsdatum<\/li>\n\n\n\n<li>Geschlecht<\/li>\n\n\n\n<li>Telefonnummer<\/li>\n\n\n\n<li>B\u00fcrgerservicenummer (BSN)<\/li>\n\n\n\n<li>Details zur Versicherung<\/li>\n\n\n\n<li>Name des&nbsp;eigenen Hausarztes<\/li>\n\n\n\n<li>Medizinische Daten<\/li>\n<\/ul>\n\n\n\n<p>Wir erhalten auch Daten von anderen Gesundheitsdienstleistern, zu denen auch Ihr eigener Hausarzt oder Ihre eigene Apotheke geh\u00f6ren kann. Um die Qualit\u00e4t unserer Versorgung zu \u00fcberwachen und zu verbessern, zeichnen wir Telefongespr\u00e4che auf. Die Aufzeichnungen dieser Gespr\u00e4che k\u00f6nnen im Falle einer Beschwerde oder eines Vorfalls verwendet werden. Diese Aufzeichnungen werden maximal 1 Jahr aufbewahrt.<\/p>\n\n\n\n<p>Zu Ihrer und unserer Sicherheit werden in den Wartebereichen der Hausarztstation Kamerabilder aufgenommen. Wenn sich ein Vorfall ereignet hat, k\u00f6nnen die entsprechenden Bilder zum Zwecke der Bearbeitung des Vorfalls angefordert werden.<\/p>\n\n\n\n<h2 class=\"wp-block-heading\">3. Warum verarbeiten wir Ihre Daten?<\/h2>\n\n\n\n<p>Gem\u00e4\u00df der DSGVO ist die GP Medical Post f\u00fcr die Verarbeitung Ihrer personenbezogenen Daten verantwortlich. Ihre Daten werden zu folgenden Zwecken erhoben:<\/p>\n\n\n\n<ul class=\"wp-block-list\">\n<li>Bereitstellung einer zeitgem\u00e4\u00dfen haus\u00e4rztlichen Versorgung;<\/li>\n\n\n\n<li>die Ihnen erbrachte Behandlung gegen\u00fcber den Krankenkassen zu melden;<\/li>\n\n\n\n<li>die Qualit\u00e4t der erbrachten Pflege zu beurteilen und zu gew\u00e4hrleisten;<\/li>\n<\/ul>\n\n\n\n<p>Anonyme Daten werden erhoben f\u00fcr:<\/p>\n\n\n\n<ul class=\"wp-block-list\">\n<li>Abrechnung der an die Krankenversicherer erbrachten Leistungen;<\/li>\n\n\n\n<li>Beitrag zu (wissenschaftlicher) Forschung, Bildung und Information.<\/li>\n<\/ul>\n\n\n\n<h2 class=\"wp-block-heading\">4. Aufbewahrungsfrist Ihrer Daten<\/h2>\n\n\n\n<p>Wir speichern Ihre Daten so lange, wie es f\u00fcr die Erbringung der Pflege erforderlich ist und so lange, wie es das Gesetz vorschreibt, dass wir Ihre Daten aufbewahren m\u00fcssen. Nach Ablauf dieser Frist werden wir Ihre Daten l\u00f6schen.<\/p>\n\n\n\n<h2 class=\"wp-block-heading\">5. Wer hat Zugriff auf Ihre Daten?<\/h2>\n\n\n\n<p>Nur Gesundheitsdienstleister und Mitarbeitende, die direkt an der Behandlung und Abwicklung Ihres Pflegewunsches beteiligt sind, k\u00f6nnen Ihre Daten einsehen. Dazu geh\u00f6ren unter anderem: die Triage-Krankenschwester (diplomierte Arzthelferin), mit der Sie telefonischen Kontakt haben \/ am Schalter empfangen werden und&nbsp;der Hausarzt oder Kollege, der Sie behandelt. Sie werden Ihre Akte nur in dem Umfang konsultieren, wie es f\u00fcr Ihre Behandlung erforderlich ist.<\/p>\n\n\n\n<p>Im Falle der Bearbeitung einer Beschwerde kann es erforderlich sein, dass der Beschwerdebeauftragte und der Leiter der Allgemeinarzt-Notrufstation Midden-Holland (HAP MH) Ihre Akte und m\u00f6glicherweise die Aufzeichnungen von Telefongespr\u00e4chen und\/oder Kamerabildern einsehen. Hierf\u00fcr erteilen Sie eine gesonderte Erlaubnis.<\/p>\n\n\n\n<h2 class=\"wp-block-heading\">6. Weitergabe Ihrer personenbezogenen Daten an Dritte<\/h2>\n\n\n\n<p>Die Mitarbeiter unserer Organisation sind verpflichtet, Ihre personenbezogenen Daten vertraulich zu behandeln. Das bedeutet beispielsweise, dass f\u00fcr die Weitergabe Ihrer personenbezogenen Daten an Dritte Ihre ausdr\u00fcckliche Einwilligung erforderlich ist. Es gibt jedoch einige Ausnahmen von dieser Regel. Aufgrund einer gesetzlichen Vorschrift kann die Schweigepflicht des Leistungserbringers verletzt werden, z.B.&nbsp;wenn eine ernsthafte Gef\u00e4hrdung Ihrer Gesundheit oder der eines anderen bef\u00fcrchtet wird. Dar\u00fcber hinaus k\u00f6nnen&nbsp;Daten m\u00fcndlich, schriftlich oder digital mit anderen an Ihrer Behandlung beteiligten Gesundheitsdienstleistern ausgetauscht werden. Zum Beispiel mit dem Rettungsdienst, der Notaufnahme, einem Facharzt in dem Krankenhaus, an das Sie \u00fcberwiesen werden, oder dem Apotheker, der ein Rezept von Ihnen ausstellt, um Sie mit den richtigen Medikamenten versorgen zu k\u00f6nnen.<\/p>\n\n\n\n<h2 class=\"wp-block-heading\">7. Austausch von Daten<\/h2>\n\n\n\n<p>Um eine bestm\u00f6gliche&nbsp;Patientenversorgung zu gew\u00e4hrleisten, k\u00f6nnen die wichtigsten Daten aus Ihrer Krankenakte des eigenen Hausarztes und der Apotheke von der Triage-Krankenschwester und dem diensthabenden Hausarzt auf der Hausarztstation (\u00fcber den Nationalen Austauschpunkt) eingesehen werden. Diese Daten k\u00f6nnen von uns nur angefordert werden, wenn Sie Ihrem eigenen Hausarzt und Ihrer Apotheke die Erlaubnis erteilt haben.<\/p>\n\n\n\n<p>Wenn Sie telefonischen Kontakt mit uns hatten, wenn Sie auf der Hausarztstation waren oder wenn Sie vom Hausarzt zu Hause besucht wurden, wird eine Zusammenfassung dieses Kontakts und der erbrachten Versorgung (digital) an Ihren eigenen Hausarzt gesendet. So wei\u00df der eigene Hausarzt den Grund f\u00fcr die Kontaktaufnahme mit der Hausarztstation, welche Versorgung dadurch erbracht wurde und welche Vereinbarungen getroffen wurden.<\/p>\n\n\n\n<h2 class=\"wp-block-heading\">8. Sicherheitsma\u00dfnahmen<\/h2>\n\n\n\n<p>Wir haben mehrere organisatorische und technische Sicherheitsma\u00dfnahmen getroffen, um Ihre Daten zu sch\u00fctzen. Auf diese Weise werden alle Mitarbeiter \u00fcber die Sensibilit\u00e4t Ihrer Daten f\u00fcr die Privatsph\u00e4re und den sorgf\u00e4ltigen und streng vertraulichen Umgang mit diesen informiert und sensibilisiert. Dar\u00fcber hinaus sind unsere Computersysteme und Netzwerkverbindungen vor unbefugtem Zugriff gesch\u00fctzt&nbsp;. Sollten sich trotz dieser Ma\u00dfnahmen Dritte unbefugten Zugriff auf Ihre Daten verschaffen, werden wir dies der niederl\u00e4ndischen Datenschutzbeh\u00f6rde melden.<\/p>\n\n\n\n<h2 class=\"wp-block-heading\">9. Ihre Rechte<\/h2>\n\n\n\n<p>Sie haben das Recht, Ihre Daten einzusehen. Sollte sich herausstellen, dass Daten \u00fcber Sie unrichtig sind, haben Sie das Recht, diese von uns berichtigen, erg\u00e4nzen oder l\u00f6schen zu lassen. Es kann sein, dass es nicht m\u00f6glich ist, einer Anfrage (vollst\u00e4ndig) nachzukommen, z.B. wenn Ihr Zugriff zu einer Verletzung der Privatsph\u00e4re anderer f\u00fchrt oder wenn die L\u00f6schung von Daten dazu f\u00fchrt, dass Sie nicht richtig betreut werden k\u00f6nnen. Wenn Sie Ihre Rechte aus\u00fcben m\u00f6chten, k\u00f6nnen Sie dies m\u00fcndlich oder schriftlich unter den unten angegebenen Kontaktdaten bekannt geben. Ihre Interessen k\u00f6nnen auch durch einen Vertreter vertreten werden (z. B. durch einen schriftlichen Vertreter oder Ihren Kurator oder Mentor).<\/p>\n\n\n\n<h2 class=\"wp-block-heading\">10. Frage der Beschwerde<\/h2>\n\n\n\n<p>Wenn Sie eine Beschwerde \u00fcber die Art und Weise haben, wie wir mit Ihren Daten umgehen, wenden Sie sich bitte an unseren Datenschutzbeauftragten unter den&nbsp;unten angegebenen Kontaktdaten.&nbsp;Wenn Sie die Angelegenheit nicht mit unserem Datenschutzbeauftragten kl\u00e4ren k\u00f6nnen, haben Sie das Recht, eine Beschwerde bei der niederl\u00e4ndischen Datenschutzbeh\u00f6rde einzureichen.<\/p>\n\n\n\n<h2 class=\"wp-block-heading\">11. Kontaktinformationen<\/h2>\n\n\n\n<p>Huisartsenspoedpost Midden-Holland (HAP MH) Midden-Holland<br>Datenschutzbeauftragter z. Hd.:&nbsp;PWA Schel, Stichting Privacyzorg&nbsp;<strong>:<\/strong>&nbsp;<br>Postfach 123<br>2800 AC Gouda<br>Telefonnummer: 0182-322478<br>E-Mail:&nbsp;&nbsp;Huisartsenspoedpost Midden-Holland (HAP MH) <\/p>\n\n\n\n<p><\/p>\n","protected":false},"excerpt":{"rendered":"<p>1. Allgemeines Um eine gute medizinische Notfallversorgung gew\u00e4hrleisten zu k\u00f6nnen, registrieren&nbsp;wir Daten \u00fcber Sie.&nbsp;Wir tun dies im Einklang mit der Datenschutz-Grundverordnung (DSGVO).&nbsp;Zus\u00e4tzlich zu diesem allgemeinen Gesetz gibt es spezifische Regeln f\u00fcr den Datenschutz im Gesundheitswesen.&nbsp;Diese Regeln sind im Heilbehandlungsvertragsgesetz (WGBO) festgelegt.&nbsp;Diese Datenschutzerkl\u00e4rung soll Sie \u00fcber Ihre Rechte und unsere Pflichten informieren, die nach dem DSGVO [&hellip;]<\/p>\n","protected":false},"author":3,"featured_media":0,"parent":0,"menu_order":0,"comment_status":"closed","ping_status":"closed","template":"","meta":{"_acf_changed":false,"_trash_the_other_posts":false,"editor_notices":[],"footnotes":""},"class_list":["post-54145","page","type-page","status-publish","hentry"],"acf":[],"yoast_head":"<!-- This site is optimized with the Yoast SEO plugin v26.6 - https:\/\/yoast.com\/wordpress\/plugins\/seo\/ -->\n<title>Datenschutzerkl\u00e4rung Allgemeinmediziner Notrufstation Midden-Holland (HAP MH) Midden-Holland - Huisartsen Spoedpost Midden-Holland - Deutsch<\/title>\n<meta name=\"robots\" content=\"index, follow, max-snippet:-1, max-image-preview:large, max-video-preview:-1\" \/>\n<link rel=\"canonical\" href=\"https:\/\/huisartsenspoedpostmiddenholland.nl\/de\/privatsphare\/\" \/>\n<meta property=\"og:locale\" content=\"de_DE\" \/>\n<meta property=\"og:type\" content=\"article\" \/>\n<meta property=\"og:title\" content=\"Datenschutzerkl\u00e4rung Allgemeinmediziner Notrufstation Midden-Holland (HAP MH) Midden-Holland - Huisartsen Spoedpost Midden-Holland - Deutsch\" \/>\n<meta property=\"og:description\" content=\"1. Allgemeines Um eine gute medizinische Notfallversorgung gew\u00e4hrleisten zu k\u00f6nnen, registrieren&nbsp;wir Daten \u00fcber Sie.&nbsp;Wir tun dies im Einklang mit der Datenschutz-Grundverordnung (DSGVO).&nbsp;Zus\u00e4tzlich zu diesem allgemeinen Gesetz gibt es spezifische Regeln f\u00fcr den Datenschutz im Gesundheitswesen.&nbsp;Diese Regeln sind im Heilbehandlungsvertragsgesetz (WGBO) festgelegt.&nbsp;Diese Datenschutzerkl\u00e4rung soll Sie \u00fcber Ihre Rechte und unsere Pflichten informieren, die nach dem DSGVO [&hellip;]\" \/>\n<meta property=\"og:url\" content=\"https:\/\/huisartsenspoedpostmiddenholland.nl\/de\/privatsphare\/\" \/>\n<meta property=\"og:site_name\" content=\"Huisartsen Spoedpost Midden-Holland - Deutsch\" \/>\n<meta property=\"article:modified_time\" content=\"2025-09-12T12:41:14+00:00\" \/>\n<meta name=\"twitter:card\" content=\"summary_large_image\" \/>\n<meta name=\"twitter:label1\" content=\"Gesch\u00e4tzte Lesezeit\" \/>\n\t<meta name=\"twitter:data1\" content=\"5\u00a0Minuten\" \/>\n<script type=\"application\/ld+json\" class=\"yoast-schema-graph\">{\"@context\":\"https:\/\/schema.org\",\"@graph\":[{\"@type\":\"WebPage\",\"@id\":\"https:\/\/huisartsenspoedpostmiddenholland.nl\/de\/privatsphare\/\",\"url\":\"https:\/\/huisartsenspoedpostmiddenholland.nl\/de\/privatsphare\/\",\"name\":\"Datenschutzerkl\u00e4rung Allgemeinmediziner Notrufstation Midden-Holland (HAP MH) Midden-Holland - Huisartsen Spoedpost Midden-Holland - Deutsch\",\"isPartOf\":{\"@id\":\"https:\/\/huisartsenspoedpostmiddenholland.nl\/de\/#website\"},\"datePublished\":\"2025-08-08T07:43:06+00:00\",\"dateModified\":\"2025-09-12T12:41:14+00:00\",\"breadcrumb\":{\"@id\":\"https:\/\/huisartsenspoedpostmiddenholland.nl\/de\/privatsphare\/#breadcrumb\"},\"inLanguage\":\"de\",\"potentialAction\":[{\"@type\":\"ReadAction\",\"target\":[\"https:\/\/huisartsenspoedpostmiddenholland.nl\/de\/privatsphare\/\"]}]},{\"@type\":\"BreadcrumbList\",\"@id\":\"https:\/\/huisartsenspoedpostmiddenholland.nl\/de\/privatsphare\/#breadcrumb\",\"itemListElement\":[{\"@type\":\"ListItem\",\"position\":1,\"name\":\"Home\",\"item\":\"https:\/\/huisartsenspoedpostmiddenholland.nl\/de\/\"},{\"@type\":\"ListItem\",\"position\":2,\"name\":\"Datenschutzerkl\u00e4rung Allgemeinmediziner Notrufstation Midden-Holland (HAP MH) Midden-Holland\"}]},{\"@type\":\"WebSite\",\"@id\":\"https:\/\/huisartsenspoedpostmiddenholland.nl\/de\/#website\",\"url\":\"https:\/\/huisartsenspoedpostmiddenholland.nl\/de\/\",\"name\":\"Huisartsen Spoedpost Midden-Holland - Deutsch\",\"description\":\"\",\"potentialAction\":[{\"@type\":\"SearchAction\",\"target\":{\"@type\":\"EntryPoint\",\"urlTemplate\":\"https:\/\/huisartsenspoedpostmiddenholland.nl\/de\/?s={search_term_string}\"},\"query-input\":{\"@type\":\"PropertyValueSpecification\",\"valueRequired\":true,\"valueName\":\"search_term_string\"}}],\"inLanguage\":\"de\"}]}<\/script>\n<!-- \/ Yoast SEO plugin. -->","yoast_head_json":{"title":"Datenschutzerkl\u00e4rung Allgemeinmediziner Notrufstation Midden-Holland (HAP MH) Midden-Holland - Huisartsen Spoedpost Midden-Holland - Deutsch","robots":{"index":"index","follow":"follow","max-snippet":"max-snippet:-1","max-image-preview":"max-image-preview:large","max-video-preview":"max-video-preview:-1"},"canonical":"https:\/\/huisartsenspoedpostmiddenholland.nl\/de\/privatsphare\/","og_locale":"de_DE","og_type":"article","og_title":"Datenschutzerkl\u00e4rung Allgemeinmediziner Notrufstation Midden-Holland (HAP MH) Midden-Holland - Huisartsen Spoedpost Midden-Holland - Deutsch","og_description":"1. Allgemeines Um eine gute medizinische Notfallversorgung gew\u00e4hrleisten zu k\u00f6nnen, registrieren&nbsp;wir Daten \u00fcber Sie.&nbsp;Wir tun dies im Einklang mit der Datenschutz-Grundverordnung (DSGVO).&nbsp;Zus\u00e4tzlich zu diesem allgemeinen Gesetz gibt es spezifische Regeln f\u00fcr den Datenschutz im Gesundheitswesen.&nbsp;Diese Regeln sind im Heilbehandlungsvertragsgesetz (WGBO) festgelegt.&nbsp;Diese Datenschutzerkl\u00e4rung soll Sie \u00fcber Ihre Rechte und unsere Pflichten informieren, die nach dem DSGVO [&hellip;]","og_url":"https:\/\/huisartsenspoedpostmiddenholland.nl\/de\/privatsphare\/","og_site_name":"Huisartsen Spoedpost Midden-Holland - Deutsch","article_modified_time":"2025-09-12T12:41:14+00:00","twitter_card":"summary_large_image","twitter_misc":{"Gesch\u00e4tzte Lesezeit":"5\u00a0Minuten"},"schema":{"@context":"https:\/\/schema.org","@graph":[{"@type":"WebPage","@id":"https:\/\/huisartsenspoedpostmiddenholland.nl\/de\/privatsphare\/","url":"https:\/\/huisartsenspoedpostmiddenholland.nl\/de\/privatsphare\/","name":"Datenschutzerkl\u00e4rung Allgemeinmediziner Notrufstation Midden-Holland (HAP MH) Midden-Holland - Huisartsen Spoedpost Midden-Holland - Deutsch","isPartOf":{"@id":"https:\/\/huisartsenspoedpostmiddenholland.nl\/de\/#website"},"datePublished":"2025-08-08T07:43:06+00:00","dateModified":"2025-09-12T12:41:14+00:00","breadcrumb":{"@id":"https:\/\/huisartsenspoedpostmiddenholland.nl\/de\/privatsphare\/#breadcrumb"},"inLanguage":"de","potentialAction":[{"@type":"ReadAction","target":["https:\/\/huisartsenspoedpostmiddenholland.nl\/de\/privatsphare\/"]}]},{"@type":"BreadcrumbList","@id":"https:\/\/huisartsenspoedpostmiddenholland.nl\/de\/privatsphare\/#breadcrumb","itemListElement":[{"@type":"ListItem","position":1,"name":"Home","item":"https:\/\/huisartsenspoedpostmiddenholland.nl\/de\/"},{"@type":"ListItem","position":2,"name":"Datenschutzerkl\u00e4rung Allgemeinmediziner Notrufstation Midden-Holland (HAP MH) Midden-Holland"}]},{"@type":"WebSite","@id":"https:\/\/huisartsenspoedpostmiddenholland.nl\/de\/#website","url":"https:\/\/huisartsenspoedpostmiddenholland.nl\/de\/","name":"Huisartsen Spoedpost Midden-Holland - Deutsch","description":"","potentialAction":[{"@type":"SearchAction","target":{"@type":"EntryPoint","urlTemplate":"https:\/\/huisartsenspoedpostmiddenholland.nl\/de\/?s={search_term_string}"},"query-input":{"@type":"PropertyValueSpecification","valueRequired":true,"valueName":"search_term_string"}}],"inLanguage":"de"}]}},"_links":{"self":[{"href":"https:\/\/huisartsenspoedpostmiddenholland.nl\/de\/wp-json\/wp\/v2\/pages\/54145","targetHints":{"allow":["GET"]}}],"collection":[{"href":"https:\/\/huisartsenspoedpostmiddenholland.nl\/de\/wp-json\/wp\/v2\/pages"}],"about":[{"href":"https:\/\/huisartsenspoedpostmiddenholland.nl\/de\/wp-json\/wp\/v2\/types\/page"}],"author":[{"embeddable":true,"href":"https:\/\/huisartsenspoedpostmiddenholland.nl\/de\/wp-json\/wp\/v2\/users\/3"}],"replies":[{"embeddable":true,"href":"https:\/\/huisartsenspoedpostmiddenholland.nl\/de\/wp-json\/wp\/v2\/comments?post=54145"}],"version-history":[{"count":7,"href":"https:\/\/huisartsenspoedpostmiddenholland.nl\/de\/wp-json\/wp\/v2\/pages\/54145\/revisions"}],"predecessor-version":[{"id":55074,"href":"https:\/\/huisartsenspoedpostmiddenholland.nl\/de\/wp-json\/wp\/v2\/pages\/54145\/revisions\/55074"}],"wp:attachment":[{"href":"https:\/\/huisartsenspoedpostmiddenholland.nl\/de\/wp-json\/wp\/v2\/media?parent=54145"}],"curies":[{"name":"wp","href":"https:\/\/api.w.org\/{rel}","templated":true}]}}