{"id":54145,"date":"2025-08-08T09:43:06","date_gmt":"2025-08-08T07:43:06","guid":{"rendered":"https:\/\/hapmh.mindd.dev\/?page_id=54145"},"modified":"2025-09-12T14:41:17","modified_gmt":"2025-09-12T12:41:17","slug":"privatliv","status":"publish","type":"page","link":"https:\/\/huisartsenspoedpostmiddenholland.nl\/da\/privatliv\/","title":{"rendered":"Politik om beskyttelse af personlige oplysninger Praktiserende l\u00e6ge Emergency Station Midden-Holland (HAP MH) Midden-Holland"},"content":{"rendered":"\n<h2 class=\"wp-block-heading\">1. Generelt<\/h2>\n\n\n\n<p>For at kunne yde god akut l\u00e6gehj\u00e6lp registrerer&nbsp;vi oplysninger om dig,&nbsp;hvilket vi g\u00f8r i overensstemmelse med databeskyttelsesforordningen (GDPR).&nbsp;Ud over denne generelle lov er der specifikke regler for privatlivets fred i sundhedsv\u00e6senet,&nbsp;som er fastsat i lov om aftaler om l\u00e6gebehandling (WGBO).&nbsp;Denne privatlivspolitik har til form\u00e5l at informere dig om dine rettigheder og vores forpligtelser, der g\u00e6lder i henhold til GDPR og WGBO.<\/p>\n\n\n\n<h2 class=\"wp-block-heading\">2. Brug af dine personoplysninger<\/h2>\n\n\n\n<p>N\u00e5r du kontakter os telefonisk, bes\u00f8ger den praktiserende l\u00e6ges l\u00e6gestation, eller en praktiserende l\u00e6ge kommer hjem til dig, registreres forskellige personoplysninger om dig,&nbsp;som vi registrerer i en elektronisk patientjournal,&nbsp;hvilket er n\u00f8dvendigt for at kunne yde dig god l\u00e6gehj\u00e6lp og for at kunne betale&nbsp;den behandling, du har f\u00e5et.<\/p>\n\n\n\n<p>Vi behandler f\u00f8lgende personoplysninger:<\/p>\n\n\n\n<ul class=\"wp-block-list\">\n<li>Navn, adresse og bop\u00e6l<\/li>\n\n\n\n<li>F\u00f8dselsdag<\/li>\n\n\n\n<li>K\u00f8n<\/li>\n\n\n\n<li>Telefonnummer<\/li>\n\n\n\n<li>Borgerservicenummer (BSN)<\/li>\n\n\n\n<li>Oplysninger om forsikring<\/li>\n\n\n\n<li>Navn p\u00e5&nbsp;din egen l\u00e6ge<\/li>\n\n\n\n<li>Medicinske data<\/li>\n<\/ul>\n\n\n\n<p>Vi modtager ogs\u00e5 data fra andre sundhedsudbydere, som kan omfatte din egen praktiserende l\u00e6ge eller apotek. For at overv\u00e5ge og forbedre kvaliteten af vores pleje optager vi telefonsamtaler. Optagelserne af disse samtaler kan bruges i tilf\u00e6lde af en klage eller en h\u00e6ndelse. Disse optagelser opbevares i h\u00f8jst 1 \u00e5r.<\/p>\n\n\n\n<p>Af hensyn til din og vores sikkerhed optages kamerabilleder i venteomr\u00e5derne p\u00e5 den praktiserende l\u00e6ges l\u00e6gestation. N\u00e5r en h\u00e6ndelse er indtruffet, kan der rekvireres de relevante billeder med henblik p\u00e5 at h\u00e5ndtere h\u00e6ndelsen.<\/p>\n\n\n\n<h2 class=\"wp-block-heading\">3. Hvorfor behandler vi dine oplysninger?<\/h2>\n\n\n\n<p>I henhold til GDPR er GP Medical Post ansvarlig for behandlingen af dine personoplysninger. Dine data indsamles til:<\/p>\n\n\n\n<ul class=\"wp-block-list\">\n<li>levering af opdateret alment praktiserende l\u00e6gebehandling<\/li>\n\n\n\n<li>at oplyse sygesikringen om den behandling, du har f\u00e5et;<\/li>\n\n\n\n<li>vurdering og sikring af kvaliteten af den leverede pleje<\/li>\n<\/ul>\n\n\n\n<p>Anonyme data indsamles til:<\/p>\n\n\n\n<ul class=\"wp-block-list\">\n<li>regnskab for pleje ydet til sygeforsikringsselskaber;<\/li>\n\n\n\n<li>bidrage til (videnskabelig) forskning, uddannelse og information.<\/li>\n<\/ul>\n\n\n\n<h2 class=\"wp-block-heading\">4. Opbevaringsperiode for dine data<\/h2>\n\n\n\n<p>Vi opbevarer dine data, s\u00e5 l\u00e6nge det er n\u00f8dvendigt for at yde pleje, og s\u00e5 l\u00e6nge loven kr\u00e6ver, at vi opbevarer dine data. Efter denne periode sletter vi dine data.<\/p>\n\n\n\n<h2 class=\"wp-block-heading\">5. Hvem har adgang til dine data?<\/h2>\n\n\n\n<p>Kun sundhedsudbydere og medarbejdere, der er direkte involveret i behandlingen og h\u00e5ndteringen af din behandlingsanmodning, kan konsultere dine data. Dette omfatter blandt andet: triagesygeplejersken (kvalificeret l\u00e6geassistent), som du har telefonisk kontakt\/modtager dig ved skranken, og&nbsp;den praktiserende l\u00e6ge eller anden sundhedsplejerske, der behandler dig. De vil kun konsultere din journal i det omfang, det er n\u00f8dvendigt for din behandling.<\/p>\n\n\n\n<p>I tilf\u00e6lde af behandling af en klage kan det v\u00e6re n\u00f8dvendigt for klagemedarbejderen og lederen af den praktiserende l\u00e6ges skadestuestation Midden-Holland (HAP MH) at inspicere din fil og muligvis optagelser af telefonsamtaler og\/eller kamerabilleder. Du giver s\u00e6rskilt tilladelse til dette.<\/p>\n\n\n\n<h2 class=\"wp-block-heading\">6. Videregivelse af dine personoplysninger til tredjeparter<\/h2>\n\n\n\n<p>Medarbejderne i vores organisation har pligt til at behandle dine personoplysninger fortroligt. Det betyder f.eks., at dit udtrykkelige samtykke er p\u00e5kr\u00e6vet for overf\u00f8rsel af dine personoplysninger til tredjepart. Der er dog nogle undtagelser fra denne regel. Sundhedsudbyderens tavshedspligt kan p\u00e5 grundlag af en lovbestemmelse brydes, f.eks&nbsp;. hvis der er frygt for alvorlig fare for dit eller andres helbred. Derudover kan&nbsp;data udveksles, mundtligt, skriftligt eller digitalt med andre sundhedsudbydere, der er involveret i din behandling. Det kan fx v\u00e6re hos ambulancetjenesten, skadestuen, en specialist p\u00e5 det hospital, du er henvist til, eller apoteket, der behandler en recept fra dig for at kunne levere den rigtige medicin til dig.<\/p>\n\n\n\n<h2 class=\"wp-block-heading\">7. Udveksling af oplysninger<\/h2>\n\n\n\n<p>For at yde den bedst mulige&nbsp;patientbehandling kan de vigtigste data fra din l\u00e6gejournal hos din egen praktiserende l\u00e6ge og apotek ses af triagesygeplejersken og den vagthavende l\u00e6ge p\u00e5 den praktiserende l\u00e6ges l\u00e6gestation (via det nationale udvekslingspunkt). Disse data kan kun anmodes om af os, hvis du har givet tilladelse til din egen praktiserende l\u00e6ge og apotek.<\/p>\n\n\n\n<p>Hvis du har haft telefonisk kontakt med os, hvis du har v\u00e6ret hos den praktiserende l\u00e6ge, eller hvis du har v\u00e6ret hjemmebes\u00f8gt af den praktiserende l\u00e6ge, vil en oversigt over denne kontakt og den leverede pleje blive sendt (digitalt) til din egen praktiserende l\u00e6ge. Dette giver din egen praktiserende l\u00e6ge mulighed for at kende \u00e5rsagen til at kontakte den praktiserende l\u00e6ge, hvilken pleje der er ydet som f\u00f8lge heraf, og hvilke aftaler der er indg\u00e5et.<\/p>\n\n\n\n<h2 class=\"wp-block-heading\">8. Sikkerhedsforanstaltninger<\/h2>\n\n\n\n<p>Vi har truffet flere organisatoriske og tekniske sikkerhedsforanstaltninger for at beskytte dine data. P\u00e5 denne m\u00e5de bliver alle medarbejdere informeret og gjort opm\u00e6rksomme p\u00e5 dine datas f\u00f8lsomhed over for privatlivets fred, og hvordan de skal h\u00e5ndteres omhyggeligt og under streng fortrolighed. Derudover er vores computersystemer og netv\u00e6rksforbindelser beskyttet&nbsp;mod uautoriseret adgang. Hvis tredjeparter p\u00e5 trods af disse foranstaltninger f\u00e5r uautoriseret adgang til dine data, vil vi rapportere dette til den hollandske databeskyttelsesmyndighed.<\/p>\n\n\n\n<h2 class=\"wp-block-heading\">9. Dine rettigheder<\/h2>\n\n\n\n<p>Du har ret til at f\u00e5 indsigt i dine data. Hvis det viser sig, at data om dig er forkerte, har du ret til at f\u00e5 dem rettet, suppleret eller slettet af os. Det kan v\u00e6re, at det ikke er muligt (fuldt ud) at efterkomme en anmodning, f.eks. hvis din adgang f\u00f8rer til en kr\u00e6nkelse af andres privatliv, eller hvis sletning af data betyder, at du ikke kan blive passet ordentligt p\u00e5. Hvis du \u00f8nsker at g\u00f8re brug af dine rettigheder, kan du tilkendegive dette mundtligt eller skriftligt ved hj\u00e6lp af nedenst\u00e5ende kontaktoplysninger. Dine interesser kan ogs\u00e5 repr\u00e6senteres af en repr\u00e6sentant (f.eks. en skriftlig repr\u00e6sentant eller din kurator eller mentor).<\/p>\n\n\n\n<h2 class=\"wp-block-heading\">10. Sp\u00f8rgsm\u00e5l om klage<\/h2>\n\n\n\n<p>Hvis du har en klage over den m\u00e5de, hvorp\u00e5 vi h\u00e5ndterer dine data, bedes du kontakte vores databeskyttelsesr\u00e5dgiver ved hj\u00e6lp af&nbsp;kontaktoplysningerne nedenfor.Hvis&nbsp;du ikke kan l\u00f8se sagen med vores databeskyttelsesansvarlige, har du ret til at indgive en klage til den hollandske databeskyttelsesmyndighed.<\/p>\n\n\n\n<h2 class=\"wp-block-heading\">11. Kontaktoplysninger<\/h2>\n\n\n\n<p>Huisartsenspoedpost Midden-Holland (HAP MH) Midden-Holland<br>att.&nbsp;Databeskyttelsesr\u00e5dgiver: PWA Schel, Stichting Privacyzorg&nbsp;<strong>:<\/strong>&nbsp;<br>Postboks 123<br>2800 AC Gouda<br>Tlf.: 0182-322478<br>E-mail:&nbsp;&nbsp;Huisartsenspoedpost Midden-Holland (HAP MH) <\/p>\n\n\n\n<p><\/p>\n","protected":false},"excerpt":{"rendered":"<p>1. Generelt For at kunne yde god akut l\u00e6gehj\u00e6lp registrerer&nbsp;vi oplysninger om dig,&nbsp;hvilket vi g\u00f8r i overensstemmelse med databeskyttelsesforordningen (GDPR).&nbsp;Ud over denne generelle lov er der specifikke regler for privatlivets fred i sundhedsv\u00e6senet,&nbsp;som er fastsat i lov om aftaler om l\u00e6gebehandling (WGBO).&nbsp;Denne privatlivspolitik har til form\u00e5l at informere dig om dine rettigheder og vores forpligtelser, [&hellip;]<\/p>\n","protected":false},"author":3,"featured_media":0,"parent":0,"menu_order":0,"comment_status":"closed","ping_status":"closed","template":"","meta":{"_acf_changed":false,"_trash_the_other_posts":false,"editor_notices":[],"footnotes":""},"class_list":["post-54145","page","type-page","status-publish","hentry"],"acf":[],"yoast_head":"<!-- This site is optimized with the Yoast SEO plugin v26.6 - https:\/\/yoast.com\/wordpress\/plugins\/seo\/ -->\n<title>Politik om beskyttelse af personlige oplysninger Praktiserende l\u00e6ge Emergency Station Midden-Holland (HAP MH) Midden-Holland - Huisartsen Spoedpost Midden-Holland - Dansk<\/title>\n<meta name=\"robots\" content=\"index, follow, max-snippet:-1, max-image-preview:large, max-video-preview:-1\" \/>\n<link rel=\"canonical\" href=\"https:\/\/huisartsenspoedpostmiddenholland.nl\/da\/privatliv\/\" \/>\n<meta property=\"og:locale\" content=\"da_DK\" \/>\n<meta property=\"og:type\" content=\"article\" \/>\n<meta property=\"og:title\" content=\"Politik om beskyttelse af personlige oplysninger Praktiserende l\u00e6ge Emergency Station Midden-Holland (HAP MH) Midden-Holland - Huisartsen Spoedpost Midden-Holland - Dansk\" \/>\n<meta property=\"og:description\" content=\"1. Generelt For at kunne yde god akut l\u00e6gehj\u00e6lp registrerer&nbsp;vi oplysninger om dig,&nbsp;hvilket vi g\u00f8r i overensstemmelse med databeskyttelsesforordningen (GDPR).&nbsp;Ud over denne generelle lov er der specifikke regler for privatlivets fred i sundhedsv\u00e6senet,&nbsp;som er fastsat i lov om aftaler om l\u00e6gebehandling (WGBO).&nbsp;Denne privatlivspolitik har til form\u00e5l at informere dig om dine rettigheder og vores forpligtelser, [&hellip;]\" \/>\n<meta property=\"og:url\" content=\"https:\/\/huisartsenspoedpostmiddenholland.nl\/da\/privatliv\/\" \/>\n<meta property=\"og:site_name\" content=\"Huisartsen Spoedpost Midden-Holland - Dansk\" \/>\n<meta property=\"article:modified_time\" content=\"2025-09-12T12:41:17+00:00\" \/>\n<meta name=\"twitter:card\" content=\"summary_large_image\" \/>\n<meta name=\"twitter:label1\" content=\"Estimeret l\u00e6setid\" \/>\n\t<meta name=\"twitter:data1\" content=\"5 minutter\" \/>\n<script type=\"application\/ld+json\" class=\"yoast-schema-graph\">{\"@context\":\"https:\/\/schema.org\",\"@graph\":[{\"@type\":\"WebPage\",\"@id\":\"https:\/\/huisartsenspoedpostmiddenholland.nl\/da\/privatliv\/\",\"url\":\"https:\/\/huisartsenspoedpostmiddenholland.nl\/da\/privatliv\/\",\"name\":\"Politik om beskyttelse af personlige oplysninger Praktiserende l\u00e6ge Emergency Station Midden-Holland (HAP MH) Midden-Holland - Huisartsen Spoedpost Midden-Holland - Dansk\",\"isPartOf\":{\"@id\":\"https:\/\/huisartsenspoedpostmiddenholland.nl\/da\/#website\"},\"datePublished\":\"2025-08-08T07:43:06+00:00\",\"dateModified\":\"2025-09-12T12:41:17+00:00\",\"breadcrumb\":{\"@id\":\"https:\/\/huisartsenspoedpostmiddenholland.nl\/da\/privatliv\/#breadcrumb\"},\"inLanguage\":\"da-DK\",\"potentialAction\":[{\"@type\":\"ReadAction\",\"target\":[\"https:\/\/huisartsenspoedpostmiddenholland.nl\/da\/privatliv\/\"]}]},{\"@type\":\"BreadcrumbList\",\"@id\":\"https:\/\/huisartsenspoedpostmiddenholland.nl\/da\/privatliv\/#breadcrumb\",\"itemListElement\":[{\"@type\":\"ListItem\",\"position\":1,\"name\":\"Home\",\"item\":\"https:\/\/huisartsenspoedpostmiddenholland.nl\/da\/\"},{\"@type\":\"ListItem\",\"position\":2,\"name\":\"Politik om beskyttelse af personlige oplysninger Praktiserende l\u00e6ge Emergency Station Midden-Holland (HAP MH) Midden-Holland\"}]},{\"@type\":\"WebSite\",\"@id\":\"https:\/\/huisartsenspoedpostmiddenholland.nl\/da\/#website\",\"url\":\"https:\/\/huisartsenspoedpostmiddenholland.nl\/da\/\",\"name\":\"Huisartsen Spoedpost Midden-Holland - Dansk\",\"description\":\"\",\"potentialAction\":[{\"@type\":\"SearchAction\",\"target\":{\"@type\":\"EntryPoint\",\"urlTemplate\":\"https:\/\/huisartsenspoedpostmiddenholland.nl\/da\/?s={search_term_string}\"},\"query-input\":{\"@type\":\"PropertyValueSpecification\",\"valueRequired\":true,\"valueName\":\"search_term_string\"}}],\"inLanguage\":\"da-DK\"}]}<\/script>\n<!-- \/ Yoast SEO plugin. -->","yoast_head_json":{"title":"Politik om beskyttelse af personlige oplysninger Praktiserende l\u00e6ge Emergency Station Midden-Holland (HAP MH) Midden-Holland - Huisartsen Spoedpost Midden-Holland - Dansk","robots":{"index":"index","follow":"follow","max-snippet":"max-snippet:-1","max-image-preview":"max-image-preview:large","max-video-preview":"max-video-preview:-1"},"canonical":"https:\/\/huisartsenspoedpostmiddenholland.nl\/da\/privatliv\/","og_locale":"da_DK","og_type":"article","og_title":"Politik om beskyttelse af personlige oplysninger Praktiserende l\u00e6ge Emergency Station Midden-Holland (HAP MH) Midden-Holland - Huisartsen Spoedpost Midden-Holland - Dansk","og_description":"1. Generelt For at kunne yde god akut l\u00e6gehj\u00e6lp registrerer&nbsp;vi oplysninger om dig,&nbsp;hvilket vi g\u00f8r i overensstemmelse med databeskyttelsesforordningen (GDPR).&nbsp;Ud over denne generelle lov er der specifikke regler for privatlivets fred i sundhedsv\u00e6senet,&nbsp;som er fastsat i lov om aftaler om l\u00e6gebehandling (WGBO).&nbsp;Denne privatlivspolitik har til form\u00e5l at informere dig om dine rettigheder og vores forpligtelser, [&hellip;]","og_url":"https:\/\/huisartsenspoedpostmiddenholland.nl\/da\/privatliv\/","og_site_name":"Huisartsen Spoedpost Midden-Holland - Dansk","article_modified_time":"2025-09-12T12:41:17+00:00","twitter_card":"summary_large_image","twitter_misc":{"Estimeret l\u00e6setid":"5 minutter"},"schema":{"@context":"https:\/\/schema.org","@graph":[{"@type":"WebPage","@id":"https:\/\/huisartsenspoedpostmiddenholland.nl\/da\/privatliv\/","url":"https:\/\/huisartsenspoedpostmiddenholland.nl\/da\/privatliv\/","name":"Politik om beskyttelse af personlige oplysninger Praktiserende l\u00e6ge Emergency Station Midden-Holland (HAP MH) Midden-Holland - Huisartsen Spoedpost Midden-Holland - Dansk","isPartOf":{"@id":"https:\/\/huisartsenspoedpostmiddenholland.nl\/da\/#website"},"datePublished":"2025-08-08T07:43:06+00:00","dateModified":"2025-09-12T12:41:17+00:00","breadcrumb":{"@id":"https:\/\/huisartsenspoedpostmiddenholland.nl\/da\/privatliv\/#breadcrumb"},"inLanguage":"da-DK","potentialAction":[{"@type":"ReadAction","target":["https:\/\/huisartsenspoedpostmiddenholland.nl\/da\/privatliv\/"]}]},{"@type":"BreadcrumbList","@id":"https:\/\/huisartsenspoedpostmiddenholland.nl\/da\/privatliv\/#breadcrumb","itemListElement":[{"@type":"ListItem","position":1,"name":"Home","item":"https:\/\/huisartsenspoedpostmiddenholland.nl\/da\/"},{"@type":"ListItem","position":2,"name":"Politik om beskyttelse af personlige oplysninger Praktiserende l\u00e6ge Emergency Station Midden-Holland (HAP MH) Midden-Holland"}]},{"@type":"WebSite","@id":"https:\/\/huisartsenspoedpostmiddenholland.nl\/da\/#website","url":"https:\/\/huisartsenspoedpostmiddenholland.nl\/da\/","name":"Huisartsen Spoedpost Midden-Holland - Dansk","description":"","potentialAction":[{"@type":"SearchAction","target":{"@type":"EntryPoint","urlTemplate":"https:\/\/huisartsenspoedpostmiddenholland.nl\/da\/?s={search_term_string}"},"query-input":{"@type":"PropertyValueSpecification","valueRequired":true,"valueName":"search_term_string"}}],"inLanguage":"da-DK"}]}},"_links":{"self":[{"href":"https:\/\/huisartsenspoedpostmiddenholland.nl\/da\/wp-json\/wp\/v2\/pages\/54145","targetHints":{"allow":["GET"]}}],"collection":[{"href":"https:\/\/huisartsenspoedpostmiddenholland.nl\/da\/wp-json\/wp\/v2\/pages"}],"about":[{"href":"https:\/\/huisartsenspoedpostmiddenholland.nl\/da\/wp-json\/wp\/v2\/types\/page"}],"author":[{"embeddable":true,"href":"https:\/\/huisartsenspoedpostmiddenholland.nl\/da\/wp-json\/wp\/v2\/users\/3"}],"replies":[{"embeddable":true,"href":"https:\/\/huisartsenspoedpostmiddenholland.nl\/da\/wp-json\/wp\/v2\/comments?post=54145"}],"version-history":[{"count":3,"href":"https:\/\/huisartsenspoedpostmiddenholland.nl\/da\/wp-json\/wp\/v2\/pages\/54145\/revisions"}],"predecessor-version":[{"id":55063,"href":"https:\/\/huisartsenspoedpostmiddenholland.nl\/da\/wp-json\/wp\/v2\/pages\/54145\/revisions\/55063"}],"wp:attachment":[{"href":"https:\/\/huisartsenspoedpostmiddenholland.nl\/da\/wp-json\/wp\/v2\/media?parent=54145"}],"curies":[{"name":"wp","href":"https:\/\/api.w.org\/{rel}","templated":true}]}}