{"id":54142,"date":"2025-08-08T09:38:53","date_gmt":"2025-08-08T07:38:53","guid":{"rendered":"https:\/\/hapmh.mindd.dev\/?page_id=54142"},"modified":"2025-09-12T14:41:21","modified_gmt":"2025-09-12T12:41:21","slug":"akutapotek-midden-holland","status":"publish","type":"page","link":"https:\/\/huisartsenspoedpostmiddenholland.nl\/da\/akutapotek-midden-holland\/","title":{"rendered":"Akutapotek Midden-Holland"},"content":{"rendered":"\n<p>Hvis den vagthavende praktiserende l\u00e6ge har ordineret medicin, kan du afhente den p\u00e5 Emergency Pharmacy Midden-Holland (SAP). Dette apotek ligger ved siden af l\u00e6gevagten og skadestuen.<\/p>\n\n\n\n<p>SAP yder akut farmaceutisk behandling og er \u00e5ben p\u00e5 f\u00f8lgende tidspunkter:<\/p>\n\n\n\n<ul class=\"wp-block-list\">\n<li>Mandag til fredag: 17:30 \u2013 8:00<\/li>\n\n\n\n<li>L\u00f8rdag og s\u00f8ndag: 24 timer<\/li>\n\n\n\n<li>Helligdage: 24 timer<\/li>\n<\/ul>\n\n\n\n<p>Ring p\u00e5 0182 &#8211; 698 820 eller bes\u00f8g hjemmesiden for mere information: <a href=\"http:\/\/www.sap-mh.nl\/\" target=\"_blank\" rel=\"noreferrer noopener\">www.sap-mh.nl<\/a><\/p>\n\n\n\n<p><\/p>\n","protected":false},"excerpt":{"rendered":"<p>Hvis den vagthavende praktiserende l\u00e6ge har ordineret medicin, kan du afhente den p\u00e5 Emergency Pharmacy Midden-Holland (SAP). Dette apotek ligger ved siden af l\u00e6gevagten og skadestuen. SAP yder akut farmaceutisk behandling og er \u00e5ben p\u00e5 f\u00f8lgende tidspunkter: Ring p\u00e5 0182 &#8211; 698 820 eller bes\u00f8g hjemmesiden for mere information: www.sap-mh.nl<\/p>\n","protected":false},"author":3,"featured_media":0,"parent":0,"menu_order":0,"comment_status":"closed","ping_status":"closed","template":"","meta":{"_acf_changed":false,"_trash_the_other_posts":false,"editor_notices":[],"footnotes":""},"class_list":["post-54142","page","type-page","status-publish","hentry"],"acf":[],"yoast_head":"<!-- This site is optimized with the Yoast SEO plugin v26.6 - https:\/\/yoast.com\/wordpress\/plugins\/seo\/ -->\n<title>Akutapotek Midden-Holland - Huisartsen Spoedpost Midden-Holland - Dansk<\/title>\n<meta name=\"robots\" content=\"index, follow, max-snippet:-1, max-image-preview:large, max-video-preview:-1\" \/>\n<link rel=\"canonical\" href=\"https:\/\/huisartsenspoedpostmiddenholland.nl\/da\/akutapotek-midden-holland\/\" \/>\n<meta property=\"og:locale\" content=\"da_DK\" \/>\n<meta property=\"og:type\" content=\"article\" \/>\n<meta property=\"og:title\" content=\"Akutapotek Midden-Holland - Huisartsen Spoedpost Midden-Holland - Dansk\" \/>\n<meta property=\"og:description\" content=\"Hvis den vagthavende praktiserende l\u00e6ge har ordineret medicin, kan du afhente den p\u00e5 Emergency Pharmacy Midden-Holland (SAP). Dette apotek ligger ved siden af l\u00e6gevagten og skadestuen. SAP yder akut farmaceutisk behandling og er \u00e5ben p\u00e5 f\u00f8lgende tidspunkter: Ring p\u00e5 0182 &#8211; 698 820 eller bes\u00f8g hjemmesiden for mere information: www.sap-mh.nl\" \/>\n<meta property=\"og:url\" content=\"https:\/\/huisartsenspoedpostmiddenholland.nl\/da\/akutapotek-midden-holland\/\" \/>\n<meta property=\"og:site_name\" content=\"Huisartsen Spoedpost Midden-Holland - Dansk\" \/>\n<meta property=\"article:modified_time\" content=\"2025-09-12T12:41:21+00:00\" \/>\n<meta name=\"twitter:card\" content=\"summary_large_image\" \/>\n<meta name=\"twitter:label1\" content=\"Estimeret l\u00e6setid\" \/>\n\t<meta name=\"twitter:data1\" content=\"1 minut\" \/>\n<script type=\"application\/ld+json\" class=\"yoast-schema-graph\">{\"@context\":\"https:\/\/schema.org\",\"@graph\":[{\"@type\":\"WebPage\",\"@id\":\"https:\/\/huisartsenspoedpostmiddenholland.nl\/da\/akutapotek-midden-holland\/\",\"url\":\"https:\/\/huisartsenspoedpostmiddenholland.nl\/da\/akutapotek-midden-holland\/\",\"name\":\"Akutapotek Midden-Holland - Huisartsen Spoedpost Midden-Holland - Dansk\",\"isPartOf\":{\"@id\":\"https:\/\/huisartsenspoedpostmiddenholland.nl\/da\/#website\"},\"datePublished\":\"2025-08-08T07:38:53+00:00\",\"dateModified\":\"2025-09-12T12:41:21+00:00\",\"breadcrumb\":{\"@id\":\"https:\/\/huisartsenspoedpostmiddenholland.nl\/da\/akutapotek-midden-holland\/#breadcrumb\"},\"inLanguage\":\"da-DK\",\"potentialAction\":[{\"@type\":\"ReadAction\",\"target\":[\"https:\/\/huisartsenspoedpostmiddenholland.nl\/da\/akutapotek-midden-holland\/\"]}]},{\"@type\":\"BreadcrumbList\",\"@id\":\"https:\/\/huisartsenspoedpostmiddenholland.nl\/da\/akutapotek-midden-holland\/#breadcrumb\",\"itemListElement\":[{\"@type\":\"ListItem\",\"position\":1,\"name\":\"Home\",\"item\":\"https:\/\/huisartsenspoedpostmiddenholland.nl\/da\/\"},{\"@type\":\"ListItem\",\"position\":2,\"name\":\"Akutapotek Midden-Holland\"}]},{\"@type\":\"WebSite\",\"@id\":\"https:\/\/huisartsenspoedpostmiddenholland.nl\/da\/#website\",\"url\":\"https:\/\/huisartsenspoedpostmiddenholland.nl\/da\/\",\"name\":\"Huisartsen Spoedpost Midden-Holland - Dansk\",\"description\":\"\",\"potentialAction\":[{\"@type\":\"SearchAction\",\"target\":{\"@type\":\"EntryPoint\",\"urlTemplate\":\"https:\/\/huisartsenspoedpostmiddenholland.nl\/da\/?s={search_term_string}\"},\"query-input\":{\"@type\":\"PropertyValueSpecification\",\"valueRequired\":true,\"valueName\":\"search_term_string\"}}],\"inLanguage\":\"da-DK\"}]}<\/script>\n<!-- \/ Yoast SEO plugin. -->","yoast_head_json":{"title":"Akutapotek Midden-Holland - Huisartsen Spoedpost Midden-Holland - Dansk","robots":{"index":"index","follow":"follow","max-snippet":"max-snippet:-1","max-image-preview":"max-image-preview:large","max-video-preview":"max-video-preview:-1"},"canonical":"https:\/\/huisartsenspoedpostmiddenholland.nl\/da\/akutapotek-midden-holland\/","og_locale":"da_DK","og_type":"article","og_title":"Akutapotek Midden-Holland - Huisartsen Spoedpost Midden-Holland - Dansk","og_description":"Hvis den vagthavende praktiserende l\u00e6ge har ordineret medicin, kan du afhente den p\u00e5 Emergency Pharmacy Midden-Holland (SAP). Dette apotek ligger ved siden af l\u00e6gevagten og skadestuen. SAP yder akut farmaceutisk behandling og er \u00e5ben p\u00e5 f\u00f8lgende tidspunkter: Ring p\u00e5 0182 &#8211; 698 820 eller bes\u00f8g hjemmesiden for mere information: www.sap-mh.nl","og_url":"https:\/\/huisartsenspoedpostmiddenholland.nl\/da\/akutapotek-midden-holland\/","og_site_name":"Huisartsen Spoedpost Midden-Holland - Dansk","article_modified_time":"2025-09-12T12:41:21+00:00","twitter_card":"summary_large_image","twitter_misc":{"Estimeret l\u00e6setid":"1 minut"},"schema":{"@context":"https:\/\/schema.org","@graph":[{"@type":"WebPage","@id":"https:\/\/huisartsenspoedpostmiddenholland.nl\/da\/akutapotek-midden-holland\/","url":"https:\/\/huisartsenspoedpostmiddenholland.nl\/da\/akutapotek-midden-holland\/","name":"Akutapotek Midden-Holland - Huisartsen Spoedpost Midden-Holland - Dansk","isPartOf":{"@id":"https:\/\/huisartsenspoedpostmiddenholland.nl\/da\/#website"},"datePublished":"2025-08-08T07:38:53+00:00","dateModified":"2025-09-12T12:41:21+00:00","breadcrumb":{"@id":"https:\/\/huisartsenspoedpostmiddenholland.nl\/da\/akutapotek-midden-holland\/#breadcrumb"},"inLanguage":"da-DK","potentialAction":[{"@type":"ReadAction","target":["https:\/\/huisartsenspoedpostmiddenholland.nl\/da\/akutapotek-midden-holland\/"]}]},{"@type":"BreadcrumbList","@id":"https:\/\/huisartsenspoedpostmiddenholland.nl\/da\/akutapotek-midden-holland\/#breadcrumb","itemListElement":[{"@type":"ListItem","position":1,"name":"Home","item":"https:\/\/huisartsenspoedpostmiddenholland.nl\/da\/"},{"@type":"ListItem","position":2,"name":"Akutapotek Midden-Holland"}]},{"@type":"WebSite","@id":"https:\/\/huisartsenspoedpostmiddenholland.nl\/da\/#website","url":"https:\/\/huisartsenspoedpostmiddenholland.nl\/da\/","name":"Huisartsen Spoedpost Midden-Holland - Dansk","description":"","potentialAction":[{"@type":"SearchAction","target":{"@type":"EntryPoint","urlTemplate":"https:\/\/huisartsenspoedpostmiddenholland.nl\/da\/?s={search_term_string}"},"query-input":{"@type":"PropertyValueSpecification","valueRequired":true,"valueName":"search_term_string"}}],"inLanguage":"da-DK"}]}},"_links":{"self":[{"href":"https:\/\/huisartsenspoedpostmiddenholland.nl\/da\/wp-json\/wp\/v2\/pages\/54142","targetHints":{"allow":["GET"]}}],"collection":[{"href":"https:\/\/huisartsenspoedpostmiddenholland.nl\/da\/wp-json\/wp\/v2\/pages"}],"about":[{"href":"https:\/\/huisartsenspoedpostmiddenholland.nl\/da\/wp-json\/wp\/v2\/types\/page"}],"author":[{"embeddable":true,"href":"https:\/\/huisartsenspoedpostmiddenholland.nl\/da\/wp-json\/wp\/v2\/users\/3"}],"replies":[{"embeddable":true,"href":"https:\/\/huisartsenspoedpostmiddenholland.nl\/da\/wp-json\/wp\/v2\/comments?post=54142"}],"version-history":[{"count":3,"href":"https:\/\/huisartsenspoedpostmiddenholland.nl\/da\/wp-json\/wp\/v2\/pages\/54142\/revisions"}],"predecessor-version":[{"id":55064,"href":"https:\/\/huisartsenspoedpostmiddenholland.nl\/da\/wp-json\/wp\/v2\/pages\/54142\/revisions\/55064"}],"wp:attachment":[{"href":"https:\/\/huisartsenspoedpostmiddenholland.nl\/da\/wp-json\/wp\/v2\/media?parent=54142"}],"curies":[{"name":"wp","href":"https:\/\/api.w.org\/{rel}","templated":true}]}}