{"id":54139,"date":"2025-08-08T09:37:53","date_gmt":"2025-08-08T07:37:53","guid":{"rendered":"https:\/\/hapmh.mindd.dev\/?page_id=54139"},"modified":"2025-09-12T17:23:55","modified_gmt":"2025-09-12T15:23:55","slug":"procedure","status":"publish","type":"page","link":"https:\/\/huisartsenspoedpostmiddenholland.nl\/da\/procedure\/","title":{"rendered":"Procedure"},"content":{"rendered":"\n<h2 class=\"wp-block-heading\">Hvordan fungerer GP Medical Station?<\/h2>\n\n\n\n<p>Central Holland&nbsp;GP Emergency Station er der for akut praktiserende l\u00e6ge uden for din egen l\u00e6ges praksistid. S\u00e5 om aftenen, natten, weekenden og p\u00e5 helligdage. Som udgangspunkt arbejder din egen praktiserende l\u00e6ge i din egen praksis p\u00e5 hverdage fra kl. 08.00 om morgenen til kl. 17.00 om eftermiddagen. Hvis du har brug for akut hj\u00e6lp fra en praktiserende l\u00e6ge uden for disse tider, skal du ringe til den praktiserende l\u00e6ges l\u00e6gepost.<\/p>\n\n\n\n<p>Det er ikke muligt at komme til l\u00e6gestationen uden tidsbestilling. Hasteligt betyder, at plejen ikke kan vente til n\u00e6ste arbejdsdag hos din egen l\u00e6ge.<\/p>\n\n\n\n<h2 class=\"wp-block-heading\">Hvad har du brug for?<\/h2>\n\n\n\n<p>Hav de vigtigste data klar. Dette inkluderer dit BSN-nummer, f\u00f8dselsdato, navn, adresse og telefonnummer (dit eget eller den person, du ringer til). Hav ogs\u00e5 din medicin, ID og oplysninger om din l\u00e6ge og forsikringsselskab ved h\u00e5nden. Hvis feber er et af symptomerne, skal du s\u00f8rge for at have m\u00e5lt kropstemperaturen p\u00e5 forh\u00e5nd. Du kan derefter videregive dette med det samme, hvis du bliver bedt om det.<\/p>\n\n\n\n<h2 class=\"wp-block-heading\">Udfyld sp\u00f8rgsm\u00e5l p\u00e5 hjemmesiden for direkte r\u00e5dgivning<\/h2>\n\n\n\n<p>Du udfylder sp\u00f8rgsm\u00e5lene \u00f8verst p\u00e5 siden p\u00e5 denne hjemmeside. Du vil modtage \u00f8jeblikkelig r\u00e5dgivning. Dette kan v\u00e6re en betryggende besked om, at du kan vente, til din egen praktiserende l\u00e6ge er \u00e5ben igen. Eller at det er klogt at ringe 112 med det samme. Eller at vi gerne vil stille dig nogle flere sp\u00f8rgsm\u00e5l telefonisk for eventuelt at lave en tid til dig p\u00e5 L\u00e6geposten.<\/p>\n\n\n\n<h2 class=\"wp-block-heading\">Du ringer til den praktiserende l\u00e6ges alarmstation og hvad s\u00e5?<\/h2>\n\n\n\n<p>Hvis du ringer til L\u00e6geposten, f\u00e5r du en specialuddannet l\u00e6geassistent (triagist) p\u00e5 telefonen. For at vurdere graden af hastende karakter stiller triagesygeplejersken en r\u00e6kke sp\u00f8rgsm\u00e5l om de medicinske klager. Afh\u00e6ngigt af sv\u00e6rhedsgraden af dit sp\u00f8rgsm\u00e5l v\u00e6lger triagesygeplejersken en af f\u00f8lgende muligheder:<\/p>\n\n\n\n<ul class=\"wp-block-list\">\n<li>Hun giver r\u00e5d telefonisk<\/li>\n\n\n\n<li>Hun f\u00e5r den praktiserende l\u00e6ge til at ringe tilbage<\/li>\n\n\n\n<li>Hun bestiller tid til en konsultation p\u00e5 L\u00e6gestationen<\/li>\n\n\n\n<li>Hun laver en aftale om et hjemmebes\u00f8g.<\/li>\n\n\n\n<li>Hun vil henvise dig til en anden plejeudbyder<\/li>\n<\/ul>\n\n\n\n<p>Triagesygeplejersken i telefonen arbejder t\u00e6t sammen med de vagtende praktiserende l\u00e6ger. De praktiserende l\u00e6ger kontrollerer alle de r\u00e5d, der gives af triagesygeplejerskerne.<\/p>\n\n\n\n<h2 class=\"wp-block-heading\">D\u00f8ve og h\u00f8reh\u00e6mmede<\/h2>\n\n\n\n<p>D\u00f8ve, h\u00f8reh\u00e6mmede og talehandicappede ringer til alarmnummeret 0800-8112 for akut behandling med deres sms-telefon. Hvis der ikke er nogen n\u00f8dsituation, men der er brug for hj\u00e6lp, kan de ringe til 0900-1844.<\/p>\n\n\n\n<h2 class=\"wp-block-heading\">N\u00f8dnummer (sms-telefon) 0800 \u2013 8112<\/h2>\n\n\n\n<p>Alarmnummeret 0800-8112 kan n\u00e5s gratis med en sms-telefon, hvormed du kan informere alarmcentralen ved at skrive en besked. Denne besked sendes over telefonlinjen til overv\u00e5gningscentret. Der l\u00e6ser medarbejderen i kontrolrummet din rapport p\u00e5 sin sk\u00e6rm.<\/p>\n\n\n\n<h3 class=\"wp-block-heading\">Rapport\u00e9r straks:<\/h3>\n\n\n\n<ul class=\"wp-block-list\">\n<li>hvor du er;<\/li>\n\n\n\n<li>hvor hj\u00e6lpen skal hen;<\/li>\n\n\n\n<li>Hvilken beredskabstjeneste du har brug for: politi, brandv\u00e6sen eller ambulance.<\/li>\n<\/ul>\n\n\n\n<p>Medarbejderen p\u00e5 alarmcentralen vil derefter sende hj\u00e6lp med det samme. Hvis du akut har brug for hj\u00e6lp fra en praktiserende l\u00e6ge, og du stadig kan komme til L\u00e6geposten, beh\u00f8ver du ikke ringe p\u00e5 forh\u00e5nd.<\/p>\n\n\n\n<h2 class=\"wp-block-heading\">Hjemmebes\u00f8g<\/h2>\n\n\n\n<p>Hvis et bes\u00f8g p\u00e5 den praktiserende l\u00e6ges l\u00e6gestation ikke er l\u00e6geligt begrundet, vil triagesygeplejersken arrangere et hjemmebes\u00f8g hos dig. L\u00e6gen vil derefter blive k\u00f8rt til din adresse i en s\u00e6rlig officiel bil med en bes\u00f8gende assistent. Denne bil er udstyret med alt det n\u00f8dvendige udstyr til at yde n\u00f8dhj\u00e6lp. P\u00e5 grund af den direkte forbindelse til den praktiserende l\u00e6ges skadestation kan der altid tages kontakt til andre plejeudbydere, s\u00e5som ambulancetjenesten, i tilf\u00e6lde af akut behandling.<\/p>\n\n\n\n<p><strong>Bem\u00e6rk venligst:&nbsp;<\/strong>Ikke at have din egen transport er ikke en grund til et hjemmebes\u00f8g.<\/p>\n\n\n\n<h2 class=\"wp-block-heading\">Medicin<\/h2>\n\n\n\n<p>Hvis der er ordineret medicin, kan du g\u00e5 til serviceapoteket, se ogs\u00e5 under\u00a0\u00a0<a href=\"\/da\/akutapotek-midden-holland\/\">Apotek<\/a>\u00a0.<\/p>\n\n\n\n<h2 class=\"wp-block-heading\">Efter din kontakt med l\u00e6geposten<\/h2>\n\n\n\n<p>En rapport om kontakten vil blive sendt til din egen l\u00e6ge.\u00a0P\u00e5 den m\u00e5de ved din l\u00e6ge pr\u00e6cis, hvilken anmodning om hj\u00e6lp du har haft i kontakt med den praktiserende l\u00e6ges skadestue, og hvad behandlingen har v\u00e6ret.\u00a0Mere information kan findes under <a href=\"\/da\/privatliv\/\">privatlivspolitik<\/a>.<\/p>\n\n\n\n<p><\/p>\n","protected":false},"excerpt":{"rendered":"<p>Hvordan fungerer GP Medical Station? Central Holland&nbsp;GP Emergency Station er der for akut praktiserende l\u00e6ge uden for din egen l\u00e6ges praksistid. S\u00e5 om aftenen, natten, weekenden og p\u00e5 helligdage. Som udgangspunkt arbejder din egen praktiserende l\u00e6ge i din egen praksis p\u00e5 hverdage fra kl. 08.00 om morgenen til kl. 17.00 om eftermiddagen. Hvis du har [&hellip;]<\/p>\n","protected":false},"author":3,"featured_media":0,"parent":0,"menu_order":0,"comment_status":"closed","ping_status":"closed","template":"","meta":{"_acf_changed":false,"_trash_the_other_posts":false,"editor_notices":[],"footnotes":""},"class_list":["post-54139","page","type-page","status-publish","hentry"],"acf":[],"yoast_head":"<!-- This site is optimized with the Yoast SEO plugin v26.6 - https:\/\/yoast.com\/wordpress\/plugins\/seo\/ -->\n<title>Procedure - Huisartsen Spoedpost Midden-Holland - Dansk<\/title>\n<meta name=\"robots\" content=\"index, follow, max-snippet:-1, max-image-preview:large, max-video-preview:-1\" \/>\n<link rel=\"canonical\" href=\"https:\/\/huisartsenspoedpostmiddenholland.nl\/da\/procedure\/\" \/>\n<meta property=\"og:locale\" content=\"da_DK\" \/>\n<meta property=\"og:type\" content=\"article\" \/>\n<meta property=\"og:title\" content=\"Procedure - Huisartsen Spoedpost Midden-Holland - Dansk\" \/>\n<meta property=\"og:description\" content=\"Hvordan fungerer GP Medical Station? Central Holland&nbsp;GP Emergency Station er der for akut praktiserende l\u00e6ge uden for din egen l\u00e6ges praksistid. S\u00e5 om aftenen, natten, weekenden og p\u00e5 helligdage. Som udgangspunkt arbejder din egen praktiserende l\u00e6ge i din egen praksis p\u00e5 hverdage fra kl. 08.00 om morgenen til kl. 17.00 om eftermiddagen. Hvis du har [&hellip;]\" \/>\n<meta property=\"og:url\" content=\"https:\/\/huisartsenspoedpostmiddenholland.nl\/da\/procedure\/\" \/>\n<meta property=\"og:site_name\" content=\"Huisartsen Spoedpost Midden-Holland - Dansk\" \/>\n<meta property=\"article:modified_time\" content=\"2025-09-12T15:23:55+00:00\" \/>\n<meta name=\"twitter:card\" content=\"summary_large_image\" \/>\n<meta name=\"twitter:label1\" content=\"Estimeret l\u00e6setid\" \/>\n\t<meta name=\"twitter:data1\" content=\"4 minutter\" \/>\n<script type=\"application\/ld+json\" class=\"yoast-schema-graph\">{\"@context\":\"https:\/\/schema.org\",\"@graph\":[{\"@type\":\"WebPage\",\"@id\":\"https:\/\/huisartsenspoedpostmiddenholland.nl\/da\/procedure\/\",\"url\":\"https:\/\/huisartsenspoedpostmiddenholland.nl\/da\/procedure\/\",\"name\":\"Procedure - Huisartsen Spoedpost Midden-Holland - Dansk\",\"isPartOf\":{\"@id\":\"https:\/\/huisartsenspoedpostmiddenholland.nl\/da\/#website\"},\"datePublished\":\"2025-08-08T07:37:53+00:00\",\"dateModified\":\"2025-09-12T15:23:55+00:00\",\"breadcrumb\":{\"@id\":\"https:\/\/huisartsenspoedpostmiddenholland.nl\/da\/procedure\/#breadcrumb\"},\"inLanguage\":\"da-DK\",\"potentialAction\":[{\"@type\":\"ReadAction\",\"target\":[\"https:\/\/huisartsenspoedpostmiddenholland.nl\/da\/procedure\/\"]}]},{\"@type\":\"BreadcrumbList\",\"@id\":\"https:\/\/huisartsenspoedpostmiddenholland.nl\/da\/procedure\/#breadcrumb\",\"itemListElement\":[{\"@type\":\"ListItem\",\"position\":1,\"name\":\"Home\",\"item\":\"https:\/\/huisartsenspoedpostmiddenholland.nl\/da\/\"},{\"@type\":\"ListItem\",\"position\":2,\"name\":\"Procedure\"}]},{\"@type\":\"WebSite\",\"@id\":\"https:\/\/huisartsenspoedpostmiddenholland.nl\/da\/#website\",\"url\":\"https:\/\/huisartsenspoedpostmiddenholland.nl\/da\/\",\"name\":\"Huisartsen Spoedpost Midden-Holland - Dansk\",\"description\":\"\",\"potentialAction\":[{\"@type\":\"SearchAction\",\"target\":{\"@type\":\"EntryPoint\",\"urlTemplate\":\"https:\/\/huisartsenspoedpostmiddenholland.nl\/da\/?s={search_term_string}\"},\"query-input\":{\"@type\":\"PropertyValueSpecification\",\"valueRequired\":true,\"valueName\":\"search_term_string\"}}],\"inLanguage\":\"da-DK\"}]}<\/script>\n<!-- \/ Yoast SEO plugin. -->","yoast_head_json":{"title":"Procedure - Huisartsen Spoedpost Midden-Holland - Dansk","robots":{"index":"index","follow":"follow","max-snippet":"max-snippet:-1","max-image-preview":"max-image-preview:large","max-video-preview":"max-video-preview:-1"},"canonical":"https:\/\/huisartsenspoedpostmiddenholland.nl\/da\/procedure\/","og_locale":"da_DK","og_type":"article","og_title":"Procedure - Huisartsen Spoedpost Midden-Holland - Dansk","og_description":"Hvordan fungerer GP Medical Station? Central Holland&nbsp;GP Emergency Station er der for akut praktiserende l\u00e6ge uden for din egen l\u00e6ges praksistid. S\u00e5 om aftenen, natten, weekenden og p\u00e5 helligdage. Som udgangspunkt arbejder din egen praktiserende l\u00e6ge i din egen praksis p\u00e5 hverdage fra kl. 08.00 om morgenen til kl. 17.00 om eftermiddagen. Hvis du har [&hellip;]","og_url":"https:\/\/huisartsenspoedpostmiddenholland.nl\/da\/procedure\/","og_site_name":"Huisartsen Spoedpost Midden-Holland - Dansk","article_modified_time":"2025-09-12T15:23:55+00:00","twitter_card":"summary_large_image","twitter_misc":{"Estimeret l\u00e6setid":"4 minutter"},"schema":{"@context":"https:\/\/schema.org","@graph":[{"@type":"WebPage","@id":"https:\/\/huisartsenspoedpostmiddenholland.nl\/da\/procedure\/","url":"https:\/\/huisartsenspoedpostmiddenholland.nl\/da\/procedure\/","name":"Procedure - Huisartsen Spoedpost Midden-Holland - Dansk","isPartOf":{"@id":"https:\/\/huisartsenspoedpostmiddenholland.nl\/da\/#website"},"datePublished":"2025-08-08T07:37:53+00:00","dateModified":"2025-09-12T15:23:55+00:00","breadcrumb":{"@id":"https:\/\/huisartsenspoedpostmiddenholland.nl\/da\/procedure\/#breadcrumb"},"inLanguage":"da-DK","potentialAction":[{"@type":"ReadAction","target":["https:\/\/huisartsenspoedpostmiddenholland.nl\/da\/procedure\/"]}]},{"@type":"BreadcrumbList","@id":"https:\/\/huisartsenspoedpostmiddenholland.nl\/da\/procedure\/#breadcrumb","itemListElement":[{"@type":"ListItem","position":1,"name":"Home","item":"https:\/\/huisartsenspoedpostmiddenholland.nl\/da\/"},{"@type":"ListItem","position":2,"name":"Procedure"}]},{"@type":"WebSite","@id":"https:\/\/huisartsenspoedpostmiddenholland.nl\/da\/#website","url":"https:\/\/huisartsenspoedpostmiddenholland.nl\/da\/","name":"Huisartsen Spoedpost Midden-Holland - Dansk","description":"","potentialAction":[{"@type":"SearchAction","target":{"@type":"EntryPoint","urlTemplate":"https:\/\/huisartsenspoedpostmiddenholland.nl\/da\/?s={search_term_string}"},"query-input":{"@type":"PropertyValueSpecification","valueRequired":true,"valueName":"search_term_string"}}],"inLanguage":"da-DK"}]}},"_links":{"self":[{"href":"https:\/\/huisartsenspoedpostmiddenholland.nl\/da\/wp-json\/wp\/v2\/pages\/54139","targetHints":{"allow":["GET"]}}],"collection":[{"href":"https:\/\/huisartsenspoedpostmiddenholland.nl\/da\/wp-json\/wp\/v2\/pages"}],"about":[{"href":"https:\/\/huisartsenspoedpostmiddenholland.nl\/da\/wp-json\/wp\/v2\/types\/page"}],"author":[{"embeddable":true,"href":"https:\/\/huisartsenspoedpostmiddenholland.nl\/da\/wp-json\/wp\/v2\/users\/3"}],"replies":[{"embeddable":true,"href":"https:\/\/huisartsenspoedpostmiddenholland.nl\/da\/wp-json\/wp\/v2\/comments?post=54139"}],"version-history":[{"count":13,"href":"https:\/\/huisartsenspoedpostmiddenholland.nl\/da\/wp-json\/wp\/v2\/pages\/54139\/revisions"}],"predecessor-version":[{"id":55070,"href":"https:\/\/huisartsenspoedpostmiddenholland.nl\/da\/wp-json\/wp\/v2\/pages\/54139\/revisions\/55070"}],"wp:attachment":[{"href":"https:\/\/huisartsenspoedpostmiddenholland.nl\/da\/wp-json\/wp\/v2\/media?parent=54139"}],"curies":[{"name":"wp","href":"https:\/\/api.w.org\/{rel}","templated":true}]}}